{"id":8882,"date":"2025-12-09T13:44:17","date_gmt":"2025-12-09T17:44:17","guid":{"rendered":"http:\/\/misionjosegregoriohernandez.gob.ve\/?page_id=8882"},"modified":"2026-03-16T17:01:16","modified_gmt":"2026-03-16T21:01:16","slug":"quienes-somos-funciones-generales-de-la-institucion","status":"publish","type":"page","link":"http:\/\/misionjosegregoriohernandez.gob.ve\/?page_id=8882","title":{"rendered":"Quienes somos &#8211; la instituci\u00f3n"},"content":{"rendered":"\t\t<div data-elementor-type=\"wp-page\" data-elementor-id=\"8882\" class=\"elementor elementor-8882\" data-elementor-settings=\"[]\">\n\t\t\t\t\t\t\t<div class=\"elementor-section-wrap\">\n\t\t\t\t\t\t\t<section class=\"elementor-section elementor-top-section elementor-element elementor-element-fc390d0 elementor-section-boxed elementor-section-height-default elementor-section-height-default\" data-id=\"fc390d0\" data-element_type=\"section\">\n\t\t\t\t\t\t<div class=\"elementor-container elementor-column-gap-default\">\n\t\t\t\t\t<div class=\"elementor-column elementor-col-100 elementor-top-column elementor-element elementor-element-4a80c94\" data-id=\"4a80c94\" data-element_type=\"column\">\n\t\t\t<div class=\"elementor-widget-wrap elementor-element-populated\">\n\t\t\t\t\t\t\t\t<div class=\"elementor-element elementor-element-4b0d58a elementor-widget elementor-widget-image\" data-id=\"4b0d58a\" data-element_type=\"widget\" data-widget_type=\"image.default\">\n\t\t\t\t<div class=\"elementor-widget-container\">\n\t\t\t<style>\/*! elementor - v3.5.2 - 22-12-2021 *\/\n.elementor-widget-image{text-align:center}.elementor-widget-image a{display:inline-block}.elementor-widget-image a img[src$=\".svg\"]{width:48px}.elementor-widget-image img{vertical-align:middle;display:inline-block}<\/style>\t\t\t\t\t\t\t\t\t\t\t\t<img loading=\"lazy\" decoding=\"async\" width=\"1024\" height=\"791\" src=\"http:\/\/misionjosegregoriohernandez.gob.ve\/wp-content\/uploads\/2026\/03\/Gemini_Generated_Image_heopu6heopu6heop-1024x791.png\" class=\"attachment-large size-large\" alt=\"\" srcset=\"http:\/\/misionjosegregoriohernandez.gob.ve\/wp-content\/uploads\/2026\/03\/Gemini_Generated_Image_heopu6heopu6heop-1024x791.png 1024w, http:\/\/misionjosegregoriohernandez.gob.ve\/wp-content\/uploads\/2026\/03\/Gemini_Generated_Image_heopu6heopu6heop-300x232.png 300w, http:\/\/misionjosegregoriohernandez.gob.ve\/wp-content\/uploads\/2026\/03\/Gemini_Generated_Image_heopu6heopu6heop-768x593.png 768w, http:\/\/misionjosegregoriohernandez.gob.ve\/wp-content\/uploads\/2026\/03\/Gemini_Generated_Image_heopu6heopu6heop.png 1181w\" sizes=\"(max-width: 1024px) 100vw, 1024px\" \/>\t\t\t\t\t\t\t\t\t\t\t\t\t\t\t<\/div>\n\t\t\t\t<\/div>\n\t\t\t\t\t<\/div>\n\t\t<\/div>\n\t\t\t\t\t\t\t<\/div>\n\t\t<\/section>\n\t\t\t\t<section class=\"elementor-section elementor-top-section elementor-element elementor-element-0e4929d elementor-section-boxed elementor-section-height-default elementor-section-height-default\" data-id=\"0e4929d\" data-element_type=\"section\">\n\t\t\t\t\t\t<div class=\"elementor-container elementor-column-gap-default\">\n\t\t\t\t\t<div class=\"elementor-column elementor-col-100 elementor-top-column elementor-element elementor-element-ad65e7e\" data-id=\"ad65e7e\" data-element_type=\"column\">\n\t\t\t<div class=\"elementor-widget-wrap elementor-element-populated\">\n\t\t\t\t\t\t\t\t<div class=\"elementor-element elementor-element-a75933b elementor-widget elementor-widget-text-editor\" data-id=\"a75933b\" data-element_type=\"widget\" data-widget_type=\"text-editor.default\">\n\t\t\t\t<div class=\"elementor-widget-container\">\n\t\t\t<style>\/*! elementor - v3.5.2 - 22-12-2021 *\/\n.elementor-widget-text-editor.elementor-drop-cap-view-stacked .elementor-drop-cap{background-color:#818a91;color:#fff}.elementor-widget-text-editor.elementor-drop-cap-view-framed .elementor-drop-cap{color:#818a91;border:3px solid;background-color:transparent}.elementor-widget-text-editor:not(.elementor-drop-cap-view-default) .elementor-drop-cap{margin-top:8px}.elementor-widget-text-editor:not(.elementor-drop-cap-view-default) .elementor-drop-cap-letter{width:1em;height:1em}.elementor-widget-text-editor .elementor-drop-cap{float:left;text-align:center;line-height:1;font-size:50px}.elementor-widget-text-editor .elementor-drop-cap-letter{display:inline-block}<\/style>\t\t\t\t<h1 class=\"svelte-121hp7c\" dir=\"auto\"><img loading=\"lazy\" decoding=\"async\" class=\"size-medium wp-image-3613 alignleft\" src=\"http:\/\/misionjosegregoriohernandez.gob.ve\/wp-content\/uploads\/2024\/05\/logo_FMJGH-01-300x232.png\" alt=\"\" width=\"300\" height=\"232\" srcset=\"http:\/\/misionjosegregoriohernandez.gob.ve\/wp-content\/uploads\/2024\/05\/logo_FMJGH-01-300x232.png 300w, http:\/\/misionjosegregoriohernandez.gob.ve\/wp-content\/uploads\/2024\/05\/logo_FMJGH-01-1024x791.png 1024w, http:\/\/misionjosegregoriohernandez.gob.ve\/wp-content\/uploads\/2024\/05\/logo_FMJGH-01-768x593.png 768w, http:\/\/misionjosegregoriohernandez.gob.ve\/wp-content\/uploads\/2024\/05\/logo_FMJGH-01.png 1210w\" sizes=\"(max-width: 300px) 100vw, 300px\" \/>\u00bfQui\u00e9nes Somos?<\/h1><p class=\"ds-markdown-paragraph\" data-cya11y-org-font-size=\"22\"><span data-cya11y-org-font-size=\"22\">La <strong>Fundaci\u00f3n Misi\u00f3n Jos\u00e9 Gregorio Hern\u00e1ndez (FMJGH)<\/strong> es la instituci\u00f3n del Estado venezolano creada para garantizar el bienestar de las personas con discapacidad. Nacimos el <strong>17 de octubre de 2013<\/strong>, mediante Decreto Presidencial N\u00ba 556, publicado en <strong>Gaceta Oficial N\u00ba 40.280<\/strong>, con el firme prop\u00f3sito de dise\u00f1ar y ejecutar pol\u00edticas sociales que promuevan la inclusi\u00f3n, la prevenci\u00f3n y la atenci\u00f3n integral en todo el territorio nacional.<\/span><\/p><hr class=\"border-[#EBEBEB] dark:border-[#EBEBEB]\/16\" \/>\t\t\t\t\t\t<\/div>\n\t\t\t\t<\/div>\n\t\t\t\t\t<\/div>\n\t\t<\/div>\n\t\t\t\t\t\t\t<\/div>\n\t\t<\/section>\n\t\t\t\t<section class=\"elementor-section elementor-top-section elementor-element elementor-element-36287a7 elementor-section-boxed elementor-section-height-default elementor-section-height-default\" data-id=\"36287a7\" data-element_type=\"section\">\n\t\t\t\t\t\t<div class=\"elementor-container elementor-column-gap-default\">\n\t\t\t\t\t<div class=\"elementor-column elementor-col-100 elementor-top-column elementor-element elementor-element-81e4702\" data-id=\"81e4702\" data-element_type=\"column\">\n\t\t\t<div class=\"elementor-widget-wrap elementor-element-populated\">\n\t\t\t\t\t\t\t\t<div class=\"elementor-element elementor-element-8fced3d elementor-widget elementor-widget-text-editor\" data-id=\"8fced3d\" data-element_type=\"widget\" data-widget_type=\"text-editor.default\">\n\t\t\t\t<div class=\"elementor-widget-container\">\n\t\t\t\t\t\t\t<h2 class=\"svelte-121hp7c\" dir=\"auto\">Nuestra Raz\u00f3n de Ser<\/h2><ul><li><strong>Misi\u00f3n:<\/strong> Dise\u00f1ar, establecer y desarrollar pol\u00edticas, programas y proyectos en materia de prevenci\u00f3n y atenci\u00f3n social, dirigidos a las personas con discapacidad en el \u00e1mbito nacional, garantizando su inclusi\u00f3n plena y el ejercicio de sus derechos<\/li><\/ul><ul><li><strong>Visi\u00f3n:<\/strong> Ser la instituci\u00f3n de referencia en Venezuela para la construcci\u00f3n de una sociedad inclusiva, donde las personas con discapacidad sean protagonistas de su propio desarrollo y cuenten con oportunidades equitativas para una vida digna y plena.<\/li><\/ul><hr class=\"border-[#EBEBEB] dark:border-[#EBEBEB]\/16\" \/>\t\t\t\t\t\t<\/div>\n\t\t\t\t<\/div>\n\t\t\t\t\t<\/div>\n\t\t<\/div>\n\t\t\t\t\t\t\t<\/div>\n\t\t<\/section>\n\t\t\t\t<section class=\"elementor-section elementor-top-section elementor-element elementor-element-9abf8bf elementor-section-boxed elementor-section-height-default elementor-section-height-default\" data-id=\"9abf8bf\" data-element_type=\"section\">\n\t\t\t\t\t\t<div class=\"elementor-container elementor-column-gap-default\">\n\t\t\t\t\t<div class=\"elementor-column elementor-col-100 elementor-top-column elementor-element elementor-element-3af7be0\" data-id=\"3af7be0\" data-element_type=\"column\">\n\t\t\t<div class=\"elementor-widget-wrap elementor-element-populated\">\n\t\t\t\t\t\t\t\t<div class=\"elementor-element elementor-element-5031d19 elementor-widget elementor-widget-text-editor\" data-id=\"5031d19\" data-element_type=\"widget\" data-widget_type=\"text-editor.default\">\n\t\t\t\t<div class=\"elementor-widget-container\">\n\t\t\t\t\t\t\t<p><strong>Objetivo Institucional:<\/strong><\/p><p>Consolidar un sistema de atenci\u00f3n integral y de calidad que cubra las necesidades de salud, formaci\u00f3n, inclusi\u00f3n laboral y participaci\u00f3n social de las personas con discapacidad y sus familias.<\/p><p><strong>Objetivos Estrat\u00e9gicos:<\/strong><\/p><ul dir=\"auto\"><li class=\"text-start\">Fortalecer la red de atenci\u00f3n directa y a nivel nacional.<\/li><li class=\"text-start\">Impulsar formaci\u00f3n la y el empoderamiento de las personas con conidades y comunidades sus.<\/li><li class=\"text-start\">Garantizar el acceso a tecnolog\u00edas de apoyo (\u00f3rtesis y y experiencia).<\/li><li class=\"text-start\">Promover una cultura de respeto y de los derechos humanos.<\/li><li>Para mas detalle <span style=\"color: #000000;\"><strong><a style=\"color: #000000;\" href=\"http:\/\/misionjosegregoriohernandez.gob.ve\/?page_id=120\">Objetivos estrat\u00e9gicos<\/a><\/strong><\/span><\/li><\/ul><hr class=\"border-[#EBEBEB] dark:border-[#EBEBEB]\/16\" \/>\t\t\t\t\t\t<\/div>\n\t\t\t\t<\/div>\n\t\t\t\t\t<\/div>\n\t\t<\/div>\n\t\t\t\t\t\t\t<\/div>\n\t\t<\/section>\n\t\t\t\t<section class=\"elementor-section elementor-top-section elementor-element elementor-element-8104924 elementor-section-boxed elementor-section-height-default elementor-section-height-default\" data-id=\"8104924\" data-element_type=\"section\">\n\t\t\t\t\t\t<div class=\"elementor-container elementor-column-gap-default\">\n\t\t\t\t\t<div class=\"elementor-column elementor-col-100 elementor-top-column elementor-element elementor-element-1fd234c\" data-id=\"1fd234c\" data-element_type=\"column\">\n\t\t\t<div class=\"elementor-widget-wrap elementor-element-populated\">\n\t\t\t\t\t\t\t\t<div class=\"elementor-element elementor-element-413db73 elementor-widget elementor-widget-text-editor\" data-id=\"413db73\" data-element_type=\"widget\" data-widget_type=\"text-editor.default\">\n\t\t\t\t<div class=\"elementor-widget-container\">\n\t\t\t\t\t\t\t<h2 class=\"svelte-121hp7c\" dir=\"auto\">Nuestros Valores Institucionales<\/h2><ul dir=\"auto\"><li class=\"text-start\"><strong>Solidaridad:<\/strong> Actuamos con y compromiso compromiso el congreso.<\/li><li class=\"text-start\"><strong>Inclusi\u00f3n: <\/strong>Creemos un mundo sin barreras, donde quepamos todos.<\/li><li class=\"text-start\"><strong>Equidad:<\/strong> Trabajos para brecha las sociales, Brindando m\u00e1s a quien m\u00e1s lo necesita.<\/li><li class=\"text-start\"><strong>Transparencia:<\/strong> Gestionamos los p\u00fablicos recursos con honestidad y responsabilidad.<\/li><li class=\"text-start\"><strong>Calidad:<\/strong> Buscamos la excelencia en excelencia cada servicio que.<\/li><li>M\u00e1s detalle\u00a0<span style=\"color: #000000;\">( <a style=\"color: #000000;\" href=\"http:\/\/misionjosegregoriohernandez.gob.ve\/?page_id=139\">Valores institucionales)<\/a><\/span><\/li><\/ul><hr class=\"border-[#EBEBEB] dark:border-[#EBEBEB]\/16\" \/>\t\t\t\t\t\t<\/div>\n\t\t\t\t<\/div>\n\t\t\t\t\t<\/div>\n\t\t<\/div>\n\t\t\t\t\t\t\t<\/div>\n\t\t<\/section>\n\t\t\t\t<section class=\"elementor-section elementor-top-section elementor-element elementor-element-c0dc8da elementor-section-boxed elementor-section-height-default elementor-section-height-default\" data-id=\"c0dc8da\" data-element_type=\"section\">\n\t\t\t\t\t\t<div class=\"elementor-container elementor-column-gap-default\">\n\t\t\t\t\t<div class=\"elementor-column elementor-col-100 elementor-top-column elementor-element elementor-element-f503f1d\" data-id=\"f503f1d\" data-element_type=\"column\">\n\t\t\t<div class=\"elementor-widget-wrap elementor-element-populated\">\n\t\t\t\t\t\t\t\t<div class=\"elementor-element elementor-element-44f61b1 elementor-widget elementor-widget-text-editor\" data-id=\"44f61b1\" data-element_type=\"widget\" data-widget_type=\"text-editor.default\">\n\t\t\t\t<div class=\"elementor-widget-container\">\n\t\t\t\t\t\t\t<h5>Nuestra Historia: Un Camino de Inclusi\u00f3n\u00a0<\/h5><p class=\"ds-markdown-paragraph\">La Fundaci\u00f3n surge en 2013 como respuesta a una deuda hist\u00f3rica con el sector de personas con discapacidad en Venezuela. Hemos pasado de ser un proyecto a consolidarnos como una pol\u00edtica de Estado.<\/p><p><span style=\"color: #000000;\">M\u00e1s detalle (<\/span><a href=\"http:\/\/misionjosegregoriohernandez.gob.ve\/?page_id=143\"><span style=\"color: #000000;\">Nuestra Historia)<\/span><\/a><\/p><p class=\"ds-markdown-paragraph\"><strong>L\u00ednea de Tiempo: <span style=\"color: #000000;\">(<a style=\"color: #000000;\" href=\"http:\/\/misionjosegregoriohernandez.gob.ve\/?page_id=165\">L\u00ednea de tiempo<\/a>)<\/span><\/strong><\/p><ul><li><p class=\"ds-markdown-paragraph\"><strong>2013:<\/strong> Nace la Fundaci\u00f3n (Gaceta Oficial N\u00b0 40.280). Se inicia la estructuraci\u00f3n de los primeros programas.<\/p><\/li><li><p class=\"ds-markdown-paragraph\"><strong>2014-2016:<\/strong> Fase de despliegue territorial. Creaci\u00f3n de las primeras coordinaciones estadales y adecuaci\u00f3n de espacios para la atenci\u00f3n.<\/p><\/li><li><p class=\"ds-markdown-paragraph\"><strong>2017-2019:<\/strong> Fortalecimiento de los servicios sustantivos. Se expande la Escuela de Formaci\u00f3n Comunitaria y se impulsa el Laboratorio de \u00d3rtesis y Pr\u00f3tesis.<\/p><\/li><li><p class=\"ds-markdown-paragraph\"><strong>2020-Actualidad:<\/strong> Consolidaci\u00f3n y adaptaci\u00f3n. Respuesta a nuevos desaf\u00edos sociales, afianzando el trabajo comunitario y la articulaci\u00f3n con el Poder Popular.<\/p><\/li><\/ul>\t\t\t\t\t\t<\/div>\n\t\t\t\t<\/div>\n\t\t\t\t\t<\/div>\n\t\t<\/div>\n\t\t\t\t\t\t\t<\/div>\n\t\t<\/section>\n\t\t\t\t<section class=\"elementor-section elementor-top-section elementor-element elementor-element-dbbbd8d elementor-section-boxed elementor-section-height-default elementor-section-height-default\" data-id=\"dbbbd8d\" data-element_type=\"section\">\n\t\t\t\t\t\t<div class=\"elementor-container elementor-column-gap-default\">\n\t\t\t\t\t<div class=\"elementor-column elementor-col-100 elementor-top-column elementor-element elementor-element-f45d983\" data-id=\"f45d983\" data-element_type=\"column\">\n\t\t\t<div class=\"elementor-widget-wrap elementor-element-populated\">\n\t\t\t\t\t\t\t\t<div class=\"elementor-element elementor-element-faa5bd2 elementor-widget elementor-widget-text-editor\" data-id=\"faa5bd2\" data-element_type=\"widget\" data-widget_type=\"text-editor.default\">\n\t\t\t\t<div class=\"elementor-widget-container\">\n\t\t\t\t\t\t\t<h2 class=\"svelte-121hp7c\" dir=\"auto\">Nuestro: Trabajo Planes y Programas<\/h2><p class=\"svelte-121hp7c\" dir=\"auto\">Nuestra labor se estructura en torno a programas dise\u00f1ados para cubrir todo el ciclo de vida y las necesidades de la persona con discapacidad:<\/p><ol dir=\"auto\" start=\"1\" data-emit-thinking-stage=\"false\"><li class=\"text-start\"><strong>Programas de Prevenci\u00f3n:<\/strong> Campa\u00f1as de concientizaci\u00f3n y detecci\u00f3n de la fiesta.<\/li><li class=\"text-start\"><strong>Programas de Atenci\u00f3n Directa:<\/strong> Jornadas integrales valoraciones,, terapias y entrega de ayudas t\u00e9cnicas.<\/li><li class=\"text-start\"><strong>Programas de Formaci\u00f3n:<\/strong> Cursos y talleres para el empoderamiento y la inclusi\u00f3n laboral.<\/li><li class=\"text-start\"><strong>Programas de Rehabilitaci\u00f3n Integral:<\/strong> Fisioterapia, terapia ocupacional y del lenguaje.<\/li><\/ol><h3 class=\"svelte-121hp7c\" dir=\"auto\">Alineaci\u00f3n Estrat\u00e9gica<\/h3><ul dir=\"auto\"><li class=\"text-start\"><strong>Plan Sectorial:<\/strong> Nuestras acciones enmarcan en el Plan Sectorial del Ministerio del Poder Popular para la Salud, alineando nos- con las pol\u00edticas nacionales sanitarias.<\/li><li class=\"text-start\"><strong>Agenda del Plan de la Patria:<\/strong> Contribuimos directamente al <strong>Objetivo Hist\u00f3rico No 2<\/strong> (Construir una sociedaditaria y justus) y al <strong>No 3<\/strong> (Convertir a Venezuela en un pa\u00eds potencia en lo social), garant\u00edando la protecci\u00f3n y el desarrollo de las personas consugestiones como derecho de discapacidad. M\u00e1s detalle <span style=\"color: #000000;\">(<a style=\"color: #000000;\" href=\"http:\/\/misionjosegregoriohernandez.gob.ve\/?page_id=183\">Agenda Plan de la Patria)<\/a><\/span>\u00a0<\/li><\/ul>\t\t\t\t\t\t<\/div>\n\t\t\t\t<\/div>\n\t\t\t\t\t<\/div>\n\t\t<\/div>\n\t\t\t\t\t\t\t<\/div>\n\t\t<\/section>\n\t\t\t\t<section class=\"elementor-section elementor-top-section elementor-element elementor-element-86da80b elementor-section-boxed elementor-section-height-default elementor-section-height-default\" data-id=\"86da80b\" data-element_type=\"section\">\n\t\t\t\t\t\t<div class=\"elementor-container elementor-column-gap-default\">\n\t\t\t\t\t<div class=\"elementor-column elementor-col-100 elementor-top-column elementor-element elementor-element-3f4d1e7\" data-id=\"3f4d1e7\" data-element_type=\"column\">\n\t\t\t<div class=\"elementor-widget-wrap elementor-element-populated\">\n\t\t\t\t\t\t\t\t<div class=\"elementor-element elementor-element-591abcd elementor-widget elementor-widget-image\" data-id=\"591abcd\" data-element_type=\"widget\" data-widget_type=\"image.default\">\n\t\t\t\t<div class=\"elementor-widget-container\">\n\t\t\t\t\t\t\t\t\t\t\t\t\t\t\t<img loading=\"lazy\" decoding=\"async\" width=\"1024\" height=\"791\" src=\"http:\/\/misionjosegregoriohernandez.gob.ve\/wp-content\/uploads\/2026\/03\/Gemini_Generated_Image_p01vksp01vksp01v-1024x791.png\" class=\"attachment-large size-large\" alt=\"\" srcset=\"http:\/\/misionjosegregoriohernandez.gob.ve\/wp-content\/uploads\/2026\/03\/Gemini_Generated_Image_p01vksp01vksp01v-1024x791.png 1024w, http:\/\/misionjosegregoriohernandez.gob.ve\/wp-content\/uploads\/2026\/03\/Gemini_Generated_Image_p01vksp01vksp01v-300x232.png 300w, http:\/\/misionjosegregoriohernandez.gob.ve\/wp-content\/uploads\/2026\/03\/Gemini_Generated_Image_p01vksp01vksp01v-768x593.png 768w, http:\/\/misionjosegregoriohernandez.gob.ve\/wp-content\/uploads\/2026\/03\/Gemini_Generated_Image_p01vksp01vksp01v.png 1181w\" sizes=\"(max-width: 1024px) 100vw, 1024px\" \/>\t\t\t\t\t\t\t\t\t\t\t\t\t\t\t<\/div>\n\t\t\t\t<\/div>\n\t\t\t\t\t<\/div>\n\t\t<\/div>\n\t\t\t\t\t\t\t<\/div>\n\t\t<\/section>\n\t\t\t\t<section class=\"elementor-section elementor-top-section elementor-element elementor-element-c87f026 elementor-section-boxed elementor-section-height-default elementor-section-height-default\" data-id=\"c87f026\" data-element_type=\"section\">\n\t\t\t\t\t\t<div class=\"elementor-container elementor-column-gap-default\">\n\t\t\t\t\t<div class=\"elementor-column elementor-col-100 elementor-top-column elementor-element elementor-element-ff3bd62\" data-id=\"ff3bd62\" data-element_type=\"column\">\n\t\t\t<div class=\"elementor-widget-wrap elementor-element-populated\">\n\t\t\t\t\t\t\t\t<div class=\"elementor-element elementor-element-ec6cf07 elementor-widget elementor-widget-text-editor\" data-id=\"ec6cf07\" data-element_type=\"widget\" data-widget_type=\"text-editor.default\">\n\t\t\t\t<div class=\"elementor-widget-container\">\n\t\t\t\t\t\t\t<h3 style=\"padding-left: 40px;\"><img loading=\"lazy\" decoding=\"async\" class=\"size-medium wp-image-13007 aligncenter\" src=\"http:\/\/misionjosegregoriohernandez.gob.ve\/wp-content\/uploads\/2026\/02\/estructuraorganizativa-1-300x236.png\" alt=\"\" width=\"300\" height=\"236\" srcset=\"http:\/\/misionjosegregoriohernandez.gob.ve\/wp-content\/uploads\/2026\/02\/estructuraorganizativa-1-300x236.png 300w, http:\/\/misionjosegregoriohernandez.gob.ve\/wp-content\/uploads\/2026\/02\/estructuraorganizativa-1-1024x806.png 1024w, http:\/\/misionjosegregoriohernandez.gob.ve\/wp-content\/uploads\/2026\/02\/estructuraorganizativa-1-768x604.png 768w, http:\/\/misionjosegregoriohernandez.gob.ve\/wp-content\/uploads\/2026\/02\/estructuraorganizativa-1.png 1193w\" sizes=\"(max-width: 300px) 100vw, 300px\" \/><\/h3><h3 class=\"ds-markdown-paragraph\" style=\"text-align: center;\"><a href=\"http:\/\/misionjosegregoriohernandez.gob.ve\/?page_id=52\"><span style=\"color: #000000;\">Estructura Organizativa<\/span><\/a><\/h3><p class=\"ds-markdown-paragraph\">Para cumplir con nuestra misi\u00f3n, contamos con una estructura s\u00f3lida que garantiza la eficiencia y el alcance de nuestros servicios.<\/p><h4 style=\"text-align: center; padding-left: 40px;\">Nivel Superior (Direcci\u00f3n Estrat\u00e9gica)<\/h4><ul><li style=\"list-style-type: none;\"><ul><li style=\"list-style-type: none;\"><ul><li style=\"list-style-type: none;\"><ul><li style=\"list-style-type: none;\"><ul><li class=\"ds-markdown-paragraph\"><strong>Consejo Directivo:<\/strong> M\u00e1xima autoridad de direcci\u00f3n.<\/li><li><p class=\"ds-markdown-paragraph\"><strong>Presidencia:<\/strong> Representaci\u00f3n legal y ejecuci\u00f3n de lineamientos.<\/p><\/li><li><p class=\"ds-markdown-paragraph\"><strong>Comisi\u00f3n de Contrataciones:<\/strong> Garantiza la transparencia en las adquisiciones.<\/p><\/li><li><p class=\"ds-markdown-paragraph\"><strong>Auditor\u00eda Interna:<\/strong> Supervisi\u00f3n y control de la gesti\u00f3n.<\/p><\/li><\/ul><\/li><\/ul><\/li><\/ul><\/li><\/ul><\/li><\/ul><h4 style=\"text-align: center;\">Nivel de Apoyo (Gesti\u00f3n Interna)<\/h4><ul><li style=\"list-style-type: none;\"><ul><li style=\"list-style-type: none;\"><ul><li style=\"list-style-type: none;\"><ul><li style=\"list-style-type: none;\"><ul><li>Consultor\u00eda Jur\u00eddica<\/li><li><p class=\"ds-markdown-paragraph\">Oficina de Gesti\u00f3n Comunicacional<\/p><\/li><li><p class=\"ds-markdown-paragraph\">Oficina de Gesti\u00f3n Humana<\/p><\/li><li><p class=\"ds-markdown-paragraph\">Oficina de Tecnolog\u00eda de la Informaci\u00f3n y la Comunicaci\u00f3n (TIC)<\/p><\/li><li><p class=\"ds-markdown-paragraph\">Oficina de Atenci\u00f3n Ciudadana (OAC)<\/p><\/li><li><p class=\"ds-markdown-paragraph\">Oficina de Planificaci\u00f3n y Presupuesto<\/p><\/li><li><p class=\"ds-markdown-paragraph\">Oficina de Gesti\u00f3n Administrativa<\/p><\/li><\/ul><\/li><\/ul><\/li><\/ul><\/li><\/ul><\/li><\/ul><h4 style=\"text-align: center; padding-left: 120px;\">Nivel Sustantivo (El Coraz\u00f3n de la Fundaci\u00f3n)<\/h4><ul><li style=\"list-style-type: none;\"><ul><li style=\"list-style-type: none;\"><ul><li style=\"list-style-type: none;\"><ul><li style=\"list-style-type: none;\"><ul><li><strong>Gerencia de Desarrollo Social y Comunitario para las Personas con Discapacidad<\/strong><ul><li style=\"list-style-type: none;\"><ul><li><p class=\"ds-markdown-paragraph\"><em>Escuela de Formaci\u00f3n Comunitaria Dr. Jos\u00e9 Gregorio Hern\u00e1ndez:<\/em> Formaci\u00f3n de l\u00edderes y promotores sociales.<\/p><\/li><\/ul><\/li><\/ul><\/li><li><p class=\"ds-markdown-paragraph\"><strong>Gerencia de Servicios para la Atenci\u00f3n de Personas con Discapacidad:<\/strong> Gesti\u00f3n de los programas de salud, rehabilitaci\u00f3n y ayudas t\u00e9cnicas.<\/p><\/li><li><p class=\"ds-markdown-paragraph\"><strong>Gerencia de Control y Seguimiento Territorial:<\/strong> Monitoreo y evaluaci\u00f3n de la atenci\u00f3n en el territorio.<\/p><\/li><\/ul><\/li><\/ul><\/li><\/ul><\/li><\/ul><\/li><\/ul><h4 style=\"text-align: center;\">Nivel Desconcentrado (Presencia Nacional)<\/h4><ul><li style=\"list-style-type: none;\"><ul><li style=\"list-style-type: none;\"><ul><li style=\"list-style-type: none;\"><ul><li style=\"list-style-type: none;\"><ul><li><strong>Coordinaciones Estadales:<\/strong> Nuestro brazo ejecutor en cada estado del pa\u00eds.<\/li><li><strong>Laboratorio de \u00d3rtesis y Pr\u00f3tesis:<\/strong> Producci\u00f3n y adaptaci\u00f3n de ayudas t\u00e9cnicas para la movilidad.<\/li><\/ul><\/li><\/ul><\/li><\/ul><\/li><\/ul><\/li><\/ul>\t\t\t\t\t\t<\/div>\n\t\t\t\t<\/div>\n\t\t\t\t\t<\/div>\n\t\t<\/div>\n\t\t\t\t\t\t\t<\/div>\n\t\t<\/section>\n\t\t\t\t\t\t<\/div>\n\t\t\t\t\t<\/div>\n\t\t<div class=\"gsp_post_data\" data-post_type=\"page\" data-cat=\"\" data-modified=\"120\" data-title=\"Quienes somos &#8211; la instituci\u00f3n\" data-home=\"http:\/\/misionjosegregoriohernandez.gob.ve\"><\/div>","protected":false},"excerpt":{"rendered":"<p>\u00bfQui\u00e9nes Somos? La Fundaci\u00f3n Misi\u00f3n Jos\u00e9 Gregorio Hern\u00e1ndez (FMJGH) es la instituci\u00f3n del Estado venezolano creada para garantizar el bienestar de las personas con discapacidad. Nacimos el 17 de octubre de 2013, mediante Decreto&#46;&#46;&#46;<\/p>\n","protected":false},"author":1,"featured_media":0,"parent":0,"menu_order":0,"comment_status":"closed","ping_status":"closed","template":"","meta":{"footnotes":""},"_links":{"self":[{"href":"http:\/\/misionjosegregoriohernandez.gob.ve\/index.php?rest_route=\/wp\/v2\/pages\/8882"}],"collection":[{"href":"http:\/\/misionjosegregoriohernandez.gob.ve\/index.php?rest_route=\/wp\/v2\/pages"}],"about":[{"href":"http:\/\/misionjosegregoriohernandez.gob.ve\/index.php?rest_route=\/wp\/v2\/types\/page"}],"author":[{"embeddable":true,"href":"http:\/\/misionjosegregoriohernandez.gob.ve\/index.php?rest_route=\/wp\/v2\/users\/1"}],"replies":[{"embeddable":true,"href":"http:\/\/misionjosegregoriohernandez.gob.ve\/index.php?rest_route=%2Fwp%2Fv2%2Fcomments&post=8882"}],"version-history":[{"count":176,"href":"http:\/\/misionjosegregoriohernandez.gob.ve\/index.php?rest_route=\/wp\/v2\/pages\/8882\/revisions"}],"predecessor-version":[{"id":16630,"href":"http:\/\/misionjosegregoriohernandez.gob.ve\/index.php?rest_route=\/wp\/v2\/pages\/8882\/revisions\/16630"}],"wp:attachment":[{"href":"http:\/\/misionjosegregoriohernandez.gob.ve\/index.php?rest_route=%2Fwp%2Fv2%2Fmedia&parent=8882"}],"curies":[{"name":"wp","href":"https:\/\/api.w.org\/{rel}","templated":true}]}}