{"id":6942,"date":"2025-01-23T12:59:20","date_gmt":"2025-01-23T16:59:20","guid":{"rendered":"http:\/\/misionjosegregoriohernandez.gob.ve\/?page_id=6942"},"modified":"2026-03-17T16:44:39","modified_gmt":"2026-03-17T20:44:39","slug":"solicitud-de-permiso","status":"publish","type":"page","link":"http:\/\/misionjosegregoriohernandez.gob.ve\/?page_id=6942","title":{"rendered":"Solicitud de Permiso"},"content":{"rendered":"\t\t<div data-elementor-type=\"wp-page\" data-elementor-id=\"6942\" class=\"elementor elementor-6942\" data-elementor-settings=\"[]\">\n\t\t\t\t\t\t\t<div class=\"elementor-section-wrap\">\n\t\t\t\t\t\t\t<section class=\"elementor-section elementor-top-section elementor-element elementor-element-4fda365 elementor-section-boxed elementor-section-height-default elementor-section-height-default\" data-id=\"4fda365\" data-element_type=\"section\">\n\t\t\t\t\t\t<div class=\"elementor-container elementor-column-gap-default\">\n\t\t\t\t\t<div class=\"elementor-column elementor-col-100 elementor-top-column elementor-element elementor-element-3fa824d\" data-id=\"3fa824d\" data-element_type=\"column\">\n\t\t\t<div class=\"elementor-widget-wrap elementor-element-populated\">\n\t\t\t\t\t\t\t\t<div class=\"elementor-element elementor-element-8ab20c0 elementor-widget elementor-widget-image\" data-id=\"8ab20c0\" data-element_type=\"widget\" data-widget_type=\"image.default\">\n\t\t\t\t<div class=\"elementor-widget-container\">\n\t\t\t<style>\/*! elementor - v3.5.2 - 22-12-2021 *\/\n.elementor-widget-image{text-align:center}.elementor-widget-image a{display:inline-block}.elementor-widget-image a img[src$=\".svg\"]{width:48px}.elementor-widget-image img{vertical-align:middle;display:inline-block}<\/style>\t\t\t\t\t\t\t\t\t\t\t\t<img loading=\"lazy\" decoding=\"async\" width=\"1024\" height=\"1024\" src=\"http:\/\/misionjosegregoriohernandez.gob.ve\/wp-content\/uploads\/2026\/03\/Gemini_Generated_Image_81i1a881i1a881i1.png\" class=\"attachment-large size-large\" alt=\"\" srcset=\"http:\/\/misionjosegregoriohernandez.gob.ve\/wp-content\/uploads\/2026\/03\/Gemini_Generated_Image_81i1a881i1a881i1.png 1024w, http:\/\/misionjosegregoriohernandez.gob.ve\/wp-content\/uploads\/2026\/03\/Gemini_Generated_Image_81i1a881i1a881i1-300x300.png 300w, http:\/\/misionjosegregoriohernandez.gob.ve\/wp-content\/uploads\/2026\/03\/Gemini_Generated_Image_81i1a881i1a881i1-150x150.png 150w, http:\/\/misionjosegregoriohernandez.gob.ve\/wp-content\/uploads\/2026\/03\/Gemini_Generated_Image_81i1a881i1a881i1-768x768.png 768w, http:\/\/misionjosegregoriohernandez.gob.ve\/wp-content\/uploads\/2026\/03\/Gemini_Generated_Image_81i1a881i1a881i1-80x80.png 80w, http:\/\/misionjosegregoriohernandez.gob.ve\/wp-content\/uploads\/2026\/03\/Gemini_Generated_Image_81i1a881i1a881i1-320x320.png 320w\" sizes=\"(max-width: 1024px) 100vw, 1024px\" \/>\t\t\t\t\t\t\t\t\t\t\t\t\t\t\t<\/div>\n\t\t\t\t<\/div>\n\t\t\t\t\t<\/div>\n\t\t<\/div>\n\t\t\t\t\t\t\t<\/div>\n\t\t<\/section>\n\t\t\t\t<section class=\"elementor-section elementor-top-section elementor-element elementor-element-7280b8d5 elementor-section-boxed elementor-section-height-default elementor-section-height-default\" data-id=\"7280b8d5\" data-element_type=\"section\">\n\t\t\t\t\t\t<div class=\"elementor-container elementor-column-gap-default\">\n\t\t\t\t\t<div class=\"elementor-column elementor-col-100 elementor-top-column elementor-element elementor-element-4c348ba1\" data-id=\"4c348ba1\" data-element_type=\"column\">\n\t\t\t<div class=\"elementor-widget-wrap elementor-element-populated\">\n\t\t\t\t\t\t\t\t<div class=\"elementor-element elementor-element-4c29912 elementor-widget elementor-widget-text-editor\" data-id=\"4c29912\" data-element_type=\"widget\" data-widget_type=\"text-editor.default\">\n\t\t\t\t<div class=\"elementor-widget-container\">\n\t\t\t<style>\/*! elementor - v3.5.2 - 22-12-2021 *\/\n.elementor-widget-text-editor.elementor-drop-cap-view-stacked .elementor-drop-cap{background-color:#818a91;color:#fff}.elementor-widget-text-editor.elementor-drop-cap-view-framed .elementor-drop-cap{color:#818a91;border:3px solid;background-color:transparent}.elementor-widget-text-editor:not(.elementor-drop-cap-view-default) .elementor-drop-cap{margin-top:8px}.elementor-widget-text-editor:not(.elementor-drop-cap-view-default) .elementor-drop-cap-letter{width:1em;height:1em}.elementor-widget-text-editor .elementor-drop-cap{float:left;text-align:center;line-height:1;font-size:50px}.elementor-widget-text-editor .elementor-drop-cap-letter{display:inline-block}<\/style>\t\t\t\t<!-- wp:heading {\"level\":3} -->\n<h3 class=\"wp-block-heading\"><strong>Procedimiento General para Solicitud de Permiso<\/strong><\/h3>\n<!-- \/wp:heading --><!-- wp:list {\"ordered\":true,\"start\":1} -->\n<ol start=\"1\"><!-- wp:list-item -->\n<li><strong>Solicitud Formal<\/strong>:<!-- wp:list -->\n<ul><!-- wp:list-item -->\n<li>Redacta una solicitud de permiso dirigida a tu Gerente o oordinador\u00a0 inmediato o al departamento de Recursos Humanos. Completa la solicitud:<!-- wp:list -->\n<ul><!-- wp:list-item -->\n<li>\n<h2><span style=\"color: #000000;\"><a style=\"color: #000000;\" href=\"http:\/\/misionjosegregoriohernandez.gob.ve\/wp-content\/uploads\/2026\/03\/FORMATO-DE-PERMISO-2026.pdf\">FORMATO-DE-PERMISO-2026<\/a><\/span><\/h2>\n<\/li>\n<!-- \/wp:list-item --><\/ul>\n<!-- \/wp:list --><\/li>\n<!-- \/wp:list-item --><\/ul>\n<!-- \/wp:list --><\/li>\n<!-- \/wp:list-item --><!-- wp:list-item --><!-- \/wp:list-item --><!-- wp:list-item -->\n<li><strong>Anexar Documentaci\u00f3n (si es necesario)<\/strong>:<!-- wp:list -->\n<ul><!-- wp:list-item -->\n<li>Dependiendo del tipo de permiso, es posible que debas adjuntar documentos justificativos (por ejemplo, certificado m\u00e9dico en caso de permisos por enfermedad).<\/li>\n<!-- \/wp:list-item --><\/ul>\n<!-- \/wp:list --><\/li>\n<!-- \/wp:list-item --><!-- wp:list-item -->\n<li><strong>Aprobaci\u00f3n del Gerente o coordinador<\/strong>:<!-- wp:list -->\n<ul><!-- wp:list-item -->\n<li>Entrega la solicitud a tu supervisor para su revisi\u00f3n y aprobaci\u00f3n. El supervisor evaluar\u00e1 si el permiso es viable seg\u00fan las necesidades del \u00e1rea.<\/li>\n<!-- \/wp:list-item --><\/ul>\n<!-- \/wp:list --><\/li>\n<!-- \/wp:list-item --><!-- wp:list-item -->\n<li><strong>Revisi\u00f3n por Recursos Humanos<\/strong>:<!-- wp:list -->\n<ul><!-- wp:list-item -->\n<li>Una vez aprobada por tu supervisor, la solicitud se env\u00eda al departamento de Recursos Humanos para su registro y validaci\u00f3n final.<\/li>\n<!-- \/wp:list-item --><\/ul>\n<!-- \/wp:list --><\/li>\n<!-- \/wp:list-item --><!-- wp:list-item -->\n<li><strong>Confirmaci\u00f3n<\/strong>:<!-- wp:list -->\n<ul><!-- wp:list-item -->\n<li>Recibir\u00e1s una confirmaci\u00f3n por escrito o por correo electr\u00f3nico indicando que tu solicitud de permiso ha sido aprobada.<\/li>\n<\/ul>\n<\/li>\n<\/ol>\n<!-- \/wp:paragraph --><!-- wp:separator --><hr class=\"wp-block-separator has-alpha-channel-opacity\" \/><!-- \/wp:separator --><!-- wp:heading {\"level\":3} -->\n<h3 class=\"wp-block-heading\"><strong>Notas Importantes<\/strong>:<\/h3>\n<!-- \/wp:heading --><!-- wp:list -->\n<ul><!-- wp:list-item -->\n<li>Solicita el permiso con la mayor antelaci\u00f3n posible, especialmente si es por motivos previsibles.<\/li>\n<!-- \/wp:list-item --><!-- wp:list-item -->\n<li>Aseg\u00farate de cumplir con los requisitos de documentaci\u00f3n en caso de permisos justificados (m\u00e9dicos, legales, etc.).<\/li>\n<!-- \/wp:list-item --><!-- wp:list-item -->\n<li>Si la fundaci\u00f3n utiliza un sistema digital para gestionar solicitudes, sigue el proceso indicado en la plataforma.<\/li>\n<!-- \/wp:list-item --><\/ul>\n<!-- \/wp:list --><!-- wp:paragraph -->\n<p>Para obtener informaci\u00f3n exacta, te sugiero contactar directamente al departamento de Recursos Humanos de la fundaci\u00f3n.<\/p>\n<!-- \/wp:paragraph -->\t\t\t\t\t\t<\/div>\n\t\t\t\t<\/div>\n\t\t\t\t\t<\/div>\n\t\t<\/div>\n\t\t\t\t\t\t\t<\/div>\n\t\t<\/section>\n\t\t\t\t\t\t<\/div>\n\t\t\t\t\t<\/div>\n\t\t<div class=\"gsp_post_data\" data-post_type=\"page\" data-cat=\"\" data-modified=\"120\" data-title=\"Solicitud de Permiso\" data-home=\"http:\/\/misionjosegregoriohernandez.gob.ve\"><\/div>","protected":false},"excerpt":{"rendered":"<p>Procedimiento General para Solicitud de Permiso Confirmaci\u00f3n:<\/p>\n","protected":false},"author":1,"featured_media":0,"parent":0,"menu_order":0,"comment_status":"closed","ping_status":"closed","template":"","meta":{"footnotes":""},"_links":{"self":[{"href":"http:\/\/misionjosegregoriohernandez.gob.ve\/index.php?rest_route=\/wp\/v2\/pages\/6942"}],"collection":[{"href":"http:\/\/misionjosegregoriohernandez.gob.ve\/index.php?rest_route=\/wp\/v2\/pages"}],"about":[{"href":"http:\/\/misionjosegregoriohernandez.gob.ve\/index.php?rest_route=\/wp\/v2\/types\/page"}],"author":[{"embeddable":true,"href":"http:\/\/misionjosegregoriohernandez.gob.ve\/index.php?rest_route=\/wp\/v2\/users\/1"}],"replies":[{"embeddable":true,"href":"http:\/\/misionjosegregoriohernandez.gob.ve\/index.php?rest_route=%2Fwp%2Fv2%2Fcomments&post=6942"}],"version-history":[{"count":27,"href":"http:\/\/misionjosegregoriohernandez.gob.ve\/index.php?rest_route=\/wp\/v2\/pages\/6942\/revisions"}],"predecessor-version":[{"id":16773,"href":"http:\/\/misionjosegregoriohernandez.gob.ve\/index.php?rest_route=\/wp\/v2\/pages\/6942\/revisions\/16773"}],"wp:attachment":[{"href":"http:\/\/misionjosegregoriohernandez.gob.ve\/index.php?rest_route=%2Fwp%2Fv2%2Fmedia&parent=6942"}],"curies":[{"name":"wp","href":"https:\/\/api.w.org\/{rel}","templated":true}]}}