{"id":6836,"date":"2025-01-16T16:59:12","date_gmt":"2025-01-16T20:59:12","guid":{"rendered":"http:\/\/misionjosegregoriohernandez.gob.ve\/?page_id=6836"},"modified":"2026-04-03T16:13:33","modified_gmt":"2026-04-03T20:13:33","slug":"constancias","status":"publish","type":"page","link":"http:\/\/misionjosegregoriohernandez.gob.ve\/?page_id=6836","title":{"rendered":"Intranet"},"content":{"rendered":"\t\t<div data-elementor-type=\"wp-page\" data-elementor-id=\"6836\" class=\"elementor elementor-6836\" data-elementor-settings=\"[]\">\n\t\t\t\t\t\t\t<div class=\"elementor-section-wrap\">\n\t\t\t\t\t\t\t<section class=\"elementor-section elementor-top-section elementor-element elementor-element-bcd59b2 elementor-section-boxed elementor-section-height-default elementor-section-height-default\" data-id=\"bcd59b2\" data-element_type=\"section\">\n\t\t\t\t\t\t<div class=\"elementor-container elementor-column-gap-default\">\n\t\t\t\t\t<div class=\"elementor-column elementor-col-50 elementor-top-column elementor-element elementor-element-89ca8d8\" data-id=\"89ca8d8\" data-element_type=\"column\">\n\t\t\t<div class=\"elementor-widget-wrap elementor-element-populated\">\n\t\t\t\t\t\t\t\t<div class=\"elementor-element elementor-element-aebf709 elementor-widget elementor-widget-image\" data-id=\"aebf709\" data-element_type=\"widget\" data-widget_type=\"image.default\">\n\t\t\t\t<div class=\"elementor-widget-container\">\n\t\t\t<style>\/*! elementor - v3.5.2 - 22-12-2021 *\/\n.elementor-widget-image{text-align:center}.elementor-widget-image a{display:inline-block}.elementor-widget-image a img[src$=\".svg\"]{width:48px}.elementor-widget-image img{vertical-align:middle;display:inline-block}<\/style>\t\t\t\t\t\t\t\t\t\t\t\t<img loading=\"lazy\" decoding=\"async\" width=\"259\" height=\"194\" src=\"http:\/\/misionjosegregoriohernandez.gob.ve\/wp-content\/uploads\/2025\/02\/Intranet.jpeg\" class=\"attachment-large size-large\" alt=\"\" \/>\t\t\t\t\t\t\t\t\t\t\t\t\t\t\t<\/div>\n\t\t\t\t<\/div>\n\t\t\t\t\t<\/div>\n\t\t<\/div>\n\t\t\t\t<div class=\"elementor-column elementor-col-50 elementor-top-column elementor-element elementor-element-676c82a\" data-id=\"676c82a\" data-element_type=\"column\">\n\t\t\t<div class=\"elementor-widget-wrap elementor-element-populated\">\n\t\t\t\t\t\t\t\t<div class=\"elementor-element elementor-element-a7011e6 elementor-widget elementor-widget-text-editor\" data-id=\"a7011e6\" data-element_type=\"widget\" data-widget_type=\"text-editor.default\">\n\t\t\t\t<div class=\"elementor-widget-container\">\n\t\t\t<style>\/*! elementor - v3.5.2 - 22-12-2021 *\/\n.elementor-widget-text-editor.elementor-drop-cap-view-stacked .elementor-drop-cap{background-color:#818a91;color:#fff}.elementor-widget-text-editor.elementor-drop-cap-view-framed .elementor-drop-cap{color:#818a91;border:3px solid;background-color:transparent}.elementor-widget-text-editor:not(.elementor-drop-cap-view-default) .elementor-drop-cap{margin-top:8px}.elementor-widget-text-editor:not(.elementor-drop-cap-view-default) .elementor-drop-cap-letter{width:1em;height:1em}.elementor-widget-text-editor .elementor-drop-cap{float:left;text-align:center;line-height:1;font-size:50px}.elementor-widget-text-editor .elementor-drop-cap-letter{display:inline-block}<\/style>\t\t\t\t<p>La intranet de la Fundaci\u00f3n Misi\u00f3n Jos\u00e9 Gregorio Hern\u00e1ndez tiene como objetivo principal facilitar la comunicaci\u00f3n, colaboraci\u00f3n y gesti\u00f3n interna entre los miembros de la organizaci\u00f3n, optimizando los procesos y promoviendo la misi\u00f3n y valores de la fundaci\u00f3n<\/p>\t\t\t\t\t\t<\/div>\n\t\t\t\t<\/div>\n\t\t\t\t\t<\/div>\n\t\t<\/div>\n\t\t\t\t\t\t\t<\/div>\n\t\t<\/section>\n\t\t\t\t<section class=\"elementor-section elementor-top-section elementor-element elementor-element-db92de5 elementor-section-boxed elementor-section-height-default elementor-section-height-default\" data-id=\"db92de5\" data-element_type=\"section\">\n\t\t\t\t\t\t<div class=\"elementor-container elementor-column-gap-default\">\n\t\t\t\t\t<div class=\"elementor-column elementor-col-100 elementor-top-column elementor-element elementor-element-1db77dc\" data-id=\"1db77dc\" data-element_type=\"column\">\n\t\t\t<div class=\"elementor-widget-wrap elementor-element-populated\">\n\t\t\t\t\t\t\t\t<div class=\"elementor-element elementor-element-edf731c elementor-widget-divider--view-line elementor-widget elementor-widget-divider\" data-id=\"edf731c\" data-element_type=\"widget\" data-widget_type=\"divider.default\">\n\t\t\t\t<div class=\"elementor-widget-container\">\n\t\t\t<style>\/*! elementor - v3.5.2 - 22-12-2021 *\/\n.elementor-widget-divider{--divider-border-style:none;--divider-border-width:1px;--divider-color:#2c2c2c;--divider-icon-size:20px;--divider-element-spacing:10px;--divider-pattern-height:24px;--divider-pattern-size:20px;--divider-pattern-url:none;--divider-pattern-repeat:repeat-x}.elementor-widget-divider .elementor-divider{display:-webkit-box;display:-ms-flexbox;display:flex}.elementor-widget-divider .elementor-divider__text{font-size:15px;line-height:1;max-width:95%}.elementor-widget-divider .elementor-divider__element{margin:0 var(--divider-element-spacing);-ms-flex-negative:0;flex-shrink:0}.elementor-widget-divider .elementor-icon{font-size:var(--divider-icon-size)}.elementor-widget-divider .elementor-divider-separator{display:-webkit-box;display:-ms-flexbox;display:flex;margin:0;direction:ltr}.elementor-widget-divider--view-line_icon .elementor-divider-separator,.elementor-widget-divider--view-line_text .elementor-divider-separator{-webkit-box-align:center;-ms-flex-align:center;align-items:center}.elementor-widget-divider--view-line_icon .elementor-divider-separator:after,.elementor-widget-divider--view-line_icon .elementor-divider-separator:before,.elementor-widget-divider--view-line_text .elementor-divider-separator:after,.elementor-widget-divider--view-line_text .elementor-divider-separator:before{display:block;content:\"\";border-bottom:0;-webkit-box-flex:1;-ms-flex-positive:1;flex-grow:1;border-top:var(--divider-border-width) var(--divider-border-style) var(--divider-color)}.elementor-widget-divider--element-align-left .elementor-divider .elementor-divider-separator>.elementor-divider__svg:first-of-type{-webkit-box-flex:0;-ms-flex-positive:0;flex-grow:0;-ms-flex-negative:100;flex-shrink:100}.elementor-widget-divider--element-align-left .elementor-divider-separator:before{content:none}.elementor-widget-divider--element-align-left .elementor-divider__element{margin-left:0}.elementor-widget-divider--element-align-right .elementor-divider .elementor-divider-separator>.elementor-divider__svg:last-of-type{-webkit-box-flex:0;-ms-flex-positive:0;flex-grow:0;-ms-flex-negative:100;flex-shrink:100}.elementor-widget-divider--element-align-right .elementor-divider-separator:after{content:none}.elementor-widget-divider--element-align-right .elementor-divider__element{margin-right:0}.elementor-widget-divider:not(.elementor-widget-divider--view-line_text):not(.elementor-widget-divider--view-line_icon) .elementor-divider-separator{border-top:var(--divider-border-width) var(--divider-border-style) var(--divider-color)}.elementor-widget-divider--separator-type-pattern{--divider-border-style:none}.elementor-widget-divider--separator-type-pattern.elementor-widget-divider--view-line .elementor-divider-separator,.elementor-widget-divider--separator-type-pattern:not(.elementor-widget-divider--view-line) .elementor-divider-separator:after,.elementor-widget-divider--separator-type-pattern:not(.elementor-widget-divider--view-line) .elementor-divider-separator:before,.elementor-widget-divider--separator-type-pattern:not([class*=elementor-widget-divider--view]) .elementor-divider-separator{width:100%;min-height:var(--divider-pattern-height);-webkit-mask-size:var(--divider-pattern-size) 100%;mask-size:var(--divider-pattern-size) 100%;-webkit-mask-repeat:var(--divider-pattern-repeat);mask-repeat:var(--divider-pattern-repeat);background-color:var(--divider-color);-webkit-mask-image:var(--divider-pattern-url);mask-image:var(--divider-pattern-url)}.elementor-widget-divider--no-spacing{--divider-pattern-size:auto}.elementor-widget-divider--bg-round{--divider-pattern-repeat:round}.rtl .elementor-widget-divider .elementor-divider__text{direction:rtl}<\/style>\t\t<div class=\"elementor-divider\">\n\t\t\t<span class=\"elementor-divider-separator\">\n\t\t\t\t\t\t<\/span>\n\t\t<\/div>\n\t\t\t\t<\/div>\n\t\t\t\t<\/div>\n\t\t\t\t\t<\/div>\n\t\t<\/div>\n\t\t\t\t\t\t\t<\/div>\n\t\t<\/section>\n\t\t\t\t<section class=\"elementor-section elementor-top-section elementor-element elementor-element-281d65e elementor-section-boxed elementor-section-height-default elementor-section-height-default\" data-id=\"281d65e\" data-element_type=\"section\">\n\t\t\t\t\t\t<div class=\"elementor-container elementor-column-gap-default\">\n\t\t\t\t\t<div class=\"elementor-column elementor-col-100 elementor-top-column elementor-element elementor-element-e3e5672\" data-id=\"e3e5672\" data-element_type=\"column\">\n\t\t\t<div class=\"elementor-widget-wrap elementor-element-populated\">\n\t\t\t\t\t\t\t\t<div class=\"elementor-element elementor-element-97ae15d elementor-widget elementor-widget-text-editor\" data-id=\"97ae15d\" data-element_type=\"widget\" data-widget_type=\"text-editor.default\">\n\t\t\t\t<div class=\"elementor-widget-container\">\n\t\t\t\t\t\t\t<h2 class=\"svelte-121hp7c\" dir=\"auto\">M\u00f3dulos y Servicios<\/h2>\n<h3 class=\"svelte-121hp7c\" dir=\"auto\">\ud83d\udcbc Gesti\u00f3n de Recursos Humanos<\/h3>\t\t\t\t\t\t<\/div>\n\t\t\t\t<\/div>\n\t\t\t\t\t<\/div>\n\t\t<\/div>\n\t\t\t\t\t\t\t<\/div>\n\t\t<\/section>\n\t\t\t\t<section class=\"elementor-section elementor-top-section elementor-element elementor-element-440f9d2 elementor-section-boxed elementor-section-height-default elementor-section-height-default\" data-id=\"440f9d2\" data-element_type=\"section\">\n\t\t\t\t\t\t<div class=\"elementor-container elementor-column-gap-default\">\n\t\t\t\t\t<div class=\"elementor-column elementor-col-50 elementor-top-column elementor-element elementor-element-39ab94f\" data-id=\"39ab94f\" data-element_type=\"column\">\n\t\t\t<div class=\"elementor-widget-wrap elementor-element-populated\">\n\t\t\t\t\t\t\t\t<div class=\"elementor-element elementor-element-bb86d42 elementor-widget elementor-widget-image\" data-id=\"bb86d42\" data-element_type=\"widget\" data-widget_type=\"image.default\">\n\t\t\t\t<div class=\"elementor-widget-container\">\n\t\t\t\t\t\t\t\t\t\t\t\t\t\t\t<img loading=\"lazy\" decoding=\"async\" width=\"246\" height=\"205\" src=\"http:\/\/misionjosegregoriohernandez.gob.ve\/wp-content\/uploads\/2025\/01\/ServiciosOnline.jpeg\" class=\"attachment-thumb-xxlarge size-thumb-xxlarge\" alt=\"\" \/>\t\t\t\t\t\t\t\t\t\t\t\t\t\t\t<\/div>\n\t\t\t\t<\/div>\n\t\t\t\t\t<\/div>\n\t\t<\/div>\n\t\t\t\t<div class=\"elementor-column elementor-col-50 elementor-top-column elementor-element elementor-element-e65f9b1\" data-id=\"e65f9b1\" data-element_type=\"column\">\n\t\t\t<div class=\"elementor-widget-wrap elementor-element-populated\">\n\t\t\t\t\t\t\t\t<div class=\"elementor-element elementor-element-5375ab7 elementor-widget elementor-widget-text-editor\" data-id=\"5375ab7\" data-element_type=\"widget\" data-widget_type=\"text-editor.default\">\n\t\t\t\t<div class=\"elementor-widget-container\">\n\t\t\t\t\t\t\t<p class=\"svelte-121hp7c\" dir=\"auto\">Accedir de forma segura y centralizada a tu informaci\u00f3n laboral y administrativa.<\/p><ul dir=\"auto\"><li class=\"text-start\"><span style=\"color: #000000;\"><strong><a style=\"color: #000000;\" href=\"http:\/\/misionjosegregoriohernandez.gob.ve:4343\">Sistema de Recursos Humanos (RRHH)<\/a>:<\/strong><\/span><br \/><ul dir=\"auto\"><li class=\"text-start\">\ud83d\udcc4 Descarga de Recibos de Pago.<\/li><li class=\"text-start\">\ud83d\udccb Solicitud de Constancias de Trabajo.<\/li><li class=\"text-start\">\ud83d\udcca Historial de Pagos.<\/li><\/ul><\/li><li class=\"text-start\"><strong>Procedimientos y Solicitudes:<\/strong><br \/><ul dir=\"auto\"><li class=\"text-start\">\ud83c\udfd6\ufe0f<a href=\"http:\/\/misionjosegregoriohernandez.gob.ve\/?page_id=6931\"><span style=\"color: #000000;\"> Solicitud de Vacaciones<\/span><\/a><\/li><li class=\"text-start\">\u2705<a href=\"http:\/\/misionjosegregoriohernandez.gob.ve\/?page_id=6942\"><span style=\"color: #000000;\">Solicitud de Permiso<\/span><\/a><\/li><\/ul><\/li><li class=\"text-start\"><strong>Salud y Bienestar:<\/strong><br \/><ul dir=\"auto\"><li class=\"text-start\">\ud83c\udfe5 Servicio M\u00e9dico<\/li><\/ul><\/li><\/ul>\t\t\t\t\t\t<\/div>\n\t\t\t\t<\/div>\n\t\t\t\t\t<\/div>\n\t\t<\/div>\n\t\t\t\t\t\t\t<\/div>\n\t\t<\/section>\n\t\t\t\t<section class=\"elementor-section elementor-top-section elementor-element elementor-element-4ff4615 elementor-section-boxed elementor-section-height-default elementor-section-height-default\" data-id=\"4ff4615\" data-element_type=\"section\">\n\t\t\t\t\t\t<div class=\"elementor-container elementor-column-gap-default\">\n\t\t\t\t\t<div class=\"elementor-column elementor-col-100 elementor-top-column elementor-element elementor-element-03cf08b\" data-id=\"03cf08b\" data-element_type=\"column\">\n\t\t\t<div class=\"elementor-widget-wrap elementor-element-populated\">\n\t\t\t\t\t\t\t\t<div class=\"elementor-element elementor-element-86754b2 elementor-widget elementor-widget-image\" data-id=\"86754b2\" data-element_type=\"widget\" data-widget_type=\"image.default\">\n\t\t\t\t<div class=\"elementor-widget-container\">\n\t\t\t\t\t\t\t\t\t\t\t\t\t\t\t<img loading=\"lazy\" decoding=\"async\" width=\"768\" height=\"431\" src=\"http:\/\/misionjosegregoriohernandez.gob.ve\/wp-content\/uploads\/2026\/03\/Servicio-Medico-Marzo-2026-1-768x431.jpeg\" class=\"attachment-medium_large size-medium_large\" alt=\"\" srcset=\"http:\/\/misionjosegregoriohernandez.gob.ve\/wp-content\/uploads\/2026\/03\/Servicio-Medico-Marzo-2026-1-768x431.jpeg 768w, http:\/\/misionjosegregoriohernandez.gob.ve\/wp-content\/uploads\/2026\/03\/Servicio-Medico-Marzo-2026-1-300x169.jpeg 300w, http:\/\/misionjosegregoriohernandez.gob.ve\/wp-content\/uploads\/2026\/03\/Servicio-Medico-Marzo-2026-1-1024x575.jpeg 1024w, http:\/\/misionjosegregoriohernandez.gob.ve\/wp-content\/uploads\/2026\/03\/Servicio-Medico-Marzo-2026-1.jpeg 1280w\" sizes=\"(max-width: 768px) 100vw, 768px\" \/>\t\t\t\t\t\t\t\t\t\t\t\t\t\t\t<\/div>\n\t\t\t\t<\/div>\n\t\t\t\t\t<\/div>\n\t\t<\/div>\n\t\t\t\t\t\t\t<\/div>\n\t\t<\/section>\n\t\t\t\t<section class=\"elementor-section elementor-top-section elementor-element elementor-element-0024031 elementor-section-boxed elementor-section-height-default elementor-section-height-default\" data-id=\"0024031\" data-element_type=\"section\">\n\t\t\t\t\t\t<div class=\"elementor-container elementor-column-gap-default\">\n\t\t\t\t\t<div class=\"elementor-column elementor-col-100 elementor-top-column elementor-element elementor-element-09a5715\" data-id=\"09a5715\" data-element_type=\"column\">\n\t\t\t<div class=\"elementor-widget-wrap elementor-element-populated\">\n\t\t\t\t\t\t\t\t<div class=\"elementor-element elementor-element-d6006ca elementor-widget elementor-widget-text-editor\" data-id=\"d6006ca\" data-element_type=\"widget\" data-widget_type=\"text-editor.default\">\n\t\t\t\t<div class=\"elementor-widget-container\">\n\t\t\t\t\t\t\t<h3 class=\"svelte-121hp7c\" dir=\"auto\"><img loading=\"lazy\" decoding=\"async\" class=\"size-full wp-image-7061 alignleft\" src=\"http:\/\/misionjosegregoriohernandez.gob.ve\/wp-content\/uploads\/2025\/02\/nube.jpeg\" alt=\"\" width=\"287\" height=\"175\" \/>\u2601\ufe0f Nube FMJGH <span style=\"color: #000000;\"><a style=\"color: #000000;\" href=\"http:\/\/misionjosegregoriohernandez.gob.ve:443\/nubefmjgh\/\">(nubefmjgh)<\/a><\/span><\/h3>\n<p class=\"svelte-121hp7c\" dir=\"auto\">Una alternativa, segura privada y autogestionada para el almacenamiento de informaci\u00f3n institucional, dise\u00f1ada por una herramienta propia frente a servicios comerciales.<\/p>\n<p class=\"svelte-121hp7c\" dir=\"auto\"><strong data-moz-translations-id=\"0\">Beneficios clave:<\/strong><\/p>\n<ul dir=\"auto\">\n<li class=\"text-start\"><strong data-moz-translations-id=\"0\">Centralizaci\u00f3n de la Informaci\u00f3n:<\/strong> Un espacio \u00fanico para que Gerentes, Jefes de Oficina, Coordinadores y empleados accedan a documentos, pol\u00edticas, procedimientos y recursos vitales de la Fundaci\u00f3n.<\/li>\n<li class=\"text-start\"><strong data-moz-translations-id=\"0\">Comunicaci\u00f3n Interna:<\/strong> Facilita la interacci\u00f3n entre departamentos y equipos mediante herramientas colaborativas, foros y anuncios institucionales.<\/li>\n<\/ul>\t\t\t\t\t\t<\/div>\n\t\t\t\t<\/div>\n\t\t\t\t\t<\/div>\n\t\t<\/div>\n\t\t\t\t\t\t\t<\/div>\n\t\t<\/section>\n\t\t\t\t<section class=\"elementor-section elementor-top-section elementor-element elementor-element-162fea2 elementor-section-boxed elementor-section-height-default elementor-section-height-default\" data-id=\"162fea2\" data-element_type=\"section\">\n\t\t\t\t\t\t<div class=\"elementor-container elementor-column-gap-default\">\n\t\t\t\t\t<div class=\"elementor-column elementor-col-100 elementor-top-column elementor-element elementor-element-8fbd746\" data-id=\"8fbd746\" data-element_type=\"column\">\n\t\t\t<div class=\"elementor-widget-wrap elementor-element-populated\">\n\t\t\t\t\t\t\t\t<div class=\"elementor-element elementor-element-7c941e7 elementor-widget elementor-widget-text-editor\" data-id=\"7c941e7\" data-element_type=\"widget\" data-widget_type=\"text-editor.default\">\n\t\t\t\t<div class=\"elementor-widget-container\">\n\t\t\t\t\t\t\t<h3 class=\"svelte-121hp7c\" dir=\"auto\"><img loading=\"lazy\" decoding=\"async\" class=\"size-full wp-image-16302 alignleft\" src=\"http:\/\/misionjosegregoriohernandez.gob.ve\/wp-content\/uploads\/2026\/03\/sistemasinstitucionales.jpeg\" alt=\"\" width=\"299\" height=\"168\" \/>\ud83d\udda5\ufe0f Sistemas institucionales<\/h3><p class=\"svelte-121hp7c\" dir=\"auto\">Hemos desarrollado plataformas robustas para garant\u00eda la atenci\u00f3n integral y la inclusi\u00f3n. Estos sistemas equivalentes la gesti\u00f3n de nacionales registros y la descentralizada de nuestros programas.<\/p><div class=\"\">\u00a0<\/div><ul dir=\"auto\"><li class=\"text-start\"><a href=\"http:\/\/misionjosegregoriohernandez.gob.ve\/sidaiii\/index.php\"><span style=\"color: #000000;\">Sistema Sidaii <\/span><\/a>Gesti\u00f3n integral para la atenci\u00f3n a las personas con discapacidad.<\/li><li><strong>Sistema de Bienes:<\/strong> Administraci\u00f3n y control de activos y recursos.<\/li><\/ul>\t\t\t\t\t\t<\/div>\n\t\t\t\t<\/div>\n\t\t\t\t\t<\/div>\n\t\t<\/div>\n\t\t\t\t\t\t\t<\/div>\n\t\t<\/section>\n\t\t\t\t<section class=\"elementor-section elementor-top-section elementor-element elementor-element-dc039fb elementor-section-boxed elementor-section-height-default elementor-section-height-default\" data-id=\"dc039fb\" data-element_type=\"section\">\n\t\t\t\t\t\t<div class=\"elementor-container elementor-column-gap-default\">\n\t\t\t\t\t<div class=\"elementor-column elementor-col-100 elementor-top-column elementor-element elementor-element-0f10ddb\" data-id=\"0f10ddb\" data-element_type=\"column\">\n\t\t\t<div class=\"elementor-widget-wrap elementor-element-populated\">\n\t\t\t\t\t\t\t\t<div class=\"elementor-element elementor-element-e52ab06 elementor-widget elementor-widget-shortcode\" data-id=\"e52ab06\" data-element_type=\"widget\" data-widget_type=\"shortcode.default\">\n\t\t\t\t<div class=\"elementor-widget-container\">\n\t\t\t\t\t<div class=\"elementor-shortcode\">[lista_beneficiarios]\n\n<\/div>\n\t\t\t\t<\/div>\n\t\t\t\t<\/div>\n\t\t\t\t\t<\/div>\n\t\t<\/div>\n\t\t\t\t\t\t\t<\/div>\n\t\t<\/section>\n\t\t\t\t\t\t<\/div>\n\t\t\t\t\t<\/div>\n\t\t<div class=\"gsp_post_data\" data-post_type=\"page\" data-cat=\"\" data-modified=\"120\" data-title=\"Intranet\" data-home=\"http:\/\/misionjosegregoriohernandez.gob.ve\"><\/div>","protected":false},"excerpt":{"rendered":"<p>La intranet de la Fundaci\u00f3n Misi\u00f3n Jos\u00e9 Gregorio Hern\u00e1ndez tiene como objetivo principal facilitar la comunicaci\u00f3n, colaboraci\u00f3n y gesti\u00f3n interna entre los miembros de la organizaci\u00f3n, optimizando los procesos y promoviendo la misi\u00f3n y&#46;&#46;&#46;<\/p>\n","protected":false},"author":1,"featured_media":0,"parent":0,"menu_order":0,"comment_status":"closed","ping_status":"closed","template":"","meta":{"footnotes":""},"_links":{"self":[{"href":"http:\/\/misionjosegregoriohernandez.gob.ve\/index.php?rest_route=\/wp\/v2\/pages\/6836"}],"collection":[{"href":"http:\/\/misionjosegregoriohernandez.gob.ve\/index.php?rest_route=\/wp\/v2\/pages"}],"about":[{"href":"http:\/\/misionjosegregoriohernandez.gob.ve\/index.php?rest_route=\/wp\/v2\/types\/page"}],"author":[{"embeddable":true,"href":"http:\/\/misionjosegregoriohernandez.gob.ve\/index.php?rest_route=\/wp\/v2\/users\/1"}],"replies":[{"embeddable":true,"href":"http:\/\/misionjosegregoriohernandez.gob.ve\/index.php?rest_route=%2Fwp%2Fv2%2Fcomments&post=6836"}],"version-history":[{"count":373,"href":"http:\/\/misionjosegregoriohernandez.gob.ve\/index.php?rest_route=\/wp\/v2\/pages\/6836\/revisions"}],"predecessor-version":[{"id":16947,"href":"http:\/\/misionjosegregoriohernandez.gob.ve\/index.php?rest_route=\/wp\/v2\/pages\/6836\/revisions\/16947"}],"wp:attachment":[{"href":"http:\/\/misionjosegregoriohernandez.gob.ve\/index.php?rest_route=%2Fwp%2Fv2%2Fmedia&parent=6836"}],"curies":[{"name":"wp","href":"https:\/\/api.w.org\/{rel}","templated":true}]}}