{"id":6142,"date":"2025-01-02T15:04:11","date_gmt":"2025-01-02T19:04:11","guid":{"rendered":"http:\/\/misionjosegregoriohernandez.gob.ve\/?page_id=6142"},"modified":"2025-01-05T12:49:33","modified_gmt":"2025-01-05T16:49:33","slug":"quienes-somos-gerencia-de-gestion-logistica-e-infraestructura-area-infraestructura","status":"publish","type":"page","link":"http:\/\/misionjosegregoriohernandez.gob.ve\/?page_id=6142","title":{"rendered":"Quienes Somos Gerencia de Gesti\u00f3n L\u00f3gistica e Infraestructura  \u00c1rea Infraestructura Proyectos"},"content":{"rendered":"\t\t<div data-elementor-type=\"wp-page\" data-elementor-id=\"6142\" class=\"elementor elementor-6142\" data-elementor-settings=\"[]\">\n\t\t\t\t\t\t\t<div class=\"elementor-section-wrap\">\n\t\t\t\t\t\t\t<section class=\"elementor-section elementor-top-section elementor-element elementor-element-6c52e06c elementor-section-boxed elementor-section-height-default elementor-section-height-default\" data-id=\"6c52e06c\" data-element_type=\"section\">\n\t\t\t\t\t\t<div class=\"elementor-container elementor-column-gap-default\">\n\t\t\t\t\t<div class=\"elementor-column elementor-col-100 elementor-top-column elementor-element elementor-element-6a6d57d7\" data-id=\"6a6d57d7\" data-element_type=\"column\">\n\t\t\t<div class=\"elementor-widget-wrap elementor-element-populated\">\n\t\t\t\t\t\t\t\t<div class=\"elementor-element elementor-element-6854f2da elementor-widget elementor-widget-text-editor\" data-id=\"6854f2da\" data-element_type=\"widget\" data-widget_type=\"text-editor.default\">\n\t\t\t\t<div class=\"elementor-widget-container\">\n\t\t\t<style>\/*! elementor - v3.5.2 - 22-12-2021 *\/\n.elementor-widget-text-editor.elementor-drop-cap-view-stacked .elementor-drop-cap{background-color:#818a91;color:#fff}.elementor-widget-text-editor.elementor-drop-cap-view-framed .elementor-drop-cap{color:#818a91;border:3px solid;background-color:transparent}.elementor-widget-text-editor:not(.elementor-drop-cap-view-default) .elementor-drop-cap{margin-top:8px}.elementor-widget-text-editor:not(.elementor-drop-cap-view-default) .elementor-drop-cap-letter{width:1em;height:1em}.elementor-widget-text-editor .elementor-drop-cap{float:left;text-align:center;line-height:1;font-size:50px}.elementor-widget-text-editor .elementor-drop-cap-letter{display:inline-block}<\/style>\t\t\t\t<!-- wp:paragraph -->\n<p><img loading=\"lazy\" decoding=\"async\" class=\"size-full wp-image-6344 alignleft\" src=\"http:\/\/misionjosegregoriohernandez.gob.ve\/wp-content\/uploads\/2025\/01\/Infraestructuraproyectos.jpeg\" alt=\"\" width=\"283\" height=\"178\" \/>La\u00a0<strong>Gerencia de Gesti\u00f3n Log\u00edstica e Infraestructura<\/strong>, espec\u00edficamente en su\u00a0<strong>\u00c1rea de Infraestructura y Proyectos<\/strong>, es un componente clave dentro de la\u00a0<strong>Fundaci\u00f3n Misi\u00f3n Jos\u00e9 Gregorio Hern\u00e1ndez<\/strong>. Esta \u00e1rea se enfoca en la planificaci\u00f3n, ejecuci\u00f3n y supervisi\u00f3n de proyectos de infraestructura que apoyan la misi\u00f3n de la fundaci\u00f3n de brindar atenci\u00f3n integral a personas con discapacidad. A continuaci\u00f3n, se detallan sus principales funciones y caracter\u00edsticas:<\/p>\n<!-- \/wp:paragraph --><!-- wp:separator --><hr class=\"wp-block-separator has-alpha-channel-opacity\" \/><!-- \/wp:separator --><!-- wp:heading {\"level\":3} -->\n<p class=\"wp-block-heading\"><strong>Funciones del \u00c1rea de Infraestructura y Proyectos<\/strong><\/p>\n<!-- \/wp:heading --><!-- wp:list {\"ordered\":true} -->\n<ol><!-- wp:list-item -->\n<li><strong>Planificaci\u00f3n y Dise\u00f1o de Infraestructura<\/strong>:<!-- wp:list -->\n<ul><!-- wp:list-item -->\n<li>Desarrolla estrategias para la construcci\u00f3n, adecuaci\u00f3n y mantenimiento de instalaciones como laboratorios de audiolog\u00eda, centros de rehabilitaci\u00f3n y otros espacios destinados a la atenci\u00f3n de personas con discapacidad.\u00a0<\/li>\n<!-- \/wp:list-item --><!-- wp:list-item -->\n<li>Define los objetivos y alcance de los proyectos, asegurando que est\u00e9n alineados con las necesidades de los beneficiarios y los recursos disponibles.<\/li>\n<!-- \/wp:list-item --><\/ul>\n<!-- \/wp:list --><\/li>\n<!-- \/wp:list-item --><!-- wp:list-item -->\n<li><strong>Ejecuci\u00f3n de Proyectos<\/strong>:<!-- wp:list -->\n<ul><!-- wp:list-item -->\n<li>Coordina la implementaci\u00f3n de proyectos, desde la adquisici\u00f3n de materiales hasta la supervisi\u00f3n de obras, garantizando que se cumplan los plazos y est\u00e1ndares de calidad.<\/li>\n<!-- \/wp:list-item --><!-- wp:list-item -->\n<li>Gestiona recursos humanos, financieros y tecnol\u00f3gicos para optimizar la eficiencia en la ejecuci\u00f3n de los proyectos.<\/li>\n<!-- \/wp:list-item --><\/ul>\n<!-- \/wp:list --><\/li>\n<!-- \/wp:list-item --><!-- wp:list-item -->\n<li><strong>Mantenimiento y Optimizaci\u00f3n de Infraestructura<\/strong>:<!-- wp:list -->\n<ul><!-- wp:list-item -->\n<li>Realiza inspecciones peri\u00f3dicas para identificar necesidades de reparaci\u00f3n o mejora en las instalaciones existentes.<\/li>\n<!-- \/wp:list-item --><!-- wp:list-item -->\n<li>Implementa pr\u00e1cticas sostenibles para reducir costos operativos y minimizar el impacto ambiental.<\/li>\n<!-- \/wp:list-item --><\/ul>\n<!-- \/wp:list --><\/li>\n<!-- \/wp:list-item --><!-- wp:list-item -->\n<li><strong>Gesti\u00f3n de Riesgos<\/strong>:<!-- wp:list -->\n<ul><!-- wp:list-item -->\n<li>Identifica y mitiga riesgos potenciales en los proyectos, como retrasos, sobrecostos o problemas t\u00e9cnicos, mediante planes de contingencia y monitoreo constante.<\/li>\n<!-- \/wp:list-item --><\/ul>\n<!-- \/wp:list --><\/li>\n<!-- \/wp:list-item --><!-- wp:list-item -->\n<li><strong>Colaboraci\u00f3n Interdepartamental<\/strong>:<!-- wp:list -->\n<ul><!-- wp:list-item -->\n<li>Trabaja en conjunto con otras \u00e1reas de la fundaci\u00f3n, como log\u00edstica y atenci\u00f3n al beneficiario, para asegurar que los proyectos cumplan con los objetivos generales de la organizaci\u00f3n.<\/li>\n<!-- \/wp:list-item --><\/ul>\n<!-- \/wp:list --><\/li>\n<!-- \/wp:list-item --><\/ol>\n<!-- \/wp:list --><!-- wp:separator --><hr class=\"wp-block-separator has-alpha-channel-opacity\" \/><!-- \/wp:separator --><!-- wp:heading {\"level\":3} -->\n<p class=\"wp-block-heading\"><strong>Alcance<\/strong><\/p>\n<!-- \/wp:heading --><!-- wp:list -->\n<ul><!-- wp:list-item -->\n<li><strong>Optimizaci\u00f3n de Laboratorios<\/strong>: Ha mejorado las instalaciones de los laboratorios de \u00f3rtesis y pr\u00f3tesis en varios estados, garantizando espacios adecuados y equipos de \u00faltima generaci\u00f3n.<\/li>\n<!-- \/wp:list-item --><!-- wp:list-item -->\n<li><strong>Proyectos Sostenibles<\/strong>: Ha implementado pr\u00e1cticas ecol\u00f3gicas en la construcci\u00f3n y mantenimiento de infraestructuras, reduciendo la huella de carbono y promoviendo la responsabilidad ambiental.<\/li>\n<!-- \/wp:list-item --><!-- wp:list-item -->\n<li><strong>Entrega de Ayudas T\u00e9cnicas<\/strong>: Ha facilitado la distribuci\u00f3n de pr\u00f3tesis auditivas y otros dispositivos a trav\u00e9s de una infraestructura log\u00edstica eficiente.<\/li>\n<!-- \/wp:list-item --><\/ul>\n<!-- \/wp:list --><!-- wp:separator --><hr class=\"wp-block-separator has-alpha-channel-opacity\" \/><!-- \/wp:separator --><!-- wp:heading {\"level\":3} -->\n<p class=\"wp-block-heading\"><strong>Importancia del \u00c1rea de Infraestructura y Proyectos<\/strong><\/p>\n<!-- \/wp:heading --><!-- wp:paragraph -->\n<p>Esta \u00e1rea es fundamental para garantizar que la fundaci\u00f3n cuente con las instalaciones y recursos necesarios para cumplir su misi\u00f3n. Su trabajo no solo mejora la calidad de los servicios ofrecidos, sino que tambi\u00e9n contribuye a la inclusi\u00f3n social y al bienestar de las personas con discapacidad en Venezuela.\u00a0<\/p>\n<!-- \/wp:paragraph --><!-- wp:paragraph -->\n<p>\u00a0<\/p>\n<!-- \/wp:paragraph -->\t\t\t\t\t\t<\/div>\n\t\t\t\t<\/div>\n\t\t\t\t\t<\/div>\n\t\t<\/div>\n\t\t\t\t\t\t\t<\/div>\n\t\t<\/section>\n\t\t\t\t\t\t<\/div>\n\t\t\t\t\t<\/div>\n\t\t<div class=\"gsp_post_data\" data-post_type=\"page\" data-cat=\"\" data-modified=\"120\" data-title=\"Quienes Somos Gerencia de Gesti\u00f3n L\u00f3gistica e Infraestructura  \u00c1rea Infraestructura Proyectos\" data-home=\"http:\/\/misionjosegregoriohernandez.gob.ve\"><\/div>","protected":false},"excerpt":{"rendered":"<p>La\u00a0Gerencia de Gesti\u00f3n Log\u00edstica e Infraestructura, espec\u00edficamente en su\u00a0\u00c1rea de Infraestructura y Proyectos, es un componente clave dentro de la\u00a0Fundaci\u00f3n Misi\u00f3n Jos\u00e9 Gregorio Hern\u00e1ndez. Esta \u00e1rea se enfoca en la planificaci\u00f3n, ejecuci\u00f3n y supervisi\u00f3n&#46;&#46;&#46;<\/p>\n","protected":false},"author":1,"featured_media":0,"parent":0,"menu_order":0,"comment_status":"closed","ping_status":"closed","template":"","meta":{"footnotes":""},"_links":{"self":[{"href":"http:\/\/misionjosegregoriohernandez.gob.ve\/index.php?rest_route=\/wp\/v2\/pages\/6142"}],"collection":[{"href":"http:\/\/misionjosegregoriohernandez.gob.ve\/index.php?rest_route=\/wp\/v2\/pages"}],"about":[{"href":"http:\/\/misionjosegregoriohernandez.gob.ve\/index.php?rest_route=\/wp\/v2\/types\/page"}],"author":[{"embeddable":true,"href":"http:\/\/misionjosegregoriohernandez.gob.ve\/index.php?rest_route=\/wp\/v2\/users\/1"}],"replies":[{"embeddable":true,"href":"http:\/\/misionjosegregoriohernandez.gob.ve\/index.php?rest_route=%2Fwp%2Fv2%2Fcomments&post=6142"}],"version-history":[{"count":28,"href":"http:\/\/misionjosegregoriohernandez.gob.ve\/index.php?rest_route=\/wp\/v2\/pages\/6142\/revisions"}],"predecessor-version":[{"id":6368,"href":"http:\/\/misionjosegregoriohernandez.gob.ve\/index.php?rest_route=\/wp\/v2\/pages\/6142\/revisions\/6368"}],"wp:attachment":[{"href":"http:\/\/misionjosegregoriohernandez.gob.ve\/index.php?rest_route=%2Fwp%2Fv2%2Fmedia&parent=6142"}],"curies":[{"name":"wp","href":"https:\/\/api.w.org\/{rel}","templated":true}]}}