{"id":2827,"date":"2023-12-16T19:22:38","date_gmt":"2023-12-16T23:22:38","guid":{"rendered":"http:\/\/200.125.191.48\/?page_id=2827"},"modified":"2026-03-17T11:45:26","modified_gmt":"2026-03-17T15:45:26","slug":"pasos-a-seguir-para-obtener-el-certificado-de-discapacidad","status":"publish","type":"page","link":"http:\/\/misionjosegregoriohernandez.gob.ve\/?page_id=2827","title":{"rendered":"Pasos a seguir para obtener el certificado de discapacidad"},"content":{"rendered":"\t\t<div data-elementor-type=\"wp-page\" data-elementor-id=\"2827\" class=\"elementor elementor-2827\" data-elementor-settings=\"[]\">\n\t\t\t\t\t\t\t<div class=\"elementor-section-wrap\">\n\t\t\t\t\t\t\t<section class=\"elementor-section elementor-top-section elementor-element elementor-element-1a3b67d elementor-section-boxed elementor-section-height-default elementor-section-height-default\" data-id=\"1a3b67d\" data-element_type=\"section\">\n\t\t\t\t\t\t<div class=\"elementor-container elementor-column-gap-default\">\n\t\t\t\t\t<div class=\"elementor-column elementor-col-100 elementor-top-column elementor-element elementor-element-d4db128\" data-id=\"d4db128\" data-element_type=\"column\">\n\t\t\t<div class=\"elementor-widget-wrap elementor-element-populated\">\n\t\t\t\t\t\t\t\t<div class=\"elementor-element elementor-element-0a52d5d elementor-widget elementor-widget-image\" data-id=\"0a52d5d\" data-element_type=\"widget\" data-widget_type=\"image.default\">\n\t\t\t\t<div class=\"elementor-widget-container\">\n\t\t\t<style>\/*! elementor - v3.5.2 - 22-12-2021 *\/\n.elementor-widget-image{text-align:center}.elementor-widget-image a{display:inline-block}.elementor-widget-image a img[src$=\".svg\"]{width:48px}.elementor-widget-image img{vertical-align:middle;display:inline-block}<\/style>\t\t\t\t\t\t\t\t\t\t\t\t<img loading=\"lazy\" decoding=\"async\" width=\"1024\" height=\"559\" src=\"http:\/\/misionjosegregoriohernandez.gob.ve\/wp-content\/uploads\/2026\/03\/Gemini_Generated_Image_y6913ry6913ry691-1024x559.png\" class=\"attachment-large size-large\" alt=\"\" srcset=\"http:\/\/misionjosegregoriohernandez.gob.ve\/wp-content\/uploads\/2026\/03\/Gemini_Generated_Image_y6913ry6913ry691-1024x559.png 1024w, http:\/\/misionjosegregoriohernandez.gob.ve\/wp-content\/uploads\/2026\/03\/Gemini_Generated_Image_y6913ry6913ry691-300x164.png 300w, http:\/\/misionjosegregoriohernandez.gob.ve\/wp-content\/uploads\/2026\/03\/Gemini_Generated_Image_y6913ry6913ry691-768x419.png 768w, http:\/\/misionjosegregoriohernandez.gob.ve\/wp-content\/uploads\/2026\/03\/Gemini_Generated_Image_y6913ry6913ry691.png 1408w\" sizes=\"(max-width: 1024px) 100vw, 1024px\" \/>\t\t\t\t\t\t\t\t\t\t\t\t\t\t\t<\/div>\n\t\t\t\t<\/div>\n\t\t\t\t\t<\/div>\n\t\t<\/div>\n\t\t\t\t\t\t\t<\/div>\n\t\t<\/section>\n\t\t\t\t<section class=\"elementor-section elementor-top-section elementor-element elementor-element-96625df elementor-section-boxed elementor-section-height-default elementor-section-height-default\" data-id=\"96625df\" data-element_type=\"section\">\n\t\t\t\t\t\t<div class=\"elementor-container elementor-column-gap-default\">\n\t\t\t\t\t<div class=\"elementor-column elementor-col-100 elementor-top-column elementor-element elementor-element-5abea7d\" data-id=\"5abea7d\" data-element_type=\"column\">\n\t\t\t<div class=\"elementor-widget-wrap elementor-element-populated\">\n\t\t\t\t\t\t\t\t<div class=\"elementor-element elementor-element-6b09259 elementor-widget elementor-widget-text-editor\" data-id=\"6b09259\" data-element_type=\"widget\" data-widget_type=\"text-editor.default\">\n\t\t\t\t<div class=\"elementor-widget-container\">\n\t\t\t<style>\/*! elementor - v3.5.2 - 22-12-2021 *\/\n.elementor-widget-text-editor.elementor-drop-cap-view-stacked .elementor-drop-cap{background-color:#818a91;color:#fff}.elementor-widget-text-editor.elementor-drop-cap-view-framed .elementor-drop-cap{color:#818a91;border:3px solid;background-color:transparent}.elementor-widget-text-editor:not(.elementor-drop-cap-view-default) .elementor-drop-cap{margin-top:8px}.elementor-widget-text-editor:not(.elementor-drop-cap-view-default) .elementor-drop-cap-letter{width:1em;height:1em}.elementor-widget-text-editor .elementor-drop-cap{float:left;text-align:center;line-height:1;font-size:50px}.elementor-widget-text-editor .elementor-drop-cap-letter{display:inline-block}<\/style>\t\t\t\t<p style=\"text-align: center;\"><span style=\"color: #ffffff;\"><strong>PASO 1: EVALUACI\u00d3N DE LA DISCAPACIDAD \u2013 MINISTERIO DEL PODER POPULAR PARA LA SALUD (MPPS)<\/strong><\/span><\/p>\t\t\t\t\t\t<\/div>\n\t\t\t\t<\/div>\n\t\t\t\t\t<\/div>\n\t\t<\/div>\n\t\t\t\t\t\t\t<\/div>\n\t\t<\/section>\n\t\t\t\t<section class=\"elementor-section elementor-top-section elementor-element elementor-element-7f10945 elementor-section-boxed elementor-section-height-default elementor-section-height-default\" data-id=\"7f10945\" data-element_type=\"section\">\n\t\t\t\t\t\t<div class=\"elementor-container elementor-column-gap-default\">\n\t\t\t\t\t<div class=\"elementor-column elementor-col-50 elementor-top-column elementor-element elementor-element-337e417\" data-id=\"337e417\" data-element_type=\"column\">\n\t\t\t<div class=\"elementor-widget-wrap elementor-element-populated\">\n\t\t\t\t\t\t\t\t<div class=\"elementor-element elementor-element-63a4906 elementor-widget elementor-widget-text-editor\" data-id=\"63a4906\" data-element_type=\"widget\" data-widget_type=\"text-editor.default\">\n\t\t\t\t<div class=\"elementor-widget-container\">\n\t\t\t\t\t\t\t<p class=\"ds-markdown-paragraph\" style=\"text-align: left;\"><strong>1.1 \u00bfEn qu\u00e9 consiste este paso?<\/strong><br \/>La Evaluaci\u00f3n de la Discapacidad es el procedimiento t\u00e9cnico-m\u00e9dico mediante el cual se determina oficialmente:<\/p><ul><li><p class=\"ds-markdown-paragraph\"><strong>La clasificaci\u00f3n del tipo de discapacidad<\/strong> (f\u00edsica, sensorial, intelectual, auditiva, visual, ps\u00edquica, m\u00faltiple, entre otras).<\/p><\/li><li><p class=\"ds-markdown-paragraph\"><strong>La calificaci\u00f3n del grado de afecci\u00f3n<\/strong>, que define el nivel de limitaci\u00f3n en la autonom\u00eda y funcionalidad de la persona.<\/p><\/li><\/ul><p class=\"ds-markdown-paragraph\">Este es el <strong>requisito obligatorio y previo<\/strong> para acceder al Certificado de Discapacidad emitido por CONAPDIS.<\/p>\t\t\t\t\t\t<\/div>\n\t\t\t\t<\/div>\n\t\t\t\t\t<\/div>\n\t\t<\/div>\n\t\t\t\t<div class=\"elementor-column elementor-col-50 elementor-top-column elementor-element elementor-element-e8f4832\" data-id=\"e8f4832\" data-element_type=\"column\">\n\t\t\t<div class=\"elementor-widget-wrap elementor-element-populated\">\n\t\t\t\t\t\t\t\t<div class=\"elementor-element elementor-element-c357e70 elementor-widget elementor-widget-text-editor\" data-id=\"c357e70\" data-element_type=\"widget\" data-widget_type=\"text-editor.default\">\n\t\t\t\t<div class=\"elementor-widget-container\">\n\t\t\t\t\t\t\t<p class=\"ds-markdown-paragraph\"><strong>1.2 \u00bfD\u00f3nde se realiza?<\/strong><br \/>La evaluaci\u00f3n debe realizarse exclusivamente en:<\/p><ul><li><p class=\"ds-markdown-paragraph\"><strong>Red Ambulatoria del MPPS<\/strong> (Centros de Diagn\u00f3stico Integral, ambulatorios urbanos y rurales).<\/p><\/li><li><p class=\"ds-markdown-paragraph\"><strong>Servicios de Rehabilitaci\u00f3n y Especialidades<\/strong> de hospitales p\u00fablicos adscritos al MPPS.<\/p><\/li><\/ul><p class=\"ds-markdown-paragraph\"><strong>Solo el personal m\u00e9dico debidamente acreditado y capacitado por el MPPS<\/strong> tiene competencia para emitir el <strong>Informe de Clasificaci\u00f3n y Calificaci\u00f3n de la Discapacidad<\/strong>.<\/p>\t\t\t\t\t\t<\/div>\n\t\t\t\t<\/div>\n\t\t\t\t\t<\/div>\n\t\t<\/div>\n\t\t\t\t\t\t\t<\/div>\n\t\t<\/section>\n\t\t\t\t<section class=\"elementor-section elementor-top-section elementor-element elementor-element-ccfb312 elementor-section-boxed elementor-section-height-default elementor-section-height-default\" data-id=\"ccfb312\" data-element_type=\"section\">\n\t\t\t\t\t\t<div class=\"elementor-container elementor-column-gap-default\">\n\t\t\t\t\t<div class=\"elementor-column elementor-col-100 elementor-top-column elementor-element elementor-element-d25526e\" data-id=\"d25526e\" data-element_type=\"column\">\n\t\t\t<div class=\"elementor-widget-wrap elementor-element-populated\">\n\t\t\t\t\t\t\t\t<div class=\"elementor-element elementor-element-babc093 elementor-widget elementor-widget-text-editor\" data-id=\"babc093\" data-element_type=\"widget\" data-widget_type=\"text-editor.default\">\n\t\t\t\t<div class=\"elementor-widget-container\">\n\t\t\t\t\t\t\t<p class=\"ds-markdown-paragraph\" style=\"text-align: center;\"><strong>1.3 \u00bfQui\u00e9nes intervienen en la evaluaci\u00f3n?<\/strong><br \/>La valoraci\u00f3n es <strong>multidisciplinaria<\/strong> y debe ser realizada por un equipo t\u00e9cnico compuesto por:<\/p><div class=\"ds-scroll-area _1210dd7 c03cafe9\"><table><thead><tr><th>Profesional<\/th><th>Funci\u00f3n espec\u00edfica<\/th><\/tr><\/thead><tbody><tr><td><strong>M\u00e9dico especialista<\/strong><\/td><td>Eval\u00faa la condici\u00f3n de salud, diagn\u00f3stico, deficiencias estructurales y funcionales. Aplica los criterios cl\u00ednicos establecidos en los baremos del MPPS.<\/td><\/tr><tr><td><strong>Psic\u00f3logo \/ Psiquiatra<\/strong><\/td><td>Valora el componente mental, emocional y conductual; determina limitaciones en la interacci\u00f3n social, aprendizaje y autonom\u00eda psicol\u00f3gica.<\/td><\/tr><tr><td><strong>Trabajador \/ Asistente social<\/strong><\/td><td>Analiza los <strong>factores sociales complementarios<\/strong>: entorno familiar, situaci\u00f3n laboral, educativa, cultural, barreras arquitect\u00f3nicas, red de apoyo y condiciones socioecon\u00f3micas que dificultan la integraci\u00f3n social.<\/td><\/tr><\/tbody><\/table><\/div><p class=\"ds-markdown-paragraph\"><em>Nota:<\/em> Dependiendo del tipo de discapacidad, podr\u00e1n incorporarse otros especialistas (terapeutas ocupacionales, fonoaudi\u00f3logos, optometristas, etc.).<\/p>\t\t\t\t\t\t<\/div>\n\t\t\t\t<\/div>\n\t\t\t\t\t<\/div>\n\t\t<\/div>\n\t\t\t\t\t\t\t<\/div>\n\t\t<\/section>\n\t\t\t\t<section class=\"elementor-section elementor-top-section elementor-element elementor-element-86930ff elementor-section-boxed elementor-section-height-default elementor-section-height-default\" data-id=\"86930ff\" data-element_type=\"section\">\n\t\t\t\t\t\t<div class=\"elementor-container elementor-column-gap-default\">\n\t\t\t\t\t<div class=\"elementor-column elementor-col-100 elementor-top-column elementor-element elementor-element-3807b35\" data-id=\"3807b35\" data-element_type=\"column\">\n\t\t\t<div class=\"elementor-widget-wrap elementor-element-populated\">\n\t\t\t\t\t\t\t\t<div class=\"elementor-element elementor-element-31bf59f elementor-widget elementor-widget-text-editor\" data-id=\"31bf59f\" data-element_type=\"widget\" data-widget_type=\"text-editor.default\">\n\t\t\t\t<div class=\"elementor-widget-container\">\n\t\t\t\t\t\t\t<p><strong>\u00bf Cu\u00e1l es el procedimiento para saber si una determinada dolencia o limitaci\u00f3n se puede traducir en un grado y puede ser motivo de discapacidad?<\/strong><\/p>\t\t\t\t\t\t<\/div>\n\t\t\t\t<\/div>\n\t\t\t\t\t<\/div>\n\t\t<\/div>\n\t\t\t\t\t\t\t<\/div>\n\t\t<\/section>\n\t\t\t\t<section class=\"elementor-section elementor-top-section elementor-element elementor-element-75d8805 elementor-section-boxed elementor-section-height-default elementor-section-height-default\" data-id=\"75d8805\" data-element_type=\"section\">\n\t\t\t\t\t\t<div class=\"elementor-container elementor-column-gap-default\">\n\t\t\t\t\t<div class=\"elementor-column elementor-col-100 elementor-top-column elementor-element elementor-element-acb99bc\" data-id=\"acb99bc\" data-element_type=\"column\">\n\t\t\t<div class=\"elementor-widget-wrap elementor-element-populated\">\n\t\t\t\t\t\t\t\t<div class=\"elementor-element elementor-element-549ddb4 elementor-widget elementor-widget-text-editor\" data-id=\"549ddb4\" data-element_type=\"widget\" data-widget_type=\"text-editor.default\">\n\t\t\t\t<div class=\"elementor-widget-container\">\n\t\t\t\t\t\t\t<p class=\"ds-markdown-paragraph\" style=\"text-align: center;\"><strong>1.4 \u00bfQu\u00e9 instrumentos se aplican?<\/strong><br \/>La evaluaci\u00f3n se fundamenta en:<\/p><ul><li><p class=\"ds-markdown-paragraph\"><strong>La Clasificaci\u00f3n Internacional del Funcionamiento, de la Discapacidad y de la Salud (CIF)<\/strong>, de la Organizaci\u00f3n Mundial de la Salud (OMS).<\/p><\/li><li><p class=\"ds-markdown-paragraph\"><strong>Baremos nacionales vigentes<\/strong> del MPPS, que establecen los rangos porcentuales seg\u00fan la limitaci\u00f3n funcional.<\/p><\/li><li><p class=\"ds-markdown-paragraph\"><strong>Entrevista cl\u00ednica y social<\/strong>.<\/p><\/li><li><p class=\"ds-markdown-paragraph\"><strong>Ex\u00e1menes complementarios<\/strong> (imagenol\u00f3gicos, audiol\u00f3gicos, oftalmol\u00f3gicos, neurol\u00f3gicos, pruebas psicol\u00f3gicas, entre otros), seg\u00fan el caso.<\/p><\/li><\/ul>\t\t\t\t\t\t<\/div>\n\t\t\t\t<\/div>\n\t\t\t\t\t<\/div>\n\t\t<\/div>\n\t\t\t\t\t\t\t<\/div>\n\t\t<\/section>\n\t\t\t\t<section class=\"elementor-section elementor-top-section elementor-element elementor-element-75b683c elementor-section-boxed elementor-section-height-default elementor-section-height-default\" data-id=\"75b683c\" data-element_type=\"section\">\n\t\t\t\t\t\t<div class=\"elementor-container elementor-column-gap-default\">\n\t\t\t\t\t<div class=\"elementor-column elementor-col-100 elementor-top-column elementor-element elementor-element-c54180f\" data-id=\"c54180f\" data-element_type=\"column\">\n\t\t\t<div class=\"elementor-widget-wrap elementor-element-populated\">\n\t\t\t\t\t\t\t\t<div class=\"elementor-element elementor-element-2fc7837 elementor-widget elementor-widget-text-editor\" data-id=\"2fc7837\" data-element_type=\"widget\" data-widget_type=\"text-editor.default\">\n\t\t\t\t<div class=\"elementor-widget-container\">\n\t\t\t\t\t\t\t<p class=\"ds-markdown-paragraph\" style=\"text-align: center;\"><strong>1.5 \u00bfQu\u00e9 documento se obtiene?<\/strong><br \/>Al finalizar el proceso, el equipo evaluador entrega el:<\/p><p class=\"ds-markdown-paragraph\"><strong>INFORME DE CLASIFICACI\u00d3N Y CALIFICACI\u00d3N DE LA DISCAPACIDAD<\/strong><\/p><p class=\"ds-markdown-paragraph\"><img loading=\"lazy\" decoding=\"async\" class=\"alignleft wp-image-3709\" src=\"http:\/\/misionjosegregoriohernandez.gob.ve\/wp-content\/uploads\/2024\/05\/certificadodediscapacidad.png\" alt=\"\" width=\"480\" height=\"641\" \/>Este documento debe contener:<\/p><ul><li><p class=\"ds-markdown-paragraph\">Datos del solicitante.<\/p><\/li><li><p class=\"ds-markdown-paragraph\">Diagn\u00f3stico principal y secundario (CIF).<\/p><\/li><li><p class=\"ds-markdown-paragraph\">Tipo de discapacidad clasificada.<\/p><\/li><li><p class=\"ds-markdown-paragraph\">Grado porcentual de discapacidad (expresado en %).<\/p><\/li><li><p class=\"ds-markdown-paragraph\">Firma y sello del m\u00e9dico evaluador y del equipo interviniente.<\/p><\/li><li><p class=\"ds-markdown-paragraph\">Sello del centro de salud adscrito al MPPS.<\/p><\/li><\/ul>\t\t\t\t\t\t<\/div>\n\t\t\t\t<\/div>\n\t\t\t\t\t<\/div>\n\t\t<\/div>\n\t\t\t\t\t\t\t<\/div>\n\t\t<\/section>\n\t\t\t\t<section class=\"elementor-section elementor-top-section elementor-element elementor-element-d0e1c0f elementor-section-boxed elementor-section-height-default elementor-section-height-default\" data-id=\"d0e1c0f\" data-element_type=\"section\">\n\t\t\t\t\t\t<div class=\"elementor-container elementor-column-gap-default\">\n\t\t\t\t\t<div class=\"elementor-column elementor-col-50 elementor-top-column elementor-element elementor-element-144046e\" data-id=\"144046e\" data-element_type=\"column\">\n\t\t\t<div class=\"elementor-widget-wrap elementor-element-populated\">\n\t\t\t\t\t\t\t\t<div class=\"elementor-element elementor-element-0991298 elementor-widget elementor-widget-text-editor\" data-id=\"0991298\" data-element_type=\"widget\" data-widget_type=\"text-editor.default\">\n\t\t\t\t<div class=\"elementor-widget-container\">\n\t\t\t\t\t\t\t\t\t\t\t\t\t<\/div>\n\t\t\t\t<\/div>\n\t\t\t\t\t<\/div>\n\t\t<\/div>\n\t\t\t\t<div class=\"elementor-column elementor-col-50 elementor-top-column elementor-element elementor-element-bdcad92\" data-id=\"bdcad92\" data-element_type=\"column\">\n\t\t\t<div class=\"elementor-widget-wrap elementor-element-populated\">\n\t\t\t\t\t\t\t\t<div class=\"elementor-element elementor-element-01cdbad elementor-widget elementor-widget-text-editor\" data-id=\"01cdbad\" data-element_type=\"widget\" data-widget_type=\"text-editor.default\">\n\t\t\t\t<div class=\"elementor-widget-container\">\n\t\t\t\t\t\t\t\t\t\t\t\t\t<\/div>\n\t\t\t\t<\/div>\n\t\t\t\t\t<\/div>\n\t\t<\/div>\n\t\t\t\t\t\t\t<\/div>\n\t\t<\/section>\n\t\t\t\t<section class=\"elementor-section elementor-top-section elementor-element elementor-element-5118dce elementor-section-boxed elementor-section-height-default elementor-section-height-default\" data-id=\"5118dce\" data-element_type=\"section\">\n\t\t\t\t\t\t<div class=\"elementor-container elementor-column-gap-default\">\n\t\t\t\t\t<div class=\"elementor-column elementor-col-100 elementor-top-column elementor-element elementor-element-63b3a1f\" data-id=\"63b3a1f\" data-element_type=\"column\">\n\t\t\t<div class=\"elementor-widget-wrap elementor-element-populated\">\n\t\t\t\t\t\t\t\t<div class=\"elementor-element elementor-element-58f027c elementor-widget elementor-widget-text-editor\" data-id=\"58f027c\" data-element_type=\"widget\" data-widget_type=\"text-editor.default\">\n\t\t\t\t<div class=\"elementor-widget-container\">\n\t\t\t\t\t\t\t<p class=\"ds-markdown-paragraph\" style=\"text-align: center;\"><strong>1.6 Casos especiales<\/strong><\/p><p class=\"ds-markdown-paragraph\"><strong>Personas en situaci\u00f3n de cama o postradas:<\/strong><\/p><ul><li><p class=\"ds-markdown-paragraph\">Un familiar o representante debe acudir al ambulatorio o CDI m\u00e1s cercano.<\/p><\/li><li><p class=\"ds-markdown-paragraph\">Solicitar formalmente la <strong>atenci\u00f3n domiciliaria<\/strong> del equipo de salud del MPPS.<\/p><\/li><li><p class=\"ds-markdown-paragraph\">El equipo evaluador se trasladar\u00e1 al domicilio para realizar la valoraci\u00f3n y emitir el informe correspondiente.<\/p><\/li><\/ul><p class=\"ds-markdown-paragraph\"><strong>Menores de edad sin c\u00e9dula de identidad:<\/strong><\/p><ul><li><p class=\"ds-markdown-paragraph\">Se debe presentar <strong>partida de nacimiento (original y copia)<\/strong>.<\/p><\/li><li><p class=\"ds-markdown-paragraph\">Copia de la c\u00e9dula del padre, madre o representante legal.<\/p><\/li><li><p class=\"ds-markdown-paragraph\">El informe ser\u00e1 emitido a nombre del menor, con la identificaci\u00f3n del representante.<\/p><\/li><\/ul>\t\t\t\t\t\t<\/div>\n\t\t\t\t<\/div>\n\t\t\t\t\t<\/div>\n\t\t<\/div>\n\t\t\t\t\t\t\t<\/div>\n\t\t<\/section>\n\t\t\t\t<section class=\"elementor-section elementor-top-section elementor-element elementor-element-640d790 elementor-section-boxed elementor-section-height-default elementor-section-height-default\" data-id=\"640d790\" data-element_type=\"section\">\n\t\t\t\t\t\t<div class=\"elementor-container elementor-column-gap-default\">\n\t\t\t\t\t<div class=\"elementor-column elementor-col-100 elementor-top-column elementor-element elementor-element-74b6b08\" data-id=\"74b6b08\" data-element_type=\"column\">\n\t\t\t<div class=\"elementor-widget-wrap elementor-element-populated\">\n\t\t\t\t\t\t\t\t<div class=\"elementor-element elementor-element-5c4f0a1 elementor-widget elementor-widget-text-editor\" data-id=\"5c4f0a1\" data-element_type=\"widget\" data-widget_type=\"text-editor.default\">\n\t\t\t\t<div class=\"elementor-widget-container\">\n\t\t\t\t\t\t\t<p class=\"ds-markdown-paragraph\" style=\"text-align: center;\"><strong>1.7 \u00bfCu\u00e1nto tiempo tiene validez el informe?<\/strong><br \/>El Informe de Clasificaci\u00f3n y Calificaci\u00f3n de la Discapacidad <strong>no tiene fecha de vencimiento expresa<\/strong>, pero puede ser actualizado si:<\/p><ul><li><p class=\"ds-markdown-paragraph\">La condici\u00f3n de salud del solicitante var\u00eda significativamente.<\/p><\/li><li><p class=\"ds-markdown-paragraph\">Se requiere para tr\u00e1mites espec\u00edficos que exijan vigencia reciente.<\/p><\/li><li><p class=\"ds-markdown-paragraph\">El CONAPDIS lo solicita durante el proceso de certificaci\u00f3n o renovaci\u00f3n.<\/p><\/li><\/ul>\t\t\t\t\t\t<\/div>\n\t\t\t\t<\/div>\n\t\t\t\t\t<\/div>\n\t\t<\/div>\n\t\t\t\t\t\t\t<\/div>\n\t\t<\/section>\n\t\t\t\t<section class=\"elementor-section elementor-top-section elementor-element elementor-element-4d523ec elementor-section-boxed elementor-section-height-default elementor-section-height-default\" data-id=\"4d523ec\" data-element_type=\"section\">\n\t\t\t\t\t\t<div class=\"elementor-container elementor-column-gap-default\">\n\t\t\t\t\t<div class=\"elementor-column elementor-col-50 elementor-top-column elementor-element elementor-element-ff801f0\" data-id=\"ff801f0\" data-element_type=\"column\">\n\t\t\t<div class=\"elementor-widget-wrap elementor-element-populated\">\n\t\t\t\t\t\t\t\t<div class=\"elementor-element elementor-element-bbb61ee elementor-widget elementor-widget-text-editor\" data-id=\"bbb61ee\" data-element_type=\"widget\" data-widget_type=\"text-editor.default\">\n\t\t\t\t<div class=\"elementor-widget-container\">\n\t\t\t\t\t\t\t\t\t\t\t\t\t<\/div>\n\t\t\t\t<\/div>\n\t\t\t\t\t<\/div>\n\t\t<\/div>\n\t\t\t\t<div class=\"elementor-column elementor-col-50 elementor-top-column elementor-element elementor-element-4fcea57\" data-id=\"4fcea57\" data-element_type=\"column\">\n\t\t\t<div class=\"elementor-widget-wrap elementor-element-populated\">\n\t\t\t\t\t\t\t\t<div class=\"elementor-element elementor-element-f22f955 elementor-widget elementor-widget-text-editor\" data-id=\"f22f955\" data-element_type=\"widget\" data-widget_type=\"text-editor.default\">\n\t\t\t\t<div class=\"elementor-widget-container\">\n\t\t\t\t\t\t\t\t\t\t\t\t\t<\/div>\n\t\t\t\t<\/div>\n\t\t\t\t\t<\/div>\n\t\t<\/div>\n\t\t\t\t\t\t\t<\/div>\n\t\t<\/section>\n\t\t\t\t<section class=\"elementor-section elementor-top-section elementor-element elementor-element-1776fe1 elementor-section-boxed elementor-section-height-default elementor-section-height-default\" data-id=\"1776fe1\" data-element_type=\"section\">\n\t\t\t\t\t\t<div class=\"elementor-container elementor-column-gap-default\">\n\t\t\t\t\t<div class=\"elementor-column elementor-col-100 elementor-top-column elementor-element elementor-element-d1c8975\" data-id=\"d1c8975\" data-element_type=\"column\">\n\t\t\t<div class=\"elementor-widget-wrap elementor-element-populated\">\n\t\t\t\t\t\t\t\t<div class=\"elementor-element elementor-element-62c5819 elementor-widget elementor-widget-text-editor\" data-id=\"62c5819\" data-element_type=\"widget\" data-widget_type=\"text-editor.default\">\n\t\t\t\t<div class=\"elementor-widget-container\">\n\t\t\t\t\t\t\t<div class=\"ds-message _63c77b1\"><div class=\"ds-markdown\"><p class=\"ds-markdown-paragraph\"><strong>IMPORTANTE:<\/strong><br \/>Este informe <strong>NO es el Certificado de Discapacidad<\/strong>. Es el documento t\u00e9cnico que <strong>acredita la condici\u00f3n<\/strong> y <strong>debe ser consignado ante CONAPDIS<\/strong> (PASO 2) para obtener el carnet oficial que otorga los derechos, beneficios y protecci\u00f3n legal establecidos en la <strong>Ley Org\u00e1nica para la Inclusi\u00f3n, Igualdad y Desarrollo Integral de las Personas con Discapacidad (2024)<\/strong>.<\/p><\/div><\/div>\t\t\t\t\t\t<\/div>\n\t\t\t\t<\/div>\n\t\t\t\t\t<\/div>\n\t\t<\/div>\n\t\t\t\t\t\t\t<\/div>\n\t\t<\/section>\n\t\t\t\t<section class=\"elementor-section elementor-top-section elementor-element elementor-element-6f47fa1c elementor-section-boxed elementor-section-height-default elementor-section-height-default\" data-id=\"6f47fa1c\" data-element_type=\"section\">\n\t\t\t\t\t\t<div class=\"elementor-container elementor-column-gap-default\">\n\t\t\t\t\t<div class=\"elementor-column elementor-col-100 elementor-top-column elementor-element elementor-element-68ac0726\" data-id=\"68ac0726\" data-element_type=\"column\">\n\t\t\t<div class=\"elementor-widget-wrap elementor-element-populated\">\n\t\t\t\t\t\t\t\t<div class=\"elementor-element elementor-element-8a1ac5f elementor-widget elementor-widget-text-editor\" data-id=\"8a1ac5f\" data-element_type=\"widget\" data-widget_type=\"text-editor.default\">\n\t\t\t\t<div class=\"elementor-widget-container\">\n\t\t\t\t\t\t\t\t\t\t\t\t\t<\/div>\n\t\t\t\t<\/div>\n\t\t\t\t\t<\/div>\n\t\t<\/div>\n\t\t\t\t\t\t\t<\/div>\n\t\t<\/section>\n\t\t\t\t\t\t<\/div>\n\t\t\t\t\t<\/div>\n\t\t<div class=\"gsp_post_data\" data-post_type=\"page\" data-cat=\"\" data-modified=\"120\" data-title=\"Pasos a seguir para obtener el certificado de discapacidad\" data-home=\"http:\/\/misionjosegregoriohernandez.gob.ve\"><\/div>","protected":false},"excerpt":{"rendered":"<p>PASO 1: EVALUACI\u00d3N DE LA DISCAPACIDAD \u2013 MINISTERIO DEL PODER POPULAR PARA LA SALUD (MPPS) 1.1 \u00bfEn qu\u00e9 consiste este paso?La Evaluaci\u00f3n de la Discapacidad es el procedimiento t\u00e9cnico-m\u00e9dico mediante el cual se determina&#46;&#46;&#46;<\/p>\n","protected":false},"author":1,"featured_media":0,"parent":0,"menu_order":0,"comment_status":"closed","ping_status":"closed","template":"","meta":{"footnotes":""},"_links":{"self":[{"href":"http:\/\/misionjosegregoriohernandez.gob.ve\/index.php?rest_route=\/wp\/v2\/pages\/2827"}],"collection":[{"href":"http:\/\/misionjosegregoriohernandez.gob.ve\/index.php?rest_route=\/wp\/v2\/pages"}],"about":[{"href":"http:\/\/misionjosegregoriohernandez.gob.ve\/index.php?rest_route=\/wp\/v2\/types\/page"}],"author":[{"embeddable":true,"href":"http:\/\/misionjosegregoriohernandez.gob.ve\/index.php?rest_route=\/wp\/v2\/users\/1"}],"replies":[{"embeddable":true,"href":"http:\/\/misionjosegregoriohernandez.gob.ve\/index.php?rest_route=%2Fwp%2Fv2%2Fcomments&post=2827"}],"version-history":[{"count":163,"href":"http:\/\/misionjosegregoriohernandez.gob.ve\/index.php?rest_route=\/wp\/v2\/pages\/2827\/revisions"}],"predecessor-version":[{"id":16697,"href":"http:\/\/misionjosegregoriohernandez.gob.ve\/index.php?rest_route=\/wp\/v2\/pages\/2827\/revisions\/16697"}],"wp:attachment":[{"href":"http:\/\/misionjosegregoriohernandez.gob.ve\/index.php?rest_route=%2Fwp%2Fv2%2Fmedia&parent=2827"}],"curies":[{"name":"wp","href":"https:\/\/api.w.org\/{rel}","templated":true}]}}