{"id":2760,"date":"2023-12-16T08:57:03","date_gmt":"2023-12-16T12:57:03","guid":{"rendered":"http:\/\/200.125.191.48\/?page_id=2760"},"modified":"2026-03-17T11:54:34","modified_gmt":"2026-03-17T15:54:34","slug":"clasificacion-y-calificacion-de-la-discapacidad","status":"publish","type":"page","link":"http:\/\/misionjosegregoriohernandez.gob.ve\/?page_id=2760","title":{"rendered":"Clasificaci\u00f3n y calificaci\u00f3n de la discapacidad"},"content":{"rendered":"\t\t<div data-elementor-type=\"wp-page\" data-elementor-id=\"2760\" class=\"elementor elementor-2760\" data-elementor-settings=\"[]\">\n\t\t\t\t\t\t\t<div class=\"elementor-section-wrap\">\n\t\t\t\t\t\t\t<section class=\"elementor-section elementor-top-section elementor-element elementor-element-4951446 elementor-section-boxed elementor-section-height-default elementor-section-height-default\" data-id=\"4951446\" data-element_type=\"section\">\n\t\t\t\t\t\t<div class=\"elementor-container elementor-column-gap-default\">\n\t\t\t\t\t<div class=\"elementor-column elementor-col-100 elementor-top-column elementor-element elementor-element-9aeac4b\" data-id=\"9aeac4b\" data-element_type=\"column\">\n\t\t\t<div class=\"elementor-widget-wrap elementor-element-populated\">\n\t\t\t\t\t\t\t\t<div class=\"elementor-element elementor-element-6566a83 elementor-widget elementor-widget-image\" data-id=\"6566a83\" data-element_type=\"widget\" data-widget_type=\"image.default\">\n\t\t\t\t<div class=\"elementor-widget-container\">\n\t\t\t<style>\/*! elementor - v3.5.2 - 22-12-2021 *\/\n.elementor-widget-image{text-align:center}.elementor-widget-image a{display:inline-block}.elementor-widget-image a img[src$=\".svg\"]{width:48px}.elementor-widget-image img{vertical-align:middle;display:inline-block}<\/style>\t\t\t\t\t\t\t\t\t\t\t\t<img loading=\"lazy\" decoding=\"async\" width=\"1024\" height=\"559\" src=\"http:\/\/misionjosegregoriohernandez.gob.ve\/wp-content\/uploads\/2026\/03\/Gemini_Generated_Image_tv9zbxtv9zbxtv9z-1024x559.png\" class=\"attachment-large size-large\" alt=\"\" srcset=\"http:\/\/misionjosegregoriohernandez.gob.ve\/wp-content\/uploads\/2026\/03\/Gemini_Generated_Image_tv9zbxtv9zbxtv9z-1024x559.png 1024w, http:\/\/misionjosegregoriohernandez.gob.ve\/wp-content\/uploads\/2026\/03\/Gemini_Generated_Image_tv9zbxtv9zbxtv9z-300x164.png 300w, http:\/\/misionjosegregoriohernandez.gob.ve\/wp-content\/uploads\/2026\/03\/Gemini_Generated_Image_tv9zbxtv9zbxtv9z-768x419.png 768w, http:\/\/misionjosegregoriohernandez.gob.ve\/wp-content\/uploads\/2026\/03\/Gemini_Generated_Image_tv9zbxtv9zbxtv9z.png 1408w\" sizes=\"(max-width: 1024px) 100vw, 1024px\" \/>\t\t\t\t\t\t\t\t\t\t\t\t\t\t\t<\/div>\n\t\t\t\t<\/div>\n\t\t\t\t\t<\/div>\n\t\t<\/div>\n\t\t\t\t\t\t\t<\/div>\n\t\t<\/section>\n\t\t\t\t<section class=\"elementor-section elementor-top-section elementor-element elementor-element-05fd192 elementor-section-boxed elementor-section-height-default elementor-section-height-default\" data-id=\"05fd192\" data-element_type=\"section\">\n\t\t\t\t\t\t<div class=\"elementor-container elementor-column-gap-default\">\n\t\t\t\t\t<div class=\"elementor-column elementor-col-100 elementor-top-column elementor-element elementor-element-a222bbd\" data-id=\"a222bbd\" data-element_type=\"column\">\n\t\t\t<div class=\"elementor-widget-wrap elementor-element-populated\">\n\t\t\t\t\t\t\t\t<div class=\"elementor-element elementor-element-253f010 elementor-widget elementor-widget-text-editor\" data-id=\"253f010\" data-element_type=\"widget\" data-widget_type=\"text-editor.default\">\n\t\t\t\t<div class=\"elementor-widget-container\">\n\t\t\t<style>\/*! elementor - v3.5.2 - 22-12-2021 *\/\n.elementor-widget-text-editor.elementor-drop-cap-view-stacked .elementor-drop-cap{background-color:#818a91;color:#fff}.elementor-widget-text-editor.elementor-drop-cap-view-framed .elementor-drop-cap{color:#818a91;border:3px solid;background-color:transparent}.elementor-widget-text-editor:not(.elementor-drop-cap-view-default) .elementor-drop-cap{margin-top:8px}.elementor-widget-text-editor:not(.elementor-drop-cap-view-default) .elementor-drop-cap-letter{width:1em;height:1em}.elementor-widget-text-editor .elementor-drop-cap{float:left;text-align:center;line-height:1;font-size:50px}.elementor-widget-text-editor .elementor-drop-cap-letter{display:inline-block}<\/style>\t\t\t\t<h1 class=\"svelte-121hp7c\" dir=\"auto\">1. Clasificaci\u00f3n y Calificaci\u00f3n de la Discapacidad<\/h1><p class=\"svelte-121hp7c\" dir=\"auto\">Para entender c\u00f3mo se reconoce y valora la discapacidad, es fundamental distinguir entre el marco te\u00f3rico (Clasificaci\u00f3n) y el proceso administrativo\/t\u00e9cnico (Calificaci\u00f3n).<\/p><h2 class=\"svelte-121hp7c\" dir=\"auto\">A. La Clasificaci\u00f3n: El Marco Te\u00f3rico<\/h2><p class=\"svelte-121hp7c\" dir=\"auto\">Es el lenguaje universal y el marco de referencia t\u00e9cnico que permite entender y organizar la discapacidad. No se limita a un diagn\u00f3stico m\u00e9dico, sino que analiza el funcionamiento humano en un contexto social.<\/p><ul dir=\"auto\"><li class=\"text-start\"><strong data-moz-translations-id=\"0\">Referencia Principal:<\/strong> La <strong data-moz-translations-id=\"1\">CIF<\/strong> (Clasificaci\u00f3n Internacional del Funcionamiento, de la Discapacidad y de la Salud) de la OMS.<\/li><li class=\"text-start\"><strong data-moz-translations-id=\"0\">Enfoque:<\/strong> Biopsicosocial. No mira solo la &#8220;enfermedad&#8221;, sino la interacci\u00f3n entre la persona y su entorno.<\/li><li class=\"text-start\"><strong>Dimensiones que eval\u00faa:<\/strong><br \/><ol dir=\"auto\" start=\"1\" data-emit-thinking-stage=\"false\"><li class=\"text-start\"><strong data-moz-translations-id=\"0\">Funciones y Estructuras Corporales:<\/strong> Deficiencias (ej. p\u00e9rdida de visi\u00f3n).<\/li><li class=\"text-start\"><strong>Actividad:<\/strong> Limitaciones en la ejecuci\u00f3n de tareas (ej. para caminar).<\/li><li class=\"text-start\"><strong>Participaci\u00f3n: <\/strong>Restricciones en la implicaci\u00f3n en situaciones vitales (p. ej., para el empleo barreras, la educaci\u00f3n o la social interacci\u00f3n).<\/li><li class=\"text-start\"><strong data-moz-translations-id=\"0\">Factores Contextuales:<\/strong> Ambientales y personales.<\/li><\/ol><\/li><\/ul><h2 class=\"svelte-121hp7c\" dir=\"auto\">B. La Calificaci\u00f3n: El Proceso de Valoraci\u00f3n<\/h2><p class=\"svelte-121hp7c\" dir=\"auto\">Es el procedimiento t\u00e9cnico-administrativo por el cual un equipo multidisciplinario (de salud y sociales) determinan el grado de discapacidad de una persona. Este proceso culmina en un <strong>Informe de Clasificaci\u00f3n y Calificaci\u00f3n<\/strong>.<\/p>\t\t\t\t\t\t<\/div>\n\t\t\t\t<\/div>\n\t\t\t\t\t<\/div>\n\t\t<\/div>\n\t\t\t\t\t\t\t<\/div>\n\t\t<\/section>\n\t\t\t\t<section class=\"elementor-section elementor-top-section elementor-element elementor-element-bde10b7 elementor-section-boxed elementor-section-height-default elementor-section-height-default\" data-id=\"bde10b7\" data-element_type=\"section\">\n\t\t\t\t\t\t<div class=\"elementor-container elementor-column-gap-default\">\n\t\t\t\t\t<div class=\"elementor-column elementor-col-100 elementor-top-column elementor-element elementor-element-7304205\" data-id=\"7304205\" data-element_type=\"column\">\n\t\t\t<div class=\"elementor-widget-wrap elementor-element-populated\">\n\t\t\t\t\t\t\t\t<div class=\"elementor-element elementor-element-dc7cc5e elementor-widget elementor-widget-text-editor\" data-id=\"dc7cc5e\" data-element_type=\"widget\" data-widget_type=\"text-editor.default\">\n\t\t\t\t<div class=\"elementor-widget-container\">\n\t\t\t\t\t\t\t<h3 class=\"svelte-121hp7c\" dir=\"auto\">Qu\u00e9 determina este proceso?<\/h3><ol dir=\"auto\" start=\"1\" data-emit-thinking-stage=\"false\"><li class=\"text-start\"><strong data-moz-translations-id=\"0\">El Tipo de Discapacidad:<\/strong> F\u00edsica, intelectual, sensorial (auditiva\/visual), ps\u00edquica o mental.<\/li><li class=\"text-start\"><strong data-moz-translations-id=\"0\">El Origen:<\/strong> Cong\u00e9nito, adquirido o por riesgo laboral.<ul dir=\"auto\" data-moz-translations-id=\"1\"><li class=\"text-start\" data-moz-translations-id=\"2\"><em data-moz-translations-id=\"3\">Nota:<\/em> Si el origen es <strong data-moz-translations-id=\"4\">laboral<\/strong> (enfermedad ocupacional o accidente de trabajo), la calificaci\u00f3n es competencia exclusiva del <strong data-moz-translations-id=\"5\">INPSASEL<\/strong> (Instituto Nacional de Prevenci\u00f3n, Salud y Seguridad Laborales).<\/li><\/ul><\/li><li class=\"text-start\"><strong data-moz-translations-id=\"0\">El Grado (Porcentaje):<\/strong> Se expresa en porcentajes para definir objetivamente el impacto en la autonom\u00eda y la gravedad.<\/li><\/ol>\t\t\t\t\t\t<\/div>\n\t\t\t\t<\/div>\n\t\t\t\t\t<\/div>\n\t\t<\/div>\n\t\t\t\t\t\t\t<\/div>\n\t\t<\/section>\n\t\t\t\t<section class=\"elementor-section elementor-top-section elementor-element elementor-element-e4e6368 elementor-section-boxed elementor-section-height-default elementor-section-height-default\" data-id=\"e4e6368\" data-element_type=\"section\">\n\t\t\t\t\t\t<div class=\"elementor-container elementor-column-gap-default\">\n\t\t\t\t\t<div class=\"elementor-column elementor-col-100 elementor-top-column elementor-element elementor-element-4f89714\" data-id=\"4f89714\" data-element_type=\"column\">\n\t\t\t<div class=\"elementor-widget-wrap elementor-element-populated\">\n\t\t\t\t\t\t\t\t<div class=\"elementor-element elementor-element-a836f17 elementor-widget elementor-widget-text-editor\" data-id=\"a836f17\" data-element_type=\"widget\" data-widget_type=\"text-editor.default\">\n\t\t\t\t<div class=\"elementor-widget-container\">\n\t\t\t\t\t\t\t<p class=\"ds-markdown-paragraph\"><strong><img loading=\"lazy\" decoding=\"async\" class=\"size-medium wp-image-13321 alignleft\" src=\"http:\/\/misionjosegregoriohernandez.gob.ve\/wp-content\/uploads\/2026\/02\/informeclasificacion-291x300.png\" alt=\"\" width=\"291\" height=\"300\" srcset=\"http:\/\/misionjosegregoriohernandez.gob.ve\/wp-content\/uploads\/2026\/02\/informeclasificacion-291x300.png 291w, http:\/\/misionjosegregoriohernandez.gob.ve\/wp-content\/uploads\/2026\/02\/informeclasificacion.png 649w\" sizes=\"(max-width: 291px) 100vw, 291px\" \/>Informe de Clasificaci\u00f3n y Calificaci\u00f3n del funcionamiento y la discapacidad:<\/strong>\u00a0Es la resoluci\u00f3n emitida por un equipo de profesionales de (salud y sociales) que determina el <strong>Grado de Discapacidad<\/strong><\/p><ul><li><p class=\"ds-markdown-paragraph\"><strong>El tipo de discapacidad<\/strong> (f\u00edsica, intelectual, sensorial, auditiva, visual, ps\u00edquica, etc.) .<\/p><\/li><li><p class=\"ds-markdown-paragraph\"><strong>El grado o porcentaje<\/strong> de la discapacidad (aunque la norma vigente enfatiza el enfoque de derechos humanos y autonom\u00eda, el certificado especifica las caracter\u00edsticas y el diagn\u00f3stico). <strong>\u00a0Sirve precisamente para definir de la forma m\u00e1s objetiva <\/strong>posible hasta qu\u00e9 punto la discapacidad afecta a la autonom\u00eda de una persona para poner a su disposici\u00f3n las herramientas y ayudas necesarias. La valoraci\u00f3n de la discapacidad se expresa en porcentaje. Responde a criterios t\u00e9cnicos unificados y fijados por el <strong>Conapdis<\/strong> y en \u00e9l se valoran tanto las discapacidades que presenta una persona como los factores sociales complementarios (entorno familiar y situaci\u00f3n laboral, educativa y cultural) que pueden dificultar su integraci\u00f3n social.<\/p><\/li><\/ul>\t\t\t\t\t\t<\/div>\n\t\t\t\t<\/div>\n\t\t\t\t\t<\/div>\n\t\t<\/div>\n\t\t\t\t\t\t\t<\/div>\n\t\t<\/section>\n\t\t\t\t<section class=\"elementor-section elementor-top-section elementor-element elementor-element-d5b812d elementor-section-boxed elementor-section-height-default elementor-section-height-default\" data-id=\"d5b812d\" data-element_type=\"section\">\n\t\t\t\t\t\t<div class=\"elementor-container elementor-column-gap-default\">\n\t\t\t\t\t<div class=\"elementor-column elementor-col-100 elementor-top-column elementor-element elementor-element-40d1f50\" data-id=\"40d1f50\" data-element_type=\"column\">\n\t\t\t<div class=\"elementor-widget-wrap elementor-element-populated\">\n\t\t\t\t\t\t\t\t<div class=\"elementor-element elementor-element-4b66796 elementor-widget elementor-widget-text-editor\" data-id=\"4b66796\" data-element_type=\"widget\" data-widget_type=\"text-editor.default\">\n\t\t\t\t<div class=\"elementor-widget-container\">\n\t\t\t\t\t\t\t<h2 class=\"svelte-121hp7c\" dir=\"auto\">C. Escala de Grados y Autonom\u00eda<\/h2><p class=\"svelte-121hp7c\" dir=\"auto\">La calificaci\u00f3n se traduce en un puntaje que determina el grado de apoyo que la persona requiere.<\/p><div class=\"relative w-full group\/table mb-5\"><div class=\"overflow-x-auto relative w-full scrollbar-hidden\"><table class=\"min-w-full text-sm text-left text-gray-500 w-fit dark:text-gray-400\"><thead class=\"text-gray-700 uppercase border-none dark:text-gray-400\"><tr class=\"border-none bg-[#f7f7f7] dark:bg-[#F7F7F70F]\"><th class=\"px-3! py-1.5!\" scope=\"col\"><div class=\"gap-1.5 text-left\"><div class=\"break-normal shrink-0\">Grado \/ Clase<\/div><\/div><\/th><th class=\"px-3! py-1.5!\" scope=\"col\"><div class=\"gap-1.5 text-left\"><div class=\"break-normal shrink-0\">Porcentaje<\/div><\/div><\/th><th class=\"px-3! py-1.5!\" scope=\"col\"><div class=\"gap-1.5 text-left\"><div class=\"break-normal shrink-0\">Impacto en la Vida Diaria y Autonom\u00eda<\/div><\/div><\/th><\/tr><\/thead><tbody><tr class=\"border-b-1 border-[#d1d5dc] dark:border-gray-850\"><td class=\"px-3! py-3! border-none text-gray-900 dark:text-white border border-[#EBEBEB] dark:border-[#FFFFFF0D] max-w-[500px] min-w-[180px]\"><strong>Nulo<\/strong><\/td><td class=\"px-3! py-3! border-none text-gray-900 dark:text-white border border-[#EBEBEB] dark:border-[#FFFFFF0D] max-w-[500px] min-w-[180px]\">0% \u2013 5%<\/td><td class=\"px-3! py-3! border-none text-gray-900 dark:text-white border border-[#EBEBEB] dark:border-[#FFFFFF0D] max-w-[500px] min-w-[180px]\">Sin evaluaciones dif\u00edciles. Autonom\u00eda plena.<\/td><\/tr><tr class=\"border-b-1 border-[#d1d5dc] dark:border-gray-850\"><td class=\"px-3! py-3! border-none text-gray-900 dark:text-white border border-[#EBEBEB] dark:border-[#FFFFFF0D] max-w-[500px] min-w-[180px]\"><strong>Leve<\/strong><\/td><td class=\"px-3! py-3! border-none text-gray-900 dark:text-white border border-[#EBEBEB] dark:border-[#FFFFFF0D] max-w-[500px] min-w-[180px]\">6% \u2013 24%<\/td><td class=\"px-3! py-3! border-none text-gray-900 dark:text-white border border-[#EBEBEB] dark:border-[#FFFFFF0D] max-w-[500px] min-w-[180px]\">Dif\u00edculto nivel. La persona es independiente.<\/td><\/tr><tr class=\"border-b-1 border-[#d1d5dc] dark:border-gray-850\"><td class=\"px-3! py-3! border-none text-gray-900 dark:text-white border border-[#EBEBEB] dark:border-[#FFFFFF0D] max-w-[500px] min-w-[180px]\"><strong>Moderado<\/strong><\/td><td class=\"px-3! py-3! border-none text-gray-900 dark:text-white border border-[#EBEBEB] dark:border-[#FFFFFF0D] max-w-[500px] min-w-[180px]\">25% \u2013 49%<\/td><td class=\"px-3! py-3! border-none text-gray-900 dark:text-white border border-[#EBEBEB] dark:border-[#FFFFFF0D] max-w-[500px] min-w-[180px]\">Dificultad de 200. Independencia conservada en autocuidado, con limitaciones con limitaciones.<\/td><\/tr><tr class=\"border-b-1 border-[#d1d5dc] dark:border-gray-850\"><td class=\"px-3! py-3! border-none text-gray-900 dark:text-white border border-[#EBEBEB] dark:border-[#FFFFFF0D] max-w-[500px] min-w-[180px]\"><strong>Tumba<\/strong><\/td><td class=\"px-3! py-3! border-none text-gray-900 dark:text-white border border-[#EBEBEB] dark:border-[#FFFFFF0D] max-w-[500px] min-w-[180px]\">50% \u2013 95%<\/td><td class=\"px-3! py-3! border-none text-gray-900 dark:text-white border border-[#EBEBEB] dark:border-[#FFFFFF0D] max-w-[500px] min-w-[180px]\">Dificultad tumba. Exista en dependencia varias de actividades de vida diaria.<\/td><\/tr><tr class=\"border-b-1 border-[#d1d5dc] dark:border-gray-850\"><td class=\"px-3! py-3! border-none text-gray-900 dark:text-white border border-[#EBEBEB] dark:border-[#FFFFFF0D] max-w-[500px] min-w-[180px]\"><strong>Muy Grave \/ Total<\/strong><\/td><td class=\"px-3! py-3! border-none text-gray-900 dark:text-white border border-[#EBEBEB] dark:border-[#FFFFFF0D] max-w-[500px] min-w-[180px]\">96% \u2013 100%<\/td><td class=\"px-3! py-3! border-none text-gray-900 dark:text-white border border-[#EBEBEB] dark:border-[#FFFFFF0D] max-w-[500px] min-w-[180px]\">En total paracapacidad casi tos todas las actividades. Gran de dependencias.<\/td><\/tr><\/tbody><\/table><\/div><\/div>\t\t\t\t\t\t<\/div>\n\t\t\t\t<\/div>\n\t\t\t\t\t<\/div>\n\t\t<\/div>\n\t\t\t\t\t\t\t<\/div>\n\t\t<\/section>\n\t\t\t\t<section class=\"elementor-section elementor-top-section elementor-element elementor-element-6f69655 elementor-section-boxed elementor-section-height-default elementor-section-height-default\" data-id=\"6f69655\" data-element_type=\"section\">\n\t\t\t\t\t\t<div class=\"elementor-container elementor-column-gap-default\">\n\t\t\t\t\t<div class=\"elementor-column elementor-col-100 elementor-top-column elementor-element elementor-element-baf91cc\" data-id=\"baf91cc\" data-element_type=\"column\">\n\t\t\t<div class=\"elementor-widget-wrap elementor-element-populated\">\n\t\t\t\t\t\t\t\t<div class=\"elementor-element elementor-element-e8675c3 elementor-widget elementor-widget-text-editor\" data-id=\"e8675c3\" data-element_type=\"widget\" data-widget_type=\"text-editor.default\">\n\t\t\t\t<div class=\"elementor-widget-container\">\n\t\t\t\t\t\t\t<div class=\"chat-assistant w-full min-w-full markdown-prose svelte-1u5gq5j\"><div><div id=\"response-content-container\" class=\"flex relative flex-col w-full\"><div class=\"markdown-prose\"><h2 class=\"svelte-121hp7c\" dir=\"auto\">D. Marco Normativo e Institucional<\/h2><ul dir=\"auto\"><li class=\"text-start\"><strong>Ente Rector<\/strong> <strong>(Venezuela):<\/strong> El <strong>CONAPDIS<\/strong> (Consejo Nacional para las Personas con Personas Con Discapacidad) es el \u00fanico organismo con potestad para el Certificado (Carnet) de Discapacidad que valida esta condici\u00f3n.<\/li><\/ul><\/div><\/div><\/div><\/div>\t\t\t\t\t\t<\/div>\n\t\t\t\t<\/div>\n\t\t\t\t\t<\/div>\n\t\t<\/div>\n\t\t\t\t\t\t\t<\/div>\n\t\t<\/section>\n\t\t\t\t\t\t<\/div>\n\t\t\t\t\t<\/div>\n\t\t<div class=\"gsp_post_data\" data-post_type=\"page\" data-cat=\"\" data-modified=\"120\" data-title=\"Clasificaci\u00f3n y calificaci\u00f3n de la discapacidad\" data-home=\"http:\/\/misionjosegregoriohernandez.gob.ve\"><\/div>","protected":false},"excerpt":{"rendered":"<p>1. Clasificaci\u00f3n y Calificaci\u00f3n de la Discapacidad Para entender c\u00f3mo se reconoce y valora la discapacidad, es fundamental distinguir entre el marco te\u00f3rico (Clasificaci\u00f3n) y el proceso administrativo\/t\u00e9cnico (Calificaci\u00f3n). A. La Clasificaci\u00f3n: El Marco&#46;&#46;&#46;<\/p>\n","protected":false},"author":1,"featured_media":0,"parent":0,"menu_order":0,"comment_status":"closed","ping_status":"closed","template":"","meta":{"footnotes":""},"_links":{"self":[{"href":"http:\/\/misionjosegregoriohernandez.gob.ve\/index.php?rest_route=\/wp\/v2\/pages\/2760"}],"collection":[{"href":"http:\/\/misionjosegregoriohernandez.gob.ve\/index.php?rest_route=\/wp\/v2\/pages"}],"about":[{"href":"http:\/\/misionjosegregoriohernandez.gob.ve\/index.php?rest_route=\/wp\/v2\/types\/page"}],"author":[{"embeddable":true,"href":"http:\/\/misionjosegregoriohernandez.gob.ve\/index.php?rest_route=\/wp\/v2\/users\/1"}],"replies":[{"embeddable":true,"href":"http:\/\/misionjosegregoriohernandez.gob.ve\/index.php?rest_route=%2Fwp%2Fv2%2Fcomments&post=2760"}],"version-history":[{"count":156,"href":"http:\/\/misionjosegregoriohernandez.gob.ve\/index.php?rest_route=\/wp\/v2\/pages\/2760\/revisions"}],"predecessor-version":[{"id":16704,"href":"http:\/\/misionjosegregoriohernandez.gob.ve\/index.php?rest_route=\/wp\/v2\/pages\/2760\/revisions\/16704"}],"wp:attachment":[{"href":"http:\/\/misionjosegregoriohernandez.gob.ve\/index.php?rest_route=%2Fwp%2Fv2%2Fmedia&parent=2760"}],"curies":[{"name":"wp","href":"https:\/\/api.w.org\/{rel}","templated":true}]}}