{"id":25,"date":"2023-11-08T16:23:46","date_gmt":"2023-11-08T20:23:46","guid":{"rendered":"http:\/\/misionjosegregoriohernandez.gob.ve\/?page_id=25"},"modified":"2026-03-15T14:19:19","modified_gmt":"2026-03-15T18:19:19","slug":"nuestro-servicios","status":"publish","type":"page","link":"http:\/\/misionjosegregoriohernandez.gob.ve\/?page_id=25","title":{"rendered":"Nuestros servicios &#8211; Disponibles"},"content":{"rendered":"\t\t<div data-elementor-type=\"wp-page\" data-elementor-id=\"25\" class=\"elementor elementor-25\" data-elementor-settings=\"[]\">\n\t\t\t\t\t\t\t<div class=\"elementor-section-wrap\">\n\t\t\t\t\t\t\t<section class=\"elementor-section elementor-top-section elementor-element elementor-element-fd090ce elementor-section-boxed elementor-section-height-default elementor-section-height-default\" data-id=\"fd090ce\" data-element_type=\"section\">\n\t\t\t\t\t\t<div class=\"elementor-container elementor-column-gap-default\">\n\t\t\t\t\t<div class=\"elementor-column elementor-col-100 elementor-top-column elementor-element elementor-element-1cce46b\" data-id=\"1cce46b\" data-element_type=\"column\">\n\t\t\t<div class=\"elementor-widget-wrap elementor-element-populated\">\n\t\t\t\t\t\t\t\t<div class=\"elementor-element elementor-element-2706eb9 elementor-widget elementor-widget-text-editor\" data-id=\"2706eb9\" data-element_type=\"widget\" data-widget_type=\"text-editor.default\">\n\t\t\t\t<div class=\"elementor-widget-container\">\n\t\t\t<style>\/*! elementor - v3.5.2 - 22-12-2021 *\/\n.elementor-widget-text-editor.elementor-drop-cap-view-stacked .elementor-drop-cap{background-color:#818a91;color:#fff}.elementor-widget-text-editor.elementor-drop-cap-view-framed .elementor-drop-cap{color:#818a91;border:3px solid;background-color:transparent}.elementor-widget-text-editor:not(.elementor-drop-cap-view-default) .elementor-drop-cap{margin-top:8px}.elementor-widget-text-editor:not(.elementor-drop-cap-view-default) .elementor-drop-cap-letter{width:1em;height:1em}.elementor-widget-text-editor .elementor-drop-cap{float:left;text-align:center;line-height:1;font-size:50px}.elementor-widget-text-editor .elementor-drop-cap-letter{display:inline-block}<\/style>\t\t\t\t<p><img loading=\"lazy\" decoding=\"async\" class=\"alignnone wp-image-16385 size-full\" src=\"http:\/\/misionjosegregoriohernandez.gob.ve\/wp-content\/uploads\/2026\/03\/Gemini_Generated_Image_blf8hablf8hablf8.png\" alt=\"\" width=\"1408\" height=\"768\" srcset=\"http:\/\/misionjosegregoriohernandez.gob.ve\/wp-content\/uploads\/2026\/03\/Gemini_Generated_Image_blf8hablf8hablf8.png 1408w, http:\/\/misionjosegregoriohernandez.gob.ve\/wp-content\/uploads\/2026\/03\/Gemini_Generated_Image_blf8hablf8hablf8-300x164.png 300w, http:\/\/misionjosegregoriohernandez.gob.ve\/wp-content\/uploads\/2026\/03\/Gemini_Generated_Image_blf8hablf8hablf8-1024x559.png 1024w, http:\/\/misionjosegregoriohernandez.gob.ve\/wp-content\/uploads\/2026\/03\/Gemini_Generated_Image_blf8hablf8hablf8-768x419.png 768w\" sizes=\"(max-width: 1408px) 100vw, 1408px\" \/><\/p>\t\t\t\t\t\t<\/div>\n\t\t\t\t<\/div>\n\t\t\t\t\t<\/div>\n\t\t<\/div>\n\t\t\t\t\t\t\t<\/div>\n\t\t<\/section>\n\t\t\t\t<section class=\"elementor-section elementor-top-section elementor-element elementor-element-a8e7398 elementor-section-boxed elementor-section-height-default elementor-section-height-default\" data-id=\"a8e7398\" data-element_type=\"section\">\n\t\t\t\t\t\t<div class=\"elementor-container elementor-column-gap-default\">\n\t\t\t\t\t<div class=\"elementor-column elementor-col-100 elementor-top-column elementor-element elementor-element-f01fcc4\" data-id=\"f01fcc4\" data-element_type=\"column\">\n\t\t\t<div class=\"elementor-widget-wrap elementor-element-populated\">\n\t\t\t\t\t\t\t\t<div class=\"elementor-element elementor-element-0ba3bf5 elementor-widget elementor-widget-text-editor\" data-id=\"0ba3bf5\" data-element_type=\"widget\" data-widget_type=\"text-editor.default\">\n\t\t\t\t<div class=\"elementor-widget-container\">\n\t\t\t\t\t\t\t<h2 class=\"fittexted_for_content_h2\" style=\"text-align: center;\" data-cya11y-org-font-size=\"30\">Servicios Disponibles<\/h2><p style=\"text-align: center;\" data-cya11y-org-font-size=\"22\">Seleccione el servicio de su inter\u00e9s para conocer los requisitos y realizar su solicitud.<\/p>\t\t\t\t\t\t<\/div>\n\t\t\t\t<\/div>\n\t\t\t\t\t<\/div>\n\t\t<\/div>\n\t\t\t\t\t\t\t<\/div>\n\t\t<\/section>\n\t\t\t\t<section class=\"elementor-section elementor-top-section elementor-element elementor-element-f1f5d39 elementor-section-boxed elementor-section-height-default elementor-section-height-default\" data-id=\"f1f5d39\" data-element_type=\"section\">\n\t\t\t\t\t\t<div class=\"elementor-container elementor-column-gap-default\">\n\t\t\t\t\t<div class=\"elementor-column elementor-col-50 elementor-top-column elementor-element elementor-element-08d67ee\" data-id=\"08d67ee\" data-element_type=\"column\">\n\t\t\t<div class=\"elementor-widget-wrap elementor-element-populated\">\n\t\t\t\t\t\t\t\t<div class=\"elementor-element elementor-element-65b97fa elementor-widget elementor-widget-text-editor\" data-id=\"65b97fa\" data-element_type=\"widget\" data-widget_type=\"text-editor.default\">\n\t\t\t\t<div class=\"elementor-widget-container\">\n\t\t\t\t\t\t\t<h3 class=\"siddai-service-title\"><img loading=\"lazy\" decoding=\"async\" class=\"wp-image-16011 alignleft\" src=\"http:\/\/misionjosegregoriohernandez.gob.ve\/wp-content\/uploads\/2026\/03\/iconoayudahumana.png\" alt=\"\" width=\"50\" height=\"50\" srcset=\"http:\/\/misionjosegregoriohernandez.gob.ve\/wp-content\/uploads\/2026\/03\/iconoayudahumana.png 148w, http:\/\/misionjosegregoriohernandez.gob.ve\/wp-content\/uploads\/2026\/03\/iconoayudahumana-80x80.png 80w\" sizes=\"(max-width: 50px) 100vw, 50px\" \/><\/h3><div class=\"siddai-service-features\"><h4><strong>Programa de Ayudas Humanas: Inclusi\u00f3n y Autonom\u00eda<\/strong><\/h4><p class=\"ds-markdown-paragraph\">Creemos en un mundo donde todos puedan moverse y participar plenamente. Por eso, facilitamos el acceso a ayudas t\u00e9cnicas que eliminan barreras y mejoran tu independencia.\u00a0 <strong>Nuestras ayudas disponibles:<\/strong><\/p><ul><li><p class=\"ds-markdown-paragraph\">\ud83e\uddbd <strong>Sillas de ruedas:<\/strong>\u00a0\ud83e\ude7c <strong>Muletas y andaderas:<\/strong>\u00a0<\/p><\/li><li><p class=\"ds-markdown-paragraph\">\ud83e\uddaf <strong>Bastones:<\/strong>\u00a0\u267f <strong>Dispositivos de accesibilidad:<\/strong>\u00a0<\/p><\/li><\/ul><p><a href=\"http:\/\/misionjosegregoriohernandez.gob.ve\/?page_id=15824\"><button class=\"siddai-service-btn\"><span style=\"color: #ffffff;\"><strong>Solicitar<\/strong><\/span><\/button><\/a><\/p><\/div>\t\t\t\t\t\t<\/div>\n\t\t\t\t<\/div>\n\t\t\t\t\t<\/div>\n\t\t<\/div>\n\t\t\t\t<div class=\"elementor-column elementor-col-50 elementor-top-column elementor-element elementor-element-759a9ec\" data-id=\"759a9ec\" data-element_type=\"column\">\n\t\t\t<div class=\"elementor-widget-wrap elementor-element-populated\">\n\t\t\t\t\t\t\t\t<div class=\"elementor-element elementor-element-5346777 elementor-widget elementor-widget-text-editor\" data-id=\"5346777\" data-element_type=\"widget\" data-widget_type=\"text-editor.default\">\n\t\t\t\t<div class=\"elementor-widget-container\">\n\t\t\t\t\t\t\t<h3 class=\"siddai-service-title\"><img loading=\"lazy\" decoding=\"async\" class=\"wp-image-16015 alignleft\" src=\"http:\/\/misionjosegregoriohernandez.gob.ve\/wp-content\/uploads\/2026\/03\/iconoortesisyprotesis.jpeg\" alt=\"\" width=\"47\" height=\"47\" srcset=\"http:\/\/misionjosegregoriohernandez.gob.ve\/wp-content\/uploads\/2026\/03\/iconoortesisyprotesis.jpeg 296w, http:\/\/misionjosegregoriohernandez.gob.ve\/wp-content\/uploads\/2026\/03\/iconoortesisyprotesis-150x150.jpeg 150w, http:\/\/misionjosegregoriohernandez.gob.ve\/wp-content\/uploads\/2026\/03\/iconoortesisyprotesis-80x80.jpeg 80w\" sizes=\"(max-width: 47px) 100vw, 47px\" \/><\/h3><h4><strong>Servicio de \u00d3rtesis y Pr\u00f3tesis: Movilidad y Bienestar<\/strong><\/h4><p class=\"siddai-service-title\">Brindamos atenci\u00f3n especializada para la evaluaci\u00f3n, dise\u00f1o y adaptaci\u00f3n de dispositivos externos que mejoran tu funcionalidad y calidad de vida. Trabajamos con tecnolog\u00eda de \u00faltima generaci\u00f3n y materiales de alta calidad para garantizar comodidad, durabilidad y un ajuste perfecto a tus necesidades.<\/p><p class=\"siddai-service-title\"><a href=\"http:\/\/misionjosegregoriohernandez.gob.ve\/?page_id=6655\"><button class=\"siddai-service-btn\"><span style=\"color: #ffffff;\">Solicitar<\/span><\/button><\/a><\/p>\t\t\t\t\t\t<\/div>\n\t\t\t\t<\/div>\n\t\t\t\t<div class=\"elementor-element elementor-element-12617cf elementor-widget elementor-widget-text-editor\" data-id=\"12617cf\" data-element_type=\"widget\" data-widget_type=\"text-editor.default\">\n\t\t\t\t<div class=\"elementor-widget-container\">\n\t\t\t\t\t\t\t\t\t\t\t\t\t<\/div>\n\t\t\t\t<\/div>\n\t\t\t\t\t<\/div>\n\t\t<\/div>\n\t\t\t\t\t\t\t<\/div>\n\t\t<\/section>\n\t\t\t\t<section class=\"elementor-section elementor-top-section elementor-element elementor-element-8027be2 elementor-section-boxed elementor-section-height-default elementor-section-height-default\" data-id=\"8027be2\" data-element_type=\"section\">\n\t\t\t\t\t\t<div class=\"elementor-container elementor-column-gap-default\">\n\t\t\t\t\t<div class=\"elementor-column elementor-col-50 elementor-top-column elementor-element elementor-element-bf9abb5\" data-id=\"bf9abb5\" data-element_type=\"column\">\n\t\t\t<div class=\"elementor-widget-wrap elementor-element-populated\">\n\t\t\t\t\t\t\t\t<div class=\"elementor-element elementor-element-d7e4a03 elementor-widget elementor-widget-text-editor\" data-id=\"d7e4a03\" data-element_type=\"widget\" data-widget_type=\"text-editor.default\">\n\t\t\t\t<div class=\"elementor-widget-container\">\n\t\t\t\t\t\t\t<h3 class=\"siddai-service-title\"><img loading=\"lazy\" decoding=\"async\" class=\"wp-image-13123 alignleft\" src=\"http:\/\/misionjosegregoriohernandez.gob.ve\/wp-content\/uploads\/2026\/02\/fisioterapia.png\" alt=\"\" width=\"68\" height=\"68\" srcset=\"http:\/\/misionjosegregoriohernandez.gob.ve\/wp-content\/uploads\/2026\/02\/fisioterapia.png 225w, http:\/\/misionjosegregoriohernandez.gob.ve\/wp-content\/uploads\/2026\/02\/fisioterapia-150x150.png 150w, http:\/\/misionjosegregoriohernandez.gob.ve\/wp-content\/uploads\/2026\/02\/fisioterapia-80x80.png 80w\" sizes=\"(max-width: 68px) 100vw, 68px\" \/>Servicios de Fisiatr\u00eda y Rehabilitaci\u00f3n.<\/h3><p><strong>Nuestros servicios :<\/strong><\/p><div class=\"siddai-service-features\"><p class=\"ds-markdown-paragraph\"><strong>Fisioterapia:<\/strong> Recupera tu movilidad, alivia el dolor y fortalece tu cuerpo con tratamientos personalizados.<\/p><p class=\"ds-markdown-paragraph\"><strong>Terapia Ocupacional:<\/strong> Redescubre tu independencia en las actividades diarias. Te ayudamos a adaptar tu vida a tus capacidades.<a href=\"http:\/\/misionjosegregoriohernandez.gob.ve\/?page_id=6598\"><button class=\"siddai-service-btn\"><span style=\"color: #ffffff;\">Solicitar<\/span><\/button><\/a><\/p><\/div>\t\t\t\t\t\t<\/div>\n\t\t\t\t<\/div>\n\t\t\t\t\t<\/div>\n\t\t<\/div>\n\t\t\t\t<div class=\"elementor-column elementor-col-50 elementor-top-column elementor-element elementor-element-8dd58dc\" data-id=\"8dd58dc\" data-element_type=\"column\">\n\t\t\t<div class=\"elementor-widget-wrap elementor-element-populated\">\n\t\t\t\t\t\t\t\t<div class=\"elementor-element elementor-element-06f32d5 elementor-widget elementor-widget-text-editor\" data-id=\"06f32d5\" data-element_type=\"widget\" data-widget_type=\"text-editor.default\">\n\t\t\t\t<div class=\"elementor-widget-container\">\n\t\t\t\t\t\t\t<h3 class=\"siddai-service-title\"><img loading=\"lazy\" decoding=\"async\" class=\"wp-image-3029 alignleft\" src=\"http:\/\/misionjosegregoriohernandez.gob.ve\/wp-content\/uploads\/2024\/03\/Audiologia-150x150-1.png\" alt=\"\" width=\"97\" height=\"97\" srcset=\"http:\/\/misionjosegregoriohernandez.gob.ve\/wp-content\/uploads\/2024\/03\/Audiologia-150x150-1.png 150w, http:\/\/misionjosegregoriohernandez.gob.ve\/wp-content\/uploads\/2024\/03\/Audiologia-150x150-1-80x80.png 80w\" sizes=\"(max-width: 97px) 100vw, 97px\" \/>Atenci\u00f3n Audiologia<\/h3><p class=\"siddai-service-desc\">Nuestra unidad de Audiolog\u00eda ofrece un abordaje completo para la prevenci\u00f3n, detecci\u00f3n y tratamiento de los trastornos auditivos y del equilibrio. Entendemos que la audici\u00f3n es clave para tu comunicaci\u00f3n y bienestar general.<\/p><div class=\"siddai-service-features\"><p><a href=\"http:\/\/misionjosegregoriohernandez.gob.ve\/?page_id=391\"><button class=\"siddai-service-btn\"><span style=\"color: #ffffff;\">Solicitar<\/span><\/button><\/a>Audiolog\u00eda<\/p><\/div>\t\t\t\t\t\t<\/div>\n\t\t\t\t<\/div>\n\t\t\t\t\t<\/div>\n\t\t<\/div>\n\t\t\t\t\t\t\t<\/div>\n\t\t<\/section>\n\t\t\t\t<section class=\"elementor-section elementor-top-section elementor-element elementor-element-b52dbf4 elementor-section-boxed elementor-section-height-default elementor-section-height-default\" data-id=\"b52dbf4\" data-element_type=\"section\">\n\t\t\t\t\t\t<div class=\"elementor-container elementor-column-gap-default\">\n\t\t\t\t\t<div class=\"elementor-column elementor-col-100 elementor-top-column elementor-element elementor-element-452c60d\" data-id=\"452c60d\" data-element_type=\"column\">\n\t\t\t<div class=\"elementor-widget-wrap elementor-element-populated\">\n\t\t\t\t\t\t\t\t<div class=\"elementor-element elementor-element-27c8aae elementor-widget elementor-widget-text-editor\" data-id=\"27c8aae\" data-element_type=\"widget\" data-widget_type=\"text-editor.default\">\n\t\t\t\t<div class=\"elementor-widget-container\">\n\t\t\t\t\t\t\t<h2 class=\"siddai-how-title\">\u00bfC\u00f3mo Funciona?<\/h2>\t\t\t\t\t\t<\/div>\n\t\t\t\t<\/div>\n\t\t\t\t\t<\/div>\n\t\t<\/div>\n\t\t\t\t\t\t\t<\/div>\n\t\t<\/section>\n\t\t\t\t<section class=\"elementor-section elementor-top-section elementor-element elementor-element-29befdd elementor-section-boxed elementor-section-height-default elementor-section-height-default\" data-id=\"29befdd\" data-element_type=\"section\">\n\t\t\t\t\t\t<div class=\"elementor-container elementor-column-gap-default\">\n\t\t\t\t\t<div class=\"elementor-column elementor-col-25 elementor-top-column elementor-element elementor-element-43cb201\" data-id=\"43cb201\" data-element_type=\"column\">\n\t\t\t<div class=\"elementor-widget-wrap elementor-element-populated\">\n\t\t\t\t\t\t\t\t<div class=\"elementor-element elementor-element-480d82a elementor-widget elementor-widget-text-editor\" data-id=\"480d82a\" data-element_type=\"widget\" data-widget_type=\"text-editor.default\">\n\t\t\t\t<div class=\"elementor-widget-container\">\n\t\t\t\t\t\t\t<div class=\"siddai-step-number\"><p><span class=\"siddai-step-badge\"><strong><img loading=\"lazy\" decoding=\"async\" class=\"wp-image-7780 alignleft\" src=\"http:\/\/misionjosegregoriohernandez.gob.ve\/wp-content\/uploads\/2025\/04\/requisitoscheck.jpeg\" alt=\"\" width=\"69\" height=\"46\" \/>1 <\/strong><\/span><strong>Seleccione el Servicio<\/strong><\/p><\/div><p class=\"siddai-step-desc\"><strong>Elija el tr\u00e1mite que necesita realizar<\/strong><\/p>\t\t\t\t\t\t<\/div>\n\t\t\t\t<\/div>\n\t\t\t\t\t<\/div>\n\t\t<\/div>\n\t\t\t\t<div class=\"elementor-column elementor-col-25 elementor-top-column elementor-element elementor-element-2881f21\" data-id=\"2881f21\" data-element_type=\"column\">\n\t\t\t<div class=\"elementor-widget-wrap elementor-element-populated\">\n\t\t\t\t\t\t\t\t<div class=\"elementor-element elementor-element-506ac18 elementor-widget elementor-widget-text-editor\" data-id=\"506ac18\" data-element_type=\"widget\" data-widget_type=\"text-editor.default\">\n\t\t\t\t<div class=\"elementor-widget-container\">\n\t\t\t\t\t\t\t<div class=\"siddai-step-number\"><p><span class=\"siddai-step-badge\"><strong><img loading=\"lazy\" decoding=\"async\" class=\"wp-image-15552 alignleft\" src=\"http:\/\/misionjosegregoriohernandez.gob.ve\/wp-content\/uploads\/2026\/03\/tarea-completada-300x300.png\" alt=\"\" width=\"68\" height=\"68\" srcset=\"http:\/\/misionjosegregoriohernandez.gob.ve\/wp-content\/uploads\/2026\/03\/tarea-completada-300x300.png 300w, http:\/\/misionjosegregoriohernandez.gob.ve\/wp-content\/uploads\/2026\/03\/tarea-completada-150x150.png 150w, http:\/\/misionjosegregoriohernandez.gob.ve\/wp-content\/uploads\/2026\/03\/tarea-completada-80x80.png 80w, http:\/\/misionjosegregoriohernandez.gob.ve\/wp-content\/uploads\/2026\/03\/tarea-completada-320x320.png 320w, http:\/\/misionjosegregoriohernandez.gob.ve\/wp-content\/uploads\/2026\/03\/tarea-completada.png 512w\" sizes=\"(max-width: 68px) 100vw, 68px\" \/>2 <\/strong><\/span><strong>Complete el Formulario<\/strong><\/p><\/div><p class=\"siddai-step-desc\"><strong>Ingrese sus datos personales<\/strong><\/p>\t\t\t\t\t\t<\/div>\n\t\t\t\t<\/div>\n\t\t\t\t\t<\/div>\n\t\t<\/div>\n\t\t\t\t<div class=\"elementor-column elementor-col-25 elementor-top-column elementor-element elementor-element-d9c73bf\" data-id=\"d9c73bf\" data-element_type=\"column\">\n\t\t\t<div class=\"elementor-widget-wrap elementor-element-populated\">\n\t\t\t\t\t\t\t\t<div class=\"elementor-element elementor-element-3d9b1a1 elementor-widget elementor-widget-text-editor\" data-id=\"3d9b1a1\" data-element_type=\"widget\" data-widget_type=\"text-editor.default\">\n\t\t\t\t<div class=\"elementor-widget-container\">\n\t\t\t\t\t\t\t<div class=\"siddai-step-number\"><p><span class=\"siddai-step-badge\"><strong><img loading=\"lazy\" decoding=\"async\" class=\"wp-image-7776 alignleft\" src=\"http:\/\/misionjosegregoriohernandez.gob.ve\/wp-content\/uploads\/2025\/04\/requisitos.png\" alt=\"\" width=\"63\" height=\"63\" srcset=\"http:\/\/misionjosegregoriohernandez.gob.ve\/wp-content\/uploads\/2025\/04\/requisitos.png 225w, http:\/\/misionjosegregoriohernandez.gob.ve\/wp-content\/uploads\/2025\/04\/requisitos-150x150.png 150w, http:\/\/misionjosegregoriohernandez.gob.ve\/wp-content\/uploads\/2025\/04\/requisitos-80x80.png 80w\" sizes=\"(max-width: 63px) 100vw, 63px\" \/>3 <\/strong><\/span><strong>Adjunte Documentos<\/strong><\/p><\/div><p class=\"siddai-step-desc\"><strong>Suba los recaudos necesarios<\/strong><\/p>\t\t\t\t\t\t<\/div>\n\t\t\t\t<\/div>\n\t\t\t\t\t<\/div>\n\t\t<\/div>\n\t\t\t\t<div class=\"elementor-column elementor-col-25 elementor-top-column elementor-element elementor-element-be5c94d\" data-id=\"be5c94d\" data-element_type=\"column\">\n\t\t\t<div class=\"elementor-widget-wrap elementor-element-populated\">\n\t\t\t\t\t\t\t\t<div class=\"elementor-element elementor-element-b243f91 elementor-widget elementor-widget-text-editor\" data-id=\"b243f91\" data-element_type=\"widget\" data-widget_type=\"text-editor.default\">\n\t\t\t\t<div class=\"elementor-widget-container\">\n\t\t\t\t\t\t\t<p><span class=\"siddai-step-badge\"><strong><img loading=\"lazy\" decoding=\"async\" class=\"wp-image-15543 alignleft\" src=\"http:\/\/misionjosegregoriohernandez.gob.ve\/wp-content\/uploads\/2026\/03\/pregunta-y-respuesta-300x300.png\" alt=\"\" width=\"50\" height=\"50\" srcset=\"http:\/\/misionjosegregoriohernandez.gob.ve\/wp-content\/uploads\/2026\/03\/pregunta-y-respuesta-300x300.png 300w, http:\/\/misionjosegregoriohernandez.gob.ve\/wp-content\/uploads\/2026\/03\/pregunta-y-respuesta-150x150.png 150w, http:\/\/misionjosegregoriohernandez.gob.ve\/wp-content\/uploads\/2026\/03\/pregunta-y-respuesta-80x80.png 80w, http:\/\/misionjosegregoriohernandez.gob.ve\/wp-content\/uploads\/2026\/03\/pregunta-y-respuesta-320x320.png 320w, http:\/\/misionjosegregoriohernandez.gob.ve\/wp-content\/uploads\/2026\/03\/pregunta-y-respuesta.png 512w\" sizes=\"(max-width: 50px) 100vw, 50px\" \/>4 <\/strong><\/span><strong>Reciba Respuesta <\/strong><strong>Le notificaremos el estatus<\/strong><\/p>\t\t\t\t\t\t<\/div>\n\t\t\t\t<\/div>\n\t\t\t\t\t<\/div>\n\t\t<\/div>\n\t\t\t\t\t\t\t<\/div>\n\t\t<\/section>\n\t\t\t\t<section class=\"elementor-section elementor-top-section elementor-element elementor-element-610eaee elementor-section-boxed elementor-section-height-default elementor-section-height-default\" data-id=\"610eaee\" data-element_type=\"section\">\n\t\t\t\t\t\t<div class=\"elementor-container elementor-column-gap-default\">\n\t\t\t\t\t<div class=\"elementor-column elementor-col-100 elementor-top-column elementor-element elementor-element-53cda9b\" data-id=\"53cda9b\" data-element_type=\"column\">\n\t\t\t<div class=\"elementor-widget-wrap elementor-element-populated\">\n\t\t\t\t\t\t\t\t<div class=\"elementor-element elementor-element-b765420 elementor-widget elementor-widget-text-editor\" data-id=\"b765420\" data-element_type=\"widget\" data-widget_type=\"text-editor.default\">\n\t\t\t\t<div class=\"elementor-widget-container\">\n\t\t\t\t\t\t\t<p style=\"text-align: center;\" data-path-to-node=\"30\" data-cya11y-org-font-size=\"22\"><span style=\"color: #ffffff;\"><strong>V<em>enezuela Inclusiva es Posible<\/em><\/strong><\/span><\/p><p style=\"text-align: center;\" data-path-to-node=\"31\" data-cya11y-org-font-size=\"22\"><em><span style=\"color: #ffffff;\"><strong>En la Fundaci\u00f3n Misi\u00f3n Jos\u00e9 Gregorio Hern\u00e1ndez, creemos que la discapacidad es una faceta de la diversidad humana. Nuestro compromiso es derribar barreras para<\/strong> <strong>construir juntos un pa\u00eds donde el apoyo mutuo sea la base del progreso<\/strong>.<\/span><\/em><\/p>\t\t\t\t\t\t<\/div>\n\t\t\t\t<\/div>\n\t\t\t\t\t<\/div>\n\t\t<\/div>\n\t\t\t\t\t\t\t<\/div>\n\t\t<\/section>\n\t\t\t\t\t\t<\/div>\n\t\t\t\t\t<\/div>\n\t\t<div class=\"gsp_post_data\" data-post_type=\"page\" data-cat=\"\" data-modified=\"120\" data-title=\"Nuestros servicios &#8211; Disponibles\" data-home=\"http:\/\/misionjosegregoriohernandez.gob.ve\"><\/div>","protected":false},"excerpt":{"rendered":"<p>Servicios Disponibles Seleccione el servicio de su inter\u00e9s para conocer los requisitos y realizar su solicitud. Programa de Ayudas Humanas: Inclusi\u00f3n y Autonom\u00eda Creemos en un mundo donde todos puedan moverse y participar plenamente. Por eso, facilitamos el acceso a ayudas t\u00e9cnicas que eliminan barreras&#46;&#46;&#46;<\/p>\n","protected":false},"author":1,"featured_media":0,"parent":0,"menu_order":0,"comment_status":"closed","ping_status":"closed","template":"","meta":{"footnotes":""},"_links":{"self":[{"href":"http:\/\/misionjosegregoriohernandez.gob.ve\/index.php?rest_route=\/wp\/v2\/pages\/25"}],"collection":[{"href":"http:\/\/misionjosegregoriohernandez.gob.ve\/index.php?rest_route=\/wp\/v2\/pages"}],"about":[{"href":"http:\/\/misionjosegregoriohernandez.gob.ve\/index.php?rest_route=\/wp\/v2\/types\/page"}],"author":[{"embeddable":true,"href":"http:\/\/misionjosegregoriohernandez.gob.ve\/index.php?rest_route=\/wp\/v2\/users\/1"}],"replies":[{"embeddable":true,"href":"http:\/\/misionjosegregoriohernandez.gob.ve\/index.php?rest_route=%2Fwp%2Fv2%2Fcomments&post=25"}],"version-history":[{"count":1461,"href":"http:\/\/misionjosegregoriohernandez.gob.ve\/index.php?rest_route=\/wp\/v2\/pages\/25\/revisions"}],"predecessor-version":[{"id":16410,"href":"http:\/\/misionjosegregoriohernandez.gob.ve\/index.php?rest_route=\/wp\/v2\/pages\/25\/revisions\/16410"}],"wp:attachment":[{"href":"http:\/\/misionjosegregoriohernandez.gob.ve\/index.php?rest_route=%2Fwp%2Fv2%2Fmedia&parent=25"}],"curies":[{"name":"wp","href":"https:\/\/api.w.org\/{rel}","templated":true}]}}