{"id":16887,"date":"2026-03-19T11:30:10","date_gmt":"2026-03-19T15:30:10","guid":{"rendered":"http:\/\/misionjosegregoriohernandez.gob.ve\/?page_id=16887"},"modified":"2026-03-19T13:00:08","modified_gmt":"2026-03-19T17:00:08","slug":"contactar","status":"publish","type":"page","link":"http:\/\/misionjosegregoriohernandez.gob.ve\/?page_id=16887","title":{"rendered":"Contactar"},"content":{"rendered":"\t\t<div data-elementor-type=\"wp-page\" data-elementor-id=\"16887\" class=\"elementor elementor-16887\" data-elementor-settings=\"[]\">\n\t\t\t\t\t\t\t<div class=\"elementor-section-wrap\">\n\t\t\t\t\t\t\t<section class=\"elementor-section elementor-top-section elementor-element elementor-element-7df0fcd elementor-section-boxed elementor-section-height-default elementor-section-height-default\" data-id=\"7df0fcd\" data-element_type=\"section\">\n\t\t\t\t\t\t<div class=\"elementor-container elementor-column-gap-default\">\n\t\t\t\t\t<div class=\"elementor-column elementor-col-50 elementor-top-column elementor-element elementor-element-1c3c970\" data-id=\"1c3c970\" data-element_type=\"column\">\n\t\t\t<div class=\"elementor-widget-wrap elementor-element-populated\">\n\t\t\t\t\t\t\t\t<div class=\"elementor-element elementor-element-3e41751 elementor-widget elementor-widget-image\" data-id=\"3e41751\" data-element_type=\"widget\" data-widget_type=\"image.default\">\n\t\t\t\t<div class=\"elementor-widget-container\">\n\t\t\t<style>\/*! elementor - v3.5.2 - 22-12-2021 *\/\n.elementor-widget-image{text-align:center}.elementor-widget-image a{display:inline-block}.elementor-widget-image a img[src$=\".svg\"]{width:48px}.elementor-widget-image img{vertical-align:middle;display:inline-block}<\/style>\t\t\t\t\t\t\t\t\t\t\t\t<img loading=\"lazy\" decoding=\"async\" width=\"300\" height=\"118\" src=\"http:\/\/misionjosegregoriohernandez.gob.ve\/wp-content\/uploads\/2024\/03\/contactanos-300x118-1.png\" class=\"attachment-large size-large\" alt=\"\" \/>\t\t\t\t\t\t\t\t\t\t\t\t\t\t\t<\/div>\n\t\t\t\t<\/div>\n\t\t\t\t\t<\/div>\n\t\t<\/div>\n\t\t\t\t<div class=\"elementor-column elementor-col-50 elementor-top-column elementor-element elementor-element-154e6cf\" data-id=\"154e6cf\" data-element_type=\"column\">\n\t\t\t<div class=\"elementor-widget-wrap elementor-element-populated\">\n\t\t\t\t\t\t\t\t<div class=\"elementor-element elementor-element-48d63e0 elementor-widget elementor-widget-image\" data-id=\"48d63e0\" data-element_type=\"widget\" data-widget_type=\"image.default\">\n\t\t\t\t<div class=\"elementor-widget-container\">\n\t\t\t\t\t\t\t\t\t\t\t\t\t\t\t<img decoding=\"async\" src=\"http:\/\/misionjosegregoriohernandez.gob.ve\/wp-content\/uploads\/2024\/05\/nuevo-mapa-de-venezuela-con-la-inclusion-de-la-guayana-esequiba-138884-1.jpg\" title=\"nuevo-mapa-de-venezuela-con-la-inclusion-de-la-guayana-esequiba-138884\" alt=\"nuevo-mapa-de-venezuela-con-la-inclusion-de-la-guayana-esequiba-138884\" \/>\t\t\t\t\t\t\t\t\t\t\t\t\t\t\t<\/div>\n\t\t\t\t<\/div>\n\t\t\t\t\t<\/div>\n\t\t<\/div>\n\t\t\t\t\t\t\t<\/div>\n\t\t<\/section>\n\t\t\t\t<section class=\"elementor-section elementor-top-section elementor-element elementor-element-e1a91bb elementor-section-boxed elementor-section-height-default elementor-section-height-default\" data-id=\"e1a91bb\" data-element_type=\"section\">\n\t\t\t\t\t\t<div class=\"elementor-container elementor-column-gap-default\">\n\t\t\t\t\t<div class=\"elementor-column elementor-col-100 elementor-top-column elementor-element elementor-element-cd70613\" data-id=\"cd70613\" data-element_type=\"column\">\n\t\t\t<div class=\"elementor-widget-wrap elementor-element-populated\">\n\t\t\t\t\t\t\t\t<div class=\"elementor-element elementor-element-9a2dee0 elementor-widget elementor-widget-image\" data-id=\"9a2dee0\" data-element_type=\"widget\" data-widget_type=\"image.default\">\n\t\t\t\t<div class=\"elementor-widget-container\">\n\t\t\t\t\t\t\t\t\t\t\t\t\t\t\t<img loading=\"lazy\" decoding=\"async\" width=\"1024\" height=\"559\" src=\"http:\/\/misionjosegregoriohernandez.gob.ve\/wp-content\/uploads\/2026\/03\/Gemini_Generated_Image_cfv4lmcfv4lmcfv4-1024x559.png\" class=\"attachment-large size-large\" alt=\"\" srcset=\"http:\/\/misionjosegregoriohernandez.gob.ve\/wp-content\/uploads\/2026\/03\/Gemini_Generated_Image_cfv4lmcfv4lmcfv4-1024x559.png 1024w, http:\/\/misionjosegregoriohernandez.gob.ve\/wp-content\/uploads\/2026\/03\/Gemini_Generated_Image_cfv4lmcfv4lmcfv4-300x164.png 300w, http:\/\/misionjosegregoriohernandez.gob.ve\/wp-content\/uploads\/2026\/03\/Gemini_Generated_Image_cfv4lmcfv4lmcfv4-768x419.png 768w, http:\/\/misionjosegregoriohernandez.gob.ve\/wp-content\/uploads\/2026\/03\/Gemini_Generated_Image_cfv4lmcfv4lmcfv4.png 1408w\" sizes=\"(max-width: 1024px) 100vw, 1024px\" \/>\t\t\t\t\t\t\t\t\t\t\t\t\t\t\t<\/div>\n\t\t\t\t<\/div>\n\t\t\t\t\t<\/div>\n\t\t<\/div>\n\t\t\t\t\t\t\t<\/div>\n\t\t<\/section>\n\t\t\t\t<section class=\"elementor-section elementor-top-section elementor-element elementor-element-60f859d elementor-section-boxed elementor-section-height-default elementor-section-height-default\" data-id=\"60f859d\" data-element_type=\"section\">\n\t\t\t\t\t\t<div class=\"elementor-container elementor-column-gap-default\">\n\t\t\t\t\t<div class=\"elementor-column elementor-col-100 elementor-top-column elementor-element elementor-element-329ad32\" data-id=\"329ad32\" data-element_type=\"column\">\n\t\t\t<div class=\"elementor-widget-wrap elementor-element-populated\">\n\t\t\t\t\t\t\t\t<div class=\"elementor-element elementor-element-98e1e8f elementor-widget elementor-widget-text-editor\" data-id=\"98e1e8f\" data-element_type=\"widget\" data-widget_type=\"text-editor.default\">\n\t\t\t\t<div class=\"elementor-widget-container\">\n\t\t\t<style>\/*! elementor - v3.5.2 - 22-12-2021 *\/\n.elementor-widget-text-editor.elementor-drop-cap-view-stacked .elementor-drop-cap{background-color:#818a91;color:#fff}.elementor-widget-text-editor.elementor-drop-cap-view-framed .elementor-drop-cap{color:#818a91;border:3px solid;background-color:transparent}.elementor-widget-text-editor:not(.elementor-drop-cap-view-default) .elementor-drop-cap{margin-top:8px}.elementor-widget-text-editor:not(.elementor-drop-cap-view-default) .elementor-drop-cap-letter{width:1em;height:1em}.elementor-widget-text-editor .elementor-drop-cap{float:left;text-align:center;line-height:1;font-size:50px}.elementor-widget-text-editor .elementor-drop-cap-letter{display:inline-block}<\/style>\t\t\t\t<p><strong><span style=\"color: #000000;\"><a style=\"color: #000000;\" href=\"http:\/\/misionjosegregoriohernandez.gob.ve\/?page_id=538\">Sede principal<\/a><\/span><\/strong><\/p><p><strong><span style=\"color: #000000;\"><a style=\"color: #000000;\" href=\"http:\/\/misionjosegregoriohernandez.gob.ve\/?page_id=640\">Oficina de Atenci\u00f3n al Ciudadano (OAC)<\/a><\/span><\/strong><\/p><p>.<\/p>\t\t\t\t\t\t<\/div>\n\t\t\t\t<\/div>\n\t\t\t\t\t<\/div>\n\t\t<\/div>\n\t\t\t\t\t\t\t<\/div>\n\t\t<\/section>\n\t\t\t\t<section class=\"elementor-section elementor-top-section elementor-element elementor-element-146015d elementor-section-boxed elementor-section-height-default elementor-section-height-default\" data-id=\"146015d\" data-element_type=\"section\">\n\t\t\t\t\t\t<div class=\"elementor-container elementor-column-gap-default\">\n\t\t\t\t\t<div class=\"elementor-column elementor-col-100 elementor-top-column elementor-element elementor-element-c84d7fb\" data-id=\"c84d7fb\" data-element_type=\"column\">\n\t\t\t<div class=\"elementor-widget-wrap elementor-element-populated\">\n\t\t\t\t\t\t\t\t<div class=\"elementor-element elementor-element-ff888e8 elementor-widget elementor-widget-text-editor\" data-id=\"ff888e8\" data-element_type=\"widget\" data-widget_type=\"text-editor.default\">\n\t\t\t\t<div class=\"elementor-widget-container\">\n\t\t\t\t\t\t\t<section class=\"elementor-section elementor-top-section elementor-element elementor-element-47cadce elementor-section-boxed elementor-section-height-default elementor-section-height-default\" data-id=\"47cadce\" data-element_type=\"section\"><div class=\"elementor-container elementor-column-gap-default\" data-cya11y-org-font-size=\"22\"><div class=\"elementor-column elementor-col-100 elementor-top-column elementor-element elementor-element-ccde9f2\" data-id=\"ccde9f2\" data-element_type=\"column\" data-cya11y-org-font-size=\"22\"><div class=\"elementor-widget-wrap elementor-element-populated\" data-cya11y-org-font-size=\"22\"><div class=\"elementor-element elementor-element-7634860 elementor-widget elementor-widget-text-editor\" data-id=\"7634860\" data-element_type=\"widget\" data-widget_type=\"text-editor.default\" data-cya11y-org-font-size=\"22\"><div class=\"elementor-widget-container\" data-cya11y-org-font-size=\"22\"><h3 class=\"svelte-121hp7c fittexted_for_content_h3\" dir=\"auto\" data-cya11y-org-font-size=\"38\"><strong><span dir=\"auto\" data-cya11y-org-font-size=\"38\">Sedes por Regiones<\/span><\/strong><\/h3><p class=\"svelte-121hp7c\" dir=\"auto\" data-cya11y-org-font-size=\"22\"><strong><span dir=\"auto\" data-cya11y-org-font-size=\"22\">Ubica tu estado para encontrar la oficina correspondiente:<\/span><\/strong><\/p><\/div><\/div><\/div><\/div><\/div><\/section><section class=\"elementor-section elementor-top-section elementor-element elementor-element-0d91305 elementor-section-boxed elementor-section-height-default elementor-section-height-default\" data-id=\"0d91305\" data-element_type=\"section\"><div class=\"elementor-container elementor-column-gap-default\" data-cya11y-org-font-size=\"22\"><div class=\"elementor-column elementor-col-33 elementor-top-column elementor-element elementor-element-922d490\" data-id=\"922d490\" data-element_type=\"column\" data-cya11y-org-font-size=\"22\"><div class=\"elementor-widget-wrap elementor-element-populated\" data-cya11y-org-font-size=\"22\"><div class=\"elementor-element elementor-element-f3b8f8f elementor-widget elementor-widget-text-editor\" data-id=\"f3b8f8f\" data-element_type=\"widget\" data-widget_type=\"text-editor.default\" data-cya11y-org-font-size=\"22\"><div class=\"elementor-widget-container\" data-cya11y-org-font-size=\"22\"><p data-cya11y-org-font-size=\"22\"><span style=\"color: #003366;\" data-cya11y-org-font-size=\"22\"><strong>Regi\u00f3n Central<\/strong><\/span><\/p><\/div><\/div><\/div><\/div><div class=\"elementor-column elementor-col-33 elementor-top-column elementor-element elementor-element-ae055e3\" data-id=\"ae055e3\" data-element_type=\"column\" data-cya11y-org-font-size=\"22\"><div class=\"elementor-widget-wrap elementor-element-populated\" data-cya11y-org-font-size=\"22\"><div class=\"elementor-element elementor-element-553df4b elementor-widget elementor-widget-text-editor\" data-id=\"553df4b\" data-element_type=\"widget\" data-widget_type=\"text-editor.default\" data-cya11y-org-font-size=\"22\"><div class=\"elementor-widget-container\" data-cya11y-org-font-size=\"22\"><p data-cya11y-org-font-size=\"22\"><span style=\"color: #003366;\" data-cya11y-org-font-size=\"22\"><strong>Regi\u00f3n Oriental<\/strong><\/span><\/p><\/div><\/div><\/div><\/div><div class=\"elementor-column elementor-col-33 elementor-top-column elementor-element elementor-element-9c9c218\" data-id=\"9c9c218\" data-element_type=\"column\" data-cya11y-org-font-size=\"22\"><div class=\"elementor-widget-wrap elementor-element-populated\" data-cya11y-org-font-size=\"22\"><div class=\"elementor-element elementor-element-37c71ae elementor-widget elementor-widget-text-editor\" data-id=\"37c71ae\" data-element_type=\"widget\" data-widget_type=\"text-editor.default\" data-cya11y-org-font-size=\"22\"><div class=\"elementor-widget-container\" data-cya11y-org-font-size=\"22\"><p data-cya11y-org-font-size=\"22\"><span style=\"color: #003366;\" data-cya11y-org-font-size=\"22\"><strong>Regi\u00f3n Occidental<\/strong><\/span><\/p><\/div><\/div><\/div><\/div><\/div><\/section><section class=\"elementor-section elementor-top-section elementor-element elementor-element-bc1fb90 elementor-section-boxed elementor-section-height-default elementor-section-height-default\" data-id=\"bc1fb90\" data-element_type=\"section\"><div class=\"elementor-container elementor-column-gap-default\" data-cya11y-org-font-size=\"22\"><div class=\"elementor-column elementor-col-33 elementor-top-column elementor-element elementor-element-8b9b0e9\" data-id=\"8b9b0e9\" data-element_type=\"column\" data-cya11y-org-font-size=\"22\"><div class=\"elementor-widget-wrap elementor-element-populated\" data-cya11y-org-font-size=\"22\"><div class=\"elementor-element elementor-element-1865a86 elementor-widget elementor-widget-text-editor\" data-id=\"1865a86\" data-element_type=\"widget\" data-widget_type=\"text-editor.default\" data-cya11y-org-font-size=\"22\"><div class=\"elementor-widget-container\" data-cya11y-org-font-size=\"22\"><ul><li data-cya11y-org-font-size=\"22\"><span style=\"color: #000000;\" data-cya11y-org-font-size=\"22\"><a style=\"color: #000000;\" href=\"http:\/\/misionjosegregoriohernandez.gob.ve\/?page_id=769\" data-cya11y-org-font-size=\"22\"><strong>Aragua<\/strong><\/a><\/span><\/li><li data-cya11y-org-font-size=\"22\"><span style=\"color: #000000;\" data-cya11y-org-font-size=\"22\"><a style=\"color: #000000;\" href=\"http:\/\/misionjosegregoriohernandez.gob.ve\/?page_id=794\" data-cya11y-org-font-size=\"22\"><strong>Carabobo<\/strong><\/a><\/span><\/li><li data-cya11y-org-font-size=\"22\"><span style=\"color: #000000;\" data-cya11y-org-font-size=\"22\"><a style=\"color: #000000;\" href=\"http:\/\/misionjosegregoriohernandez.gob.ve\/?page_id=13831\" data-cya11y-org-font-size=\"22\"><strong>Distrito Capital<\/strong><\/a><\/span><\/li><li data-cya11y-org-font-size=\"22\"><span style=\"color: #000000;\" data-cya11y-org-font-size=\"22\"><strong><a style=\"color: #000000;\" href=\"http:\/\/misionjosegregoriohernandez.gob.ve\/?page_id=819\" data-cya11y-org-font-size=\"22\">La Guaira<\/a><\/strong><\/span><\/li><li data-cya11y-org-font-size=\"22\"><span style=\"color: #000000;\"><strong><a style=\"color: #000000;\" href=\"http:\/\/misionjosegregoriohernandez.gob.ve\/?page_id=841\" data-cya11y-org-font-size=\"22\">Miranda<\/a><\/strong><\/span><\/li><\/ul><\/div><\/div><\/div><\/div><div class=\"elementor-column elementor-col-33 elementor-top-column elementor-element elementor-element-54c77b1\" data-id=\"54c77b1\" data-element_type=\"column\" data-cya11y-org-font-size=\"22\"><div class=\"elementor-widget-wrap elementor-element-populated\" data-cya11y-org-font-size=\"22\"><div class=\"elementor-element elementor-element-164f35b elementor-widget elementor-widget-text-editor\" data-id=\"164f35b\" data-element_type=\"widget\" data-widget_type=\"text-editor.default\" data-cya11y-org-font-size=\"22\"><div class=\"elementor-widget-container\" data-cya11y-org-font-size=\"22\"><ul><li data-cya11y-org-font-size=\"22\"><span style=\"color: #000000;\" data-cya11y-org-font-size=\"22\"><strong><a style=\"color: #000000;\" href=\"http:\/\/misionjosegregoriohernandez.gob.ve\/?page_id=3582\" data-cya11y-org-font-size=\"22\">Anzoategui<\/a><\/strong><\/span><\/li><li data-cya11y-org-font-size=\"22\"><span style=\"color: #000000;\" data-cya11y-org-font-size=\"22\"><strong><a style=\"color: #000000;\" href=\"http:\/\/misionjosegregoriohernandez.gob.ve\/?page_id=750\" data-cya11y-org-font-size=\"22\">Delta Amacuro<\/a><\/strong><\/span><\/li><li data-cya11y-org-font-size=\"22\"><span style=\"color: #000000;\" data-cya11y-org-font-size=\"22\"><strong><a style=\"color: #000000;\" href=\"http:\/\/misionjosegregoriohernandez.gob.ve\/?page_id=858\" data-cya11y-org-font-size=\"22\">Monagas<\/a><\/strong><\/span><\/li><li data-cya11y-org-font-size=\"22\"><span style=\"color: #000000;\" data-cya11y-org-font-size=\"22\"><strong><a style=\"color: #000000;\" href=\"http:\/\/misionjosegregoriohernandez.gob.ve\/?page_id=875\" data-cya11y-org-font-size=\"22\">Nueva Esparta<\/a><\/strong><\/span><\/li><li data-cya11y-org-font-size=\"22\"><span style=\"color: #000000;\"><strong><a style=\"color: #000000;\" href=\"http:\/\/misionjosegregoriohernandez.gob.ve\/?page_id=897\" data-cya11y-org-font-size=\"22\">Sucre<\/a><\/strong><\/span><\/li><\/ul><\/div><\/div><\/div><\/div><div class=\"elementor-column elementor-col-33 elementor-top-column elementor-element elementor-element-de7ffda\" data-id=\"de7ffda\" data-element_type=\"column\" data-cya11y-org-font-size=\"22\"><div class=\"elementor-widget-wrap elementor-element-populated\" data-cya11y-org-font-size=\"22\"><div class=\"elementor-element elementor-element-dfeb587 elementor-widget elementor-widget-text-editor\" data-id=\"dfeb587\" data-element_type=\"widget\" data-widget_type=\"text-editor.default\" data-cya11y-org-font-size=\"22\"><div class=\"elementor-widget-container\" data-cya11y-org-font-size=\"22\"><ul><li data-cya11y-org-font-size=\"22\"><span style=\"color: #000000;\" data-cya11y-org-font-size=\"22\"><strong><a style=\"color: #000000;\" href=\"http:\/\/misionjosegregoriohernandez.gob.ve\/?page_id=925\" data-cya11y-org-font-size=\"22\">Falc\u00f3n<\/a><\/strong><\/span><\/li><li data-cya11y-org-font-size=\"22\"><span style=\"color: #000000;\" data-cya11y-org-font-size=\"22\"><strong><a style=\"color: #000000;\" href=\"http:\/\/misionjosegregoriohernandez.gob.ve\/\/?page_id=942\" data-cya11y-org-font-size=\"22\">Lara<\/a><\/strong><\/span><\/li><li data-cya11y-org-font-size=\"22\"><span style=\"color: #000000;\" data-cya11y-org-font-size=\"22\"><strong><a style=\"color: #000000;\" href=\"http:\/\/misionjosegregoriohernandez.gob.ve\/\/?page_id=1972\" data-cya11y-org-font-size=\"22\">Portuguesa<\/a><\/strong><\/span><\/li><li data-cya11y-org-font-size=\"22\"><span style=\"color: #000000;\" data-cya11y-org-font-size=\"22\"><strong><a style=\"color: #000000;\" href=\"http:\/\/misionjosegregoriohernandez.gob.ve\/?page_id=2004\" data-cya11y-org-font-size=\"22\">Yaracuy<\/a><\/strong><\/span><\/li><li data-cya11y-org-font-size=\"22\"><span style=\"color: #000000;\"><strong><a style=\"color: #000000;\" href=\"http:\/\/misionjosegregoriohernandez.gob.ve\/?page_id=911\" data-cya11y-org-font-size=\"22\">Zulia<\/a><\/strong><\/span><\/li><\/ul><\/div><\/div><\/div><\/div><\/div><\/section><section class=\"elementor-section elementor-top-section elementor-element elementor-element-22852c1 elementor-section-boxed elementor-section-height-default elementor-section-height-default\" data-id=\"22852c1\" data-element_type=\"section\"><div class=\"elementor-container elementor-column-gap-default\" data-cya11y-org-font-size=\"22\"><div class=\"elementor-column elementor-col-33 elementor-top-column elementor-element elementor-element-23cf820\" data-id=\"23cf820\" data-element_type=\"column\" data-cya11y-org-font-size=\"22\"><div class=\"elementor-widget-wrap elementor-element-populated\" data-cya11y-org-font-size=\"22\"><div class=\"elementor-element elementor-element-b52dbfa elementor-widget elementor-widget-text-editor\" data-id=\"b52dbfa\" data-element_type=\"widget\" data-widget_type=\"text-editor.default\" data-cya11y-org-font-size=\"22\"><div class=\"elementor-widget-container\" data-cya11y-org-font-size=\"22\"><p data-cya11y-org-font-size=\"22\"><span style=\"color: #003300;\" data-cya11y-org-font-size=\"22\"><strong>Regi\u00f3n Los Andes<\/strong><\/span><\/p><\/div><\/div><\/div><\/div><div class=\"elementor-column elementor-col-33 elementor-top-column elementor-element elementor-element-0f0065d\" data-id=\"0f0065d\" data-element_type=\"column\" data-cya11y-org-font-size=\"22\"><div class=\"elementor-widget-wrap elementor-element-populated\" data-cya11y-org-font-size=\"22\"><div class=\"elementor-element elementor-element-a348279 elementor-widget elementor-widget-text-editor\" data-id=\"a348279\" data-element_type=\"widget\" data-widget_type=\"text-editor.default\" data-cya11y-org-font-size=\"22\"><div class=\"elementor-widget-container\" data-cya11y-org-font-size=\"22\"><p data-cya11y-org-font-size=\"22\"><span style=\"color: #003300;\" data-cya11y-org-font-size=\"22\"><strong>Regi\u00f3n Guayana<\/strong><\/span><\/p><\/div><\/div><\/div><\/div><div class=\"elementor-column elementor-col-33 elementor-top-column elementor-element elementor-element-e379006\" data-id=\"e379006\" data-element_type=\"column\" data-cya11y-org-font-size=\"22\"><div class=\"elementor-widget-wrap elementor-element-populated\" data-cya11y-org-font-size=\"22\"><div class=\"elementor-element elementor-element-7ffedda elementor-widget elementor-widget-text-editor\" data-id=\"7ffedda\" data-element_type=\"widget\" data-widget_type=\"text-editor.default\" data-cya11y-org-font-size=\"22\"><div class=\"elementor-widget-container\" data-cya11y-org-font-size=\"22\"><p data-cya11y-org-font-size=\"22\"><span style=\"color: #000000;\" data-cya11y-org-font-size=\"22\"><span style=\"color: #003300;\"><strong>Regi\u00f3n Los LLanos<\/strong><\/span>.<\/span><\/p><\/div><\/div><\/div><\/div><\/div><\/section><section class=\"elementor-section elementor-top-section elementor-element elementor-element-2a9f8e9 elementor-section-boxed elementor-section-height-default elementor-section-height-default\" data-id=\"2a9f8e9\" data-element_type=\"section\"><div class=\"elementor-container elementor-column-gap-default\" data-cya11y-org-font-size=\"22\"><div class=\"elementor-column elementor-col-33 elementor-top-column elementor-element elementor-element-38e4c38\" data-id=\"38e4c38\" data-element_type=\"column\" data-cya11y-org-font-size=\"22\"><div class=\"elementor-widget-wrap elementor-element-populated\" data-cya11y-org-font-size=\"22\"><div class=\"elementor-element elementor-element-e3d00cf elementor-widget elementor-widget-text-editor\" data-id=\"e3d00cf\" data-element_type=\"widget\" data-widget_type=\"text-editor.default\" data-cya11y-org-font-size=\"22\"><div class=\"elementor-widget-container\" data-cya11y-org-font-size=\"22\"><ul><li data-cya11y-org-font-size=\"22\"><span style=\"color: #000000;\" data-cya11y-org-font-size=\"22\"><strong><a style=\"color: #000000;\" href=\"http:\/\/misionjosegregoriohernandez.gob.ve\/?page_id=1008\" data-cya11y-org-font-size=\"22\">M\u00e9rida<\/a><\/strong><\/span><\/li><li data-cya11y-org-font-size=\"22\"><span style=\"color: #000000;\" data-cya11y-org-font-size=\"22\"><strong><a style=\"color: #000000;\" href=\"http:\/\/misionjosegregoriohernandez.gob.ve\/?page_id=1062\" data-cya11y-org-font-size=\"22\">T\u00e1chira<\/a><\/strong><\/span><\/li><li data-cya11y-org-font-size=\"22\"><span style=\"color: #000000;\"><strong><a style=\"color: #000000;\" href=\"http:\/\/misionjosegregoriohernandez.gob.ve\/?page_id=1042\" data-cya11y-org-font-size=\"22\">Trujillo<\/a><\/strong><\/span><\/li><\/ul><\/div><\/div><\/div><\/div><div class=\"elementor-column elementor-col-33 elementor-top-column elementor-element elementor-element-40f7875\" data-id=\"40f7875\" data-element_type=\"column\" data-cya11y-org-font-size=\"22\"><div class=\"elementor-widget-wrap elementor-element-populated\" data-cya11y-org-font-size=\"22\"><div class=\"elementor-element elementor-element-bde3ec6 elementor-widget elementor-widget-text-editor\" data-id=\"bde3ec6\" data-element_type=\"widget\" data-widget_type=\"text-editor.default\" data-cya11y-org-font-size=\"22\"><div class=\"elementor-widget-container\" data-cya11y-org-font-size=\"22\"><ul><li data-cya11y-org-font-size=\"22\"><span style=\"color: #000000;\" data-cya11y-org-font-size=\"22\"><strong><a style=\"color: #000000;\" href=\"http:\/\/misionjosegregoriohernandez.gob.ve\/?page_id=985\" data-cya11y-org-font-size=\"22\">Amazonas<\/a><\/strong><\/span><\/li><li data-cya11y-org-font-size=\"22\"><span style=\"color: #000000;\"><strong><a style=\"color: #000000;\" href=\"http:\/\/misionjosegregoriohernandez.gob.ve\/?page_id=1022\" data-cya11y-org-font-size=\"22\">Bol\u00edvar<\/a><\/strong><\/span><\/li><\/ul><\/div><\/div><\/div><\/div><div class=\"elementor-column elementor-col-33 elementor-top-column elementor-element elementor-element-c491589\" data-id=\"c491589\" data-element_type=\"column\" data-cya11y-org-font-size=\"22\"><div class=\"elementor-widget-wrap elementor-element-populated\" data-cya11y-org-font-size=\"22\"><div class=\"elementor-element elementor-element-5b42f0f elementor-widget elementor-widget-text-editor\" data-id=\"5b42f0f\" data-element_type=\"widget\" data-widget_type=\"text-editor.default\" data-cya11y-org-font-size=\"22\"><div class=\"elementor-widget-container\" data-cya11y-org-font-size=\"22\"><ul><li data-cya11y-org-font-size=\"22\"><span style=\"color: #000000;\" data-cya11y-org-font-size=\"22\"><strong><a style=\"color: #000000;\" href=\"http:\/\/misionjosegregoriohernandez.gob.ve\/?page_id=1148\" data-cya11y-org-font-size=\"22\">Apure<\/a><\/strong><\/span><\/li><li data-cya11y-org-font-size=\"22\"><span style=\"color: #000000;\" data-cya11y-org-font-size=\"22\"><strong><a style=\"color: #000000;\" href=\"http:\/\/misionjosegregoriohernandez.gob.ve\/?page_id=1082\" data-cya11y-org-font-size=\"22\">Barinas<\/a><\/strong><\/span><\/li><li data-cya11y-org-font-size=\"22\"><span style=\"color: #000000;\" data-cya11y-org-font-size=\"22\"><strong><a style=\"color: #000000;\" href=\"http:\/\/misionjosegregoriohernandez.gob.ve\/?page_id=962\" data-cya11y-org-font-size=\"22\">Cojedes<\/a><\/strong><\/span><\/li><li data-cya11y-org-font-size=\"22\"><span style=\"color: #000000;\"><strong><a style=\"color: #000000;\" href=\"http:\/\/misionjosegregoriohernandez.gob.ve\/?page_id=1106\" data-cya11y-org-font-size=\"22\">Gu\u00e1rico<\/a><\/strong><\/span><\/li><\/ul><\/div><\/div><\/div><\/div><\/div><\/section>\t\t\t\t\t\t<\/div>\n\t\t\t\t<\/div>\n\t\t\t\t\t<\/div>\n\t\t<\/div>\n\t\t\t\t\t\t\t<\/div>\n\t\t<\/section>\n\t\t\t\t\t\t<\/div>\n\t\t\t\t\t<\/div>\n\t\t<div class=\"gsp_post_data\" data-post_type=\"page\" data-cat=\"\" data-modified=\"120\" data-title=\"Contactar\" data-home=\"http:\/\/misionjosegregoriohernandez.gob.ve\"><\/div>","protected":false},"excerpt":{"rendered":"<p>Sede principal Oficina de Atenci\u00f3n al Ciudadano (OAC) . Sedes por Regiones Ubica tu estado para encontrar la oficina correspondiente: Regi\u00f3n Central Regi\u00f3n Oriental Regi\u00f3n Occidental Aragua Carabobo Distrito Capital La Guaira Miranda Anzoategui Delta Amacuro Monagas Nueva Esparta Sucre Falc\u00f3n Lara Portuguesa Yaracuy Zulia&#46;&#46;&#46;<\/p>\n","protected":false},"author":1,"featured_media":0,"parent":0,"menu_order":0,"comment_status":"closed","ping_status":"closed","template":"","meta":{"footnotes":""},"_links":{"self":[{"href":"http:\/\/misionjosegregoriohernandez.gob.ve\/index.php?rest_route=\/wp\/v2\/pages\/16887"}],"collection":[{"href":"http:\/\/misionjosegregoriohernandez.gob.ve\/index.php?rest_route=\/wp\/v2\/pages"}],"about":[{"href":"http:\/\/misionjosegregoriohernandez.gob.ve\/index.php?rest_route=\/wp\/v2\/types\/page"}],"author":[{"embeddable":true,"href":"http:\/\/misionjosegregoriohernandez.gob.ve\/index.php?rest_route=\/wp\/v2\/users\/1"}],"replies":[{"embeddable":true,"href":"http:\/\/misionjosegregoriohernandez.gob.ve\/index.php?rest_route=%2Fwp%2Fv2%2Fcomments&post=16887"}],"version-history":[{"count":22,"href":"http:\/\/misionjosegregoriohernandez.gob.ve\/index.php?rest_route=\/wp\/v2\/pages\/16887\/revisions"}],"predecessor-version":[{"id":16919,"href":"http:\/\/misionjosegregoriohernandez.gob.ve\/index.php?rest_route=\/wp\/v2\/pages\/16887\/revisions\/16919"}],"wp:attachment":[{"href":"http:\/\/misionjosegregoriohernandez.gob.ve\/index.php?rest_route=%2Fwp%2Fv2%2Fmedia&parent=16887"}],"curies":[{"name":"wp","href":"https:\/\/api.w.org\/{rel}","templated":true}]}}