{"id":16217,"date":"2026-03-14T07:21:24","date_gmt":"2026-03-14T11:21:24","guid":{"rendered":"http:\/\/misionjosegregoriohernandez.gob.ve\/?page_id=16217"},"modified":"2026-03-15T14:25:09","modified_gmt":"2026-03-15T18:25:09","slug":"solicitud-ayudas-humanas-solidarias-region","status":"publish","type":"page","link":"http:\/\/misionjosegregoriohernandez.gob.ve\/?page_id=16217","title":{"rendered":"Solicitud Ayudas Humanas &#8211; Solidarias Regi\u00f3n"},"content":{"rendered":"\t\t<div data-elementor-type=\"wp-page\" data-elementor-id=\"16217\" class=\"elementor elementor-16217\" data-elementor-settings=\"[]\">\n\t\t\t\t\t\t\t<div class=\"elementor-section-wrap\">\n\t\t\t\t\t\t\t<section class=\"elementor-section elementor-top-section elementor-element elementor-element-a8991f4 elementor-section-boxed elementor-section-height-default elementor-section-height-default\" data-id=\"a8991f4\" data-element_type=\"section\">\n\t\t\t\t\t\t<div class=\"elementor-container elementor-column-gap-default\">\n\t\t\t\t\t<div class=\"elementor-column elementor-col-100 elementor-top-column elementor-element elementor-element-f863b7a\" data-id=\"f863b7a\" data-element_type=\"column\">\n\t\t\t<div class=\"elementor-widget-wrap elementor-element-populated\">\n\t\t\t\t\t\t\t\t<div class=\"elementor-element elementor-element-bd2d015 elementor-widget elementor-widget-text-editor\" data-id=\"bd2d015\" data-element_type=\"widget\" data-widget_type=\"text-editor.default\">\n\t\t\t\t<div class=\"elementor-widget-container\">\n\t\t\t<style>\/*! elementor - v3.5.2 - 22-12-2021 *\/\n.elementor-widget-text-editor.elementor-drop-cap-view-stacked .elementor-drop-cap{background-color:#818a91;color:#fff}.elementor-widget-text-editor.elementor-drop-cap-view-framed .elementor-drop-cap{color:#818a91;border:3px solid;background-color:transparent}.elementor-widget-text-editor:not(.elementor-drop-cap-view-default) .elementor-drop-cap{margin-top:8px}.elementor-widget-text-editor:not(.elementor-drop-cap-view-default) .elementor-drop-cap-letter{width:1em;height:1em}.elementor-widget-text-editor .elementor-drop-cap{float:left;text-align:center;line-height:1;font-size:50px}.elementor-widget-text-editor .elementor-drop-cap-letter{display:inline-block}<\/style>\t\t\t\t<h2 class=\"svelte-121hp7c\" dir=\"auto\"><span dir=\"auto\">\ud83d\udccd \u00bfC\u00f3mo funciona el proceso?<\/span><\/h2><p class=\"svelte-121hp7c\" dir=\"auto\"><span dir=\"auto\">Un sistema dise\u00f1ado para tu tranquilidad:<\/span><\/p>\t\t\t\t\t\t<\/div>\n\t\t\t\t<\/div>\n\t\t\t\t\t<\/div>\n\t\t<\/div>\n\t\t\t\t\t\t\t<\/div>\n\t\t<\/section>\n\t\t\t\t<section class=\"elementor-section elementor-top-section elementor-element elementor-element-07c48c8 elementor-section-boxed elementor-section-height-default elementor-section-height-default\" data-id=\"07c48c8\" data-element_type=\"section\">\n\t\t\t\t\t\t<div class=\"elementor-container elementor-column-gap-default\">\n\t\t\t\t\t<div class=\"elementor-column elementor-col-100 elementor-top-column elementor-element elementor-element-eb4aae5\" data-id=\"eb4aae5\" data-element_type=\"column\">\n\t\t\t<div class=\"elementor-widget-wrap elementor-element-populated\">\n\t\t\t\t\t\t\t\t<div class=\"elementor-element elementor-element-e1db1f5 elementor-widget elementor-widget-image\" data-id=\"e1db1f5\" data-element_type=\"widget\" data-widget_type=\"image.default\">\n\t\t\t\t<div class=\"elementor-widget-container\">\n\t\t\t<style>\/*! elementor - v3.5.2 - 22-12-2021 *\/\n.elementor-widget-image{text-align:center}.elementor-widget-image a{display:inline-block}.elementor-widget-image a img[src$=\".svg\"]{width:48px}.elementor-widget-image img{vertical-align:middle;display:inline-block}<\/style>\t\t\t\t\t\t\t\t\t\t\t\t<img loading=\"lazy\" decoding=\"async\" width=\"1024\" height=\"576\" src=\"http:\/\/misionjosegregoriohernandez.gob.ve\/wp-content\/uploads\/2026\/03\/Gemini_Generated_Image_mtzfndmtzfndmtzf-1024x576.png\" class=\"attachment-large size-large\" alt=\"\" srcset=\"http:\/\/misionjosegregoriohernandez.gob.ve\/wp-content\/uploads\/2026\/03\/Gemini_Generated_Image_mtzfndmtzfndmtzf-1024x576.png 1024w, http:\/\/misionjosegregoriohernandez.gob.ve\/wp-content\/uploads\/2026\/03\/Gemini_Generated_Image_mtzfndmtzfndmtzf-300x169.png 300w, http:\/\/misionjosegregoriohernandez.gob.ve\/wp-content\/uploads\/2026\/03\/Gemini_Generated_Image_mtzfndmtzfndmtzf-768x432.png 768w, http:\/\/misionjosegregoriohernandez.gob.ve\/wp-content\/uploads\/2026\/03\/Gemini_Generated_Image_mtzfndmtzfndmtzf.png 1365w\" sizes=\"(max-width: 1024px) 100vw, 1024px\" \/>\t\t\t\t\t\t\t\t\t\t\t\t\t\t\t<\/div>\n\t\t\t\t<\/div>\n\t\t\t\t\t<\/div>\n\t\t<\/div>\n\t\t\t\t\t\t\t<\/div>\n\t\t<\/section>\n\t\t\t\t<section class=\"elementor-section elementor-top-section elementor-element elementor-element-985d906 elementor-section-boxed elementor-section-height-default elementor-section-height-default\" data-id=\"985d906\" data-element_type=\"section\">\n\t\t\t\t\t\t<div class=\"elementor-container elementor-column-gap-default\">\n\t\t\t\t\t<div class=\"elementor-column elementor-col-100 elementor-top-column elementor-element elementor-element-a075bfe\" data-id=\"a075bfe\" data-element_type=\"column\">\n\t\t\t<div class=\"elementor-widget-wrap elementor-element-populated\">\n\t\t\t\t\t\t\t\t<div class=\"elementor-element elementor-element-7644009 elementor-widget elementor-widget-text-editor\" data-id=\"7644009\" data-element_type=\"widget\" data-widget_type=\"text-editor.default\">\n\t\t\t\t<div class=\"elementor-widget-container\">\n\t\t\t\t\t\t\t<ol dir=\"auto\" start=\"1\" data-emit-thinking-stage=\"false\"><li class=\"text-start\"><strong><span dir=\"auto\">Acude:<\/span><\/strong><span dir=\"auto\"> Visita la OAC m\u00e1s cercana a tu comunidad.<\/span><\/li><li class=\"text-start\"><strong><span dir=\"auto\">Orientaci\u00f3n:<\/span><\/strong><span dir=\"auto\"> Recibe asesor\u00eda completa sobre tu caso y los requisitos necesarios.<\/span><\/li><li class=\"text-start\"><strong><span dir=\"auto\">Registro:<\/span><\/strong><span dir=\"auto\"> La OAC ingresa tu solicitud al sistema central para su procesamiento o referencia a instituciones aliadas.<\/span><\/li><li class=\"text-start\"><strong><span dir=\"auto\">Seguimiento:<\/span><\/strong><span dir=\"auto\"> Damos seguimiento a tu caso hasta su resoluci\u00f3n.<\/span><\/li><\/ol><blockquote class=\"font-medium! relative leading-7 text-[#0d0d0d]\/80! dark:text-[#fff]\/80! pl-6! mt-2!\" dir=\"auto\"><p class=\"svelte-121hp7c\" dir=\"auto\"><span dir=\"auto\">\ud83d\udca1 <strong>\u201cLa OAC no solo te informa: TE RESUELVE.\u201d<\/strong><\/span><\/p><\/blockquote>\t\t\t\t\t\t<\/div>\n\t\t\t\t<\/div>\n\t\t\t\t\t<\/div>\n\t\t<\/div>\n\t\t\t\t\t\t\t<\/div>\n\t\t<\/section>\n\t\t\t\t<section class=\"elementor-section elementor-top-section elementor-element elementor-element-ca3a31f elementor-section-boxed elementor-section-height-default elementor-section-height-default\" data-id=\"ca3a31f\" data-element_type=\"section\">\n\t\t\t\t\t\t<div class=\"elementor-container elementor-column-gap-default\">\n\t\t\t\t\t<div class=\"elementor-column elementor-col-100 elementor-top-column elementor-element elementor-element-0096dfa\" data-id=\"0096dfa\" data-element_type=\"column\">\n\t\t\t<div class=\"elementor-widget-wrap elementor-element-populated\">\n\t\t\t\t\t\t\t\t<div class=\"elementor-element elementor-element-f0cf515 elementor-widget elementor-widget-text-editor\" data-id=\"f0cf515\" data-element_type=\"widget\" data-widget_type=\"text-editor.default\">\n\t\t\t\t<div class=\"elementor-widget-container\">\n\t\t\t\t\t\t\t<h2 data-path-to-node=\"2\">\ud83d\udccb Pasos del Procedimiento<\/h2><ol start=\"1\" data-path-to-node=\"3\"><li><p data-path-to-node=\"3,0,0\"><b data-path-to-node=\"3,0,0\" data-index-in-node=\"0\">Inicio del Tr\u00e1mite:<\/b> El ciudadano con discapacidad o familiar directo\u00a0 \u00a0presenta el caso. \ud83d\udc68\u200d\ud83d\udc69\u200d\ud83d\udc67\u200d\ud83d\udc66<\/p><\/li><li><p data-path-to-node=\"3,1,0\"><b data-path-to-node=\"3,1,0\" data-index-in-node=\"0\">Solicitud Presencial:<\/b> Acudir a la coordinaci\u00f3n estatal u oficina correspondiente. \ud83c\udfe2<\/p><\/li><li><p data-path-to-node=\"3,2,0\"><b data-path-to-node=\"3,2,0\" data-index-in-node=\"0\">Visita Social:<\/b> El equipo t\u00e9cnico realiza una inspecci\u00f3n en el hogar para evaluar las condiciones. \ud83c\udfe0<\/p><\/li><li><p data-path-to-node=\"3,3,0\"><b data-path-to-node=\"3,3,0\" data-index-in-node=\"0\">Recaudos Necesarios:<\/b> Entrega de los documentos legales y m\u00e9dicos. \ud83d\udcd1<\/p><\/li><li><p data-path-to-node=\"3,4,0\"><b data-path-to-node=\"3,4,0\" data-index-in-node=\"0\">Revisi\u00f3n y Aprobaci\u00f3n:<\/b> El comit\u00e9 eval\u00faa el expediente para validar la ayuda. \u2705<\/p><\/li><li><p data-path-to-node=\"3,5,0\"><b data-path-to-node=\"3,5,0\" data-index-in-node=\"0\">Entrega:<\/b> Se otorga el beneficio de manera formal. \ud83c\udf81<\/p><\/li><\/ol>\t\t\t\t\t\t<\/div>\n\t\t\t\t<\/div>\n\t\t\t\t\t<\/div>\n\t\t<\/div>\n\t\t\t\t\t\t\t<\/div>\n\t\t<\/section>\n\t\t\t\t<section class=\"elementor-section elementor-top-section elementor-element elementor-element-47cadce elementor-section-boxed elementor-section-height-default elementor-section-height-default\" data-id=\"47cadce\" data-element_type=\"section\">\n\t\t\t\t\t\t<div class=\"elementor-container elementor-column-gap-default\">\n\t\t\t\t\t<div class=\"elementor-column elementor-col-100 elementor-top-column elementor-element elementor-element-ccde9f2\" data-id=\"ccde9f2\" data-element_type=\"column\">\n\t\t\t<div class=\"elementor-widget-wrap elementor-element-populated\">\n\t\t\t\t\t\t\t\t<div class=\"elementor-element elementor-element-7634860 elementor-widget elementor-widget-text-editor\" data-id=\"7634860\" data-element_type=\"widget\" data-widget_type=\"text-editor.default\">\n\t\t\t\t<div class=\"elementor-widget-container\">\n\t\t\t\t\t\t\t<h3 class=\"svelte-121hp7c\" dir=\"auto\"><strong><span dir=\"auto\">\ud83d\uddfa\ufe0f Sedes por Regiones<\/span><\/strong><\/h3><p class=\"svelte-121hp7c\" dir=\"auto\"><strong><span dir=\"auto\">Ubica tu estado para encontrar la oficina correspondiente:<\/span><\/strong><\/p>\t\t\t\t\t\t<\/div>\n\t\t\t\t<\/div>\n\t\t\t\t\t<\/div>\n\t\t<\/div>\n\t\t\t\t\t\t\t<\/div>\n\t\t<\/section>\n\t\t\t\t<section class=\"elementor-section elementor-top-section elementor-element elementor-element-0d91305 elementor-section-boxed elementor-section-height-default elementor-section-height-default\" data-id=\"0d91305\" data-element_type=\"section\">\n\t\t\t\t\t\t<div class=\"elementor-container elementor-column-gap-default\">\n\t\t\t\t\t<div class=\"elementor-column elementor-col-33 elementor-top-column elementor-element elementor-element-922d490\" data-id=\"922d490\" data-element_type=\"column\">\n\t\t\t<div class=\"elementor-widget-wrap elementor-element-populated\">\n\t\t\t\t\t\t\t\t<div class=\"elementor-element elementor-element-f3b8f8f elementor-widget elementor-widget-text-editor\" data-id=\"f3b8f8f\" data-element_type=\"widget\" data-widget_type=\"text-editor.default\">\n\t\t\t\t<div class=\"elementor-widget-container\">\n\t\t\t\t\t\t\t<p style=\"text-align: center;\"><span style=\"color: #ffffff;\"><strong>Regi\u00f3n Central<\/strong><\/span><\/p>\t\t\t\t\t\t<\/div>\n\t\t\t\t<\/div>\n\t\t\t\t\t<\/div>\n\t\t<\/div>\n\t\t\t\t<div class=\"elementor-column elementor-col-33 elementor-top-column elementor-element elementor-element-ae055e3\" data-id=\"ae055e3\" data-element_type=\"column\">\n\t\t\t<div class=\"elementor-widget-wrap elementor-element-populated\">\n\t\t\t\t\t\t\t\t<div class=\"elementor-element elementor-element-553df4b elementor-widget elementor-widget-text-editor\" data-id=\"553df4b\" data-element_type=\"widget\" data-widget_type=\"text-editor.default\">\n\t\t\t\t<div class=\"elementor-widget-container\">\n\t\t\t\t\t\t\t<p style=\"text-align: center;\"><span style=\"color: #ffffff;\"><strong>Regi\u00f3n Oriental<\/strong><\/span><\/p>\t\t\t\t\t\t<\/div>\n\t\t\t\t<\/div>\n\t\t\t\t\t<\/div>\n\t\t<\/div>\n\t\t\t\t<div class=\"elementor-column elementor-col-33 elementor-top-column elementor-element elementor-element-9c9c218\" data-id=\"9c9c218\" data-element_type=\"column\">\n\t\t\t<div class=\"elementor-widget-wrap elementor-element-populated\">\n\t\t\t\t\t\t\t\t<div class=\"elementor-element elementor-element-37c71ae elementor-widget elementor-widget-text-editor\" data-id=\"37c71ae\" data-element_type=\"widget\" data-widget_type=\"text-editor.default\">\n\t\t\t\t<div class=\"elementor-widget-container\">\n\t\t\t\t\t\t\t<p style=\"text-align: center;\"><span style=\"color: #ffffff;\"><strong>Regi\u00f3n Occidental<\/strong><\/span><\/p>\t\t\t\t\t\t<\/div>\n\t\t\t\t<\/div>\n\t\t\t\t\t<\/div>\n\t\t<\/div>\n\t\t\t\t\t\t\t<\/div>\n\t\t<\/section>\n\t\t\t\t<section class=\"elementor-section elementor-top-section elementor-element elementor-element-bc1fb90 elementor-section-boxed elementor-section-height-default elementor-section-height-default\" data-id=\"bc1fb90\" data-element_type=\"section\">\n\t\t\t\t\t\t<div class=\"elementor-container elementor-column-gap-default\">\n\t\t\t\t\t<div class=\"elementor-column elementor-col-33 elementor-top-column elementor-element elementor-element-8b9b0e9\" data-id=\"8b9b0e9\" data-element_type=\"column\">\n\t\t\t<div class=\"elementor-widget-wrap elementor-element-populated\">\n\t\t\t\t\t\t\t\t<div class=\"elementor-element elementor-element-1865a86 elementor-widget elementor-widget-text-editor\" data-id=\"1865a86\" data-element_type=\"widget\" data-widget_type=\"text-editor.default\">\n\t\t\t\t<div class=\"elementor-widget-container\">\n\t\t\t\t\t\t\t<ul><li style=\"text-align: left;\"><span style=\"color: #000000;\"><a style=\"color: #000000;\" href=\"http:\/\/misionjosegregoriohernandez.gob.ve\/?page_id=769\"><strong>Aragua<\/strong><\/a><\/span><\/li><li style=\"text-align: left;\"><span style=\"color: #000000;\"><a style=\"color: #000000;\" href=\"http:\/\/misionjosegregoriohernandez.gob.ve\/?page_id=794\"><strong>Carabobo<\/strong><\/a><\/span><\/li><li style=\"text-align: left;\"><span style=\"color: #000000;\"><a style=\"color: #000000;\" href=\"http:\/\/misionjosegregoriohernandez.gob.ve\/?page_id=13831\"><strong>Distrito Capital<\/strong><\/a><\/span><\/li><li style=\"text-align: left;\"><span style=\"color: #000000;\"><strong><a style=\"color: #000000;\" href=\"http:\/\/misionjosegregoriohernandez.gob.ve\/?page_id=819\">La Guaira<\/a><\/strong><\/span><\/li><li style=\"text-align: left;\"><strong><a href=\"http:\/\/misionjosegregoriohernandez.gob.ve\/?page_id=841\"><span style=\"color: #000000;\">Miranda<\/span><\/a><\/strong><\/li><\/ul>\t\t\t\t\t\t<\/div>\n\t\t\t\t<\/div>\n\t\t\t\t\t<\/div>\n\t\t<\/div>\n\t\t\t\t<div class=\"elementor-column elementor-col-33 elementor-top-column elementor-element elementor-element-54c77b1\" data-id=\"54c77b1\" data-element_type=\"column\">\n\t\t\t<div class=\"elementor-widget-wrap elementor-element-populated\">\n\t\t\t\t\t\t\t\t<div class=\"elementor-element elementor-element-164f35b elementor-widget elementor-widget-text-editor\" data-id=\"164f35b\" data-element_type=\"widget\" data-widget_type=\"text-editor.default\">\n\t\t\t\t<div class=\"elementor-widget-container\">\n\t\t\t\t\t\t\t<ul><li><span style=\"color: #000000;\"><strong><a style=\"color: #000000;\" href=\"http:\/\/misionjosegregoriohernandez.gob.ve\/?page_id=3582\">Anzoategui<\/a><\/strong><\/span><\/li><li><span style=\"color: #000000;\"><strong><a style=\"color: #000000;\" href=\"http:\/\/misionjosegregoriohernandez.gob.ve\/?page_id=750\">Delta Amacuro<\/a><\/strong><\/span><\/li><li><span style=\"color: #000000;\"><strong><a style=\"color: #000000;\" href=\"http:\/\/misionjosegregoriohernandez.gob.ve\/?page_id=858\">Monagas<\/a><\/strong><\/span><\/li><li><span style=\"color: #000000;\"><strong><a style=\"color: #000000;\" href=\"http:\/\/misionjosegregoriohernandez.gob.ve\/?page_id=875\">Nueva Esparta<\/a><\/strong><\/span><\/li><li><strong><a href=\"http:\/\/misionjosegregoriohernandez.gob.ve\/?page_id=897\"><span style=\"color: #000000;\">Sucre<\/span><\/a><\/strong><\/li><\/ul>\t\t\t\t\t\t<\/div>\n\t\t\t\t<\/div>\n\t\t\t\t\t<\/div>\n\t\t<\/div>\n\t\t\t\t<div class=\"elementor-column elementor-col-33 elementor-top-column elementor-element elementor-element-de7ffda\" data-id=\"de7ffda\" data-element_type=\"column\">\n\t\t\t<div class=\"elementor-widget-wrap elementor-element-populated\">\n\t\t\t\t\t\t\t\t<div class=\"elementor-element elementor-element-dfeb587 elementor-widget elementor-widget-text-editor\" data-id=\"dfeb587\" data-element_type=\"widget\" data-widget_type=\"text-editor.default\">\n\t\t\t\t<div class=\"elementor-widget-container\">\n\t\t\t\t\t\t\t<ul><li><span style=\"color: #000000;\"><strong><a style=\"color: #000000;\" href=\"http:\/\/misionjosegregoriohernandez.gob.ve\/?page_id=925\">Falc\u00f3n<\/a><\/strong><\/span><\/li><li><span style=\"color: #000000;\"><strong><a style=\"color: #000000;\" href=\"http:\/\/misionjosegregoriohernandez.gob.ve\/\/?page_id=942\">Lara<\/a><\/strong><\/span><\/li><li><span style=\"color: #000000;\"><strong><a style=\"color: #000000;\" href=\"http:\/\/misionjosegregoriohernandez.gob.ve\/\/?page_id=1972\">Portuguesa<\/a><\/strong><\/span><\/li><li><span style=\"color: #000000;\"><strong><a style=\"color: #000000;\" href=\"http:\/\/misionjosegregoriohernandez.gob.ve\/?page_id=2004\">Yaracuy<\/a><\/strong><\/span><\/li><li><strong><a href=\"http:\/\/misionjosegregoriohernandez.gob.ve\/?page_id=911\"><span style=\"color: #000000;\">Zulia<\/span><\/a><\/strong><\/li><\/ul>\t\t\t\t\t\t<\/div>\n\t\t\t\t<\/div>\n\t\t\t\t\t<\/div>\n\t\t<\/div>\n\t\t\t\t\t\t\t<\/div>\n\t\t<\/section>\n\t\t\t\t<section class=\"elementor-section elementor-top-section elementor-element elementor-element-22852c1 elementor-section-boxed elementor-section-height-default elementor-section-height-default\" data-id=\"22852c1\" data-element_type=\"section\">\n\t\t\t\t\t\t<div class=\"elementor-container elementor-column-gap-default\">\n\t\t\t\t\t<div class=\"elementor-column elementor-col-33 elementor-top-column elementor-element elementor-element-23cf820\" data-id=\"23cf820\" data-element_type=\"column\">\n\t\t\t<div class=\"elementor-widget-wrap elementor-element-populated\">\n\t\t\t\t\t\t\t\t<div class=\"elementor-element elementor-element-b52dbfa elementor-widget elementor-widget-text-editor\" data-id=\"b52dbfa\" data-element_type=\"widget\" data-widget_type=\"text-editor.default\">\n\t\t\t\t<div class=\"elementor-widget-container\">\n\t\t\t\t\t\t\t<p style=\"text-align: center;\"><span style=\"color: #ffffff;\"><strong>Regi\u00f3n Los Andes<\/strong><\/span><\/p>\t\t\t\t\t\t<\/div>\n\t\t\t\t<\/div>\n\t\t\t\t\t<\/div>\n\t\t<\/div>\n\t\t\t\t<div class=\"elementor-column elementor-col-33 elementor-top-column elementor-element elementor-element-0f0065d\" data-id=\"0f0065d\" data-element_type=\"column\">\n\t\t\t<div class=\"elementor-widget-wrap elementor-element-populated\">\n\t\t\t\t\t\t\t\t<div class=\"elementor-element elementor-element-a348279 elementor-widget elementor-widget-text-editor\" data-id=\"a348279\" data-element_type=\"widget\" data-widget_type=\"text-editor.default\">\n\t\t\t\t<div class=\"elementor-widget-container\">\n\t\t\t\t\t\t\t<p style=\"text-align: center;\"><span style=\"color: #ffffff;\"><strong>Regi\u00f3n Guayana<\/strong><\/span><\/p>\t\t\t\t\t\t<\/div>\n\t\t\t\t<\/div>\n\t\t\t\t\t<\/div>\n\t\t<\/div>\n\t\t\t\t<div class=\"elementor-column elementor-col-33 elementor-top-column elementor-element elementor-element-e379006\" data-id=\"e379006\" data-element_type=\"column\">\n\t\t\t<div class=\"elementor-widget-wrap elementor-element-populated\">\n\t\t\t\t\t\t\t\t<div class=\"elementor-element elementor-element-7ffedda elementor-widget elementor-widget-text-editor\" data-id=\"7ffedda\" data-element_type=\"widget\" data-widget_type=\"text-editor.default\">\n\t\t\t\t<div class=\"elementor-widget-container\">\n\t\t\t\t\t\t\t<p style=\"text-align: center;\"><span style=\"color: #ffffff;\"><strong>Regi\u00f3n Los LLanos<\/strong>.<\/span><\/p>\t\t\t\t\t\t<\/div>\n\t\t\t\t<\/div>\n\t\t\t\t\t<\/div>\n\t\t<\/div>\n\t\t\t\t\t\t\t<\/div>\n\t\t<\/section>\n\t\t\t\t<section class=\"elementor-section elementor-top-section elementor-element elementor-element-2a9f8e9 elementor-section-boxed elementor-section-height-default elementor-section-height-default\" data-id=\"2a9f8e9\" data-element_type=\"section\">\n\t\t\t\t\t\t<div class=\"elementor-container elementor-column-gap-default\">\n\t\t\t\t\t<div class=\"elementor-column elementor-col-33 elementor-top-column elementor-element elementor-element-38e4c38\" data-id=\"38e4c38\" data-element_type=\"column\">\n\t\t\t<div class=\"elementor-widget-wrap elementor-element-populated\">\n\t\t\t\t\t\t\t\t<div class=\"elementor-element elementor-element-e3d00cf elementor-widget elementor-widget-text-editor\" data-id=\"e3d00cf\" data-element_type=\"widget\" data-widget_type=\"text-editor.default\">\n\t\t\t\t<div class=\"elementor-widget-container\">\n\t\t\t\t\t\t\t<ul><li><span style=\"color: #000000;\"><strong><a style=\"color: #000000;\" href=\"http:\/\/misionjosegregoriohernandez.gob.ve\/?page_id=1008\">M\u00e9rida<\/a><\/strong><\/span><\/li><li><span style=\"color: #000000;\"><strong><a style=\"color: #000000;\" href=\"http:\/\/misionjosegregoriohernandez.gob.ve\/?page_id=1062\">T\u00e1chira<\/a><\/strong><\/span><\/li><li><strong><a href=\"http:\/\/misionjosegregoriohernandez.gob.ve\/?page_id=1042\"><span style=\"color: #000000;\">Trujillo<\/span><\/a><\/strong><\/li><\/ul>\t\t\t\t\t\t<\/div>\n\t\t\t\t<\/div>\n\t\t\t\t\t<\/div>\n\t\t<\/div>\n\t\t\t\t<div class=\"elementor-column elementor-col-33 elementor-top-column elementor-element elementor-element-40f7875\" data-id=\"40f7875\" data-element_type=\"column\">\n\t\t\t<div class=\"elementor-widget-wrap elementor-element-populated\">\n\t\t\t\t\t\t\t\t<div class=\"elementor-element elementor-element-bde3ec6 elementor-widget elementor-widget-text-editor\" data-id=\"bde3ec6\" data-element_type=\"widget\" data-widget_type=\"text-editor.default\">\n\t\t\t\t<div class=\"elementor-widget-container\">\n\t\t\t\t\t\t\t<ul><li><span style=\"color: #000000;\"><strong><a style=\"color: #000000;\" href=\"http:\/\/misionjosegregoriohernandez.gob.ve\/?page_id=985\">Amazonas<\/a><\/strong><\/span><\/li><li><strong><a href=\"http:\/\/misionjosegregoriohernandez.gob.ve\/?page_id=1022\"><span style=\"color: #000000;\">Bol\u00edvar<\/span><\/a><\/strong><\/li><\/ul>\t\t\t\t\t\t<\/div>\n\t\t\t\t<\/div>\n\t\t\t\t\t<\/div>\n\t\t<\/div>\n\t\t\t\t<div class=\"elementor-column elementor-col-33 elementor-top-column elementor-element elementor-element-c491589\" data-id=\"c491589\" data-element_type=\"column\">\n\t\t\t<div class=\"elementor-widget-wrap elementor-element-populated\">\n\t\t\t\t\t\t\t\t<div class=\"elementor-element elementor-element-5b42f0f elementor-widget elementor-widget-text-editor\" data-id=\"5b42f0f\" data-element_type=\"widget\" data-widget_type=\"text-editor.default\">\n\t\t\t\t<div class=\"elementor-widget-container\">\n\t\t\t\t\t\t\t<ul><li><span style=\"color: #000000;\"><strong><a style=\"color: #000000;\" href=\"http:\/\/misionjosegregoriohernandez.gob.ve\/?page_id=1148\">Apure<\/a><\/strong><\/span><\/li><li><span style=\"color: #000000;\"><strong><a style=\"color: #000000;\" href=\"http:\/\/misionjosegregoriohernandez.gob.ve\/?page_id=1082\">Barinas<\/a><\/strong><\/span><\/li><li><span style=\"color: #000000;\"><strong><a style=\"color: #000000;\" href=\"http:\/\/misionjosegregoriohernandez.gob.ve\/?page_id=962\">Cojedes<\/a><\/strong><\/span><\/li><li><strong><a href=\"http:\/\/misionjosegregoriohernandez.gob.ve\/?page_id=1106\"><span style=\"color: #000000;\">Gu\u00e1rico<\/span><\/a><\/strong><\/li><\/ul>\t\t\t\t\t\t<\/div>\n\t\t\t\t<\/div>\n\t\t\t\t\t<\/div>\n\t\t<\/div>\n\t\t\t\t\t\t\t<\/div>\n\t\t<\/section>\n\t\t\t\t\t\t<\/div>\n\t\t\t\t\t<\/div>\n\t\t<div class=\"gsp_post_data\" data-post_type=\"page\" data-cat=\"\" data-modified=\"120\" data-title=\"Solicitud Ayudas Humanas &#8211; Solidarias Regi\u00f3n\" data-home=\"http:\/\/misionjosegregoriohernandez.gob.ve\"><\/div>","protected":false},"excerpt":{"rendered":"<p>\ud83d\udccd \u00bfC\u00f3mo funciona el proceso? Un sistema dise\u00f1ado para tu tranquilidad: Acude: Visita la OAC m\u00e1s cercana a tu comunidad. Orientaci\u00f3n: Recibe asesor\u00eda completa sobre tu caso y los requisitos necesarios. Registro: La OAC&#46;&#46;&#46;<\/p>\n","protected":false},"author":1,"featured_media":0,"parent":0,"menu_order":0,"comment_status":"closed","ping_status":"closed","template":"","meta":{"footnotes":""},"_links":{"self":[{"href":"http:\/\/misionjosegregoriohernandez.gob.ve\/index.php?rest_route=\/wp\/v2\/pages\/16217"}],"collection":[{"href":"http:\/\/misionjosegregoriohernandez.gob.ve\/index.php?rest_route=\/wp\/v2\/pages"}],"about":[{"href":"http:\/\/misionjosegregoriohernandez.gob.ve\/index.php?rest_route=\/wp\/v2\/types\/page"}],"author":[{"embeddable":true,"href":"http:\/\/misionjosegregoriohernandez.gob.ve\/index.php?rest_route=\/wp\/v2\/users\/1"}],"replies":[{"embeddable":true,"href":"http:\/\/misionjosegregoriohernandez.gob.ve\/index.php?rest_route=%2Fwp%2Fv2%2Fcomments&post=16217"}],"version-history":[{"count":64,"href":"http:\/\/misionjosegregoriohernandez.gob.ve\/index.php?rest_route=\/wp\/v2\/pages\/16217\/revisions"}],"predecessor-version":[{"id":16416,"href":"http:\/\/misionjosegregoriohernandez.gob.ve\/index.php?rest_route=\/wp\/v2\/pages\/16217\/revisions\/16416"}],"wp:attachment":[{"href":"http:\/\/misionjosegregoriohernandez.gob.ve\/index.php?rest_route=%2Fwp%2Fv2%2Fmedia&parent=16217"}],"curies":[{"name":"wp","href":"https:\/\/api.w.org\/{rel}","templated":true}]}}