{"id":14596,"date":"2026-02-20T05:30:58","date_gmt":"2026-02-20T09:30:58","guid":{"rendered":"http:\/\/misionjosegregoriohernandez.gob.ve\/?page_id=14596"},"modified":"2026-02-20T18:34:13","modified_gmt":"2026-02-20T22:34:13","slug":"servicios-y-tramites-fisiatria","status":"publish","type":"page","link":"http:\/\/misionjosegregoriohernandez.gob.ve\/?page_id=14596","title":{"rendered":"Servicios y tramites &#8211; Fisiatria"},"content":{"rendered":"\t\t<div data-elementor-type=\"wp-page\" data-elementor-id=\"14596\" class=\"elementor elementor-14596\" data-elementor-settings=\"[]\">\n\t\t\t\t\t\t\t<div class=\"elementor-section-wrap\">\n\t\t\t\t\t\t\t<section class=\"elementor-section elementor-top-section elementor-element elementor-element-44c592b elementor-section-boxed elementor-section-height-default elementor-section-height-default\" data-id=\"44c592b\" data-element_type=\"section\">\n\t\t\t\t\t\t<div class=\"elementor-container elementor-column-gap-default\">\n\t\t\t\t\t<div class=\"elementor-column elementor-col-100 elementor-top-column elementor-element elementor-element-4b4cb03\" data-id=\"4b4cb03\" data-element_type=\"column\">\n\t\t\t<div class=\"elementor-widget-wrap elementor-element-populated\">\n\t\t\t\t\t\t\t\t<div class=\"elementor-element elementor-element-3edaaea elementor-widget elementor-widget-text-editor\" data-id=\"3edaaea\" data-element_type=\"widget\" data-widget_type=\"text-editor.default\">\n\t\t\t\t<div class=\"elementor-widget-container\">\n\t\t\t<style>\/*! elementor - v3.5.2 - 22-12-2021 *\/\n.elementor-widget-text-editor.elementor-drop-cap-view-stacked .elementor-drop-cap{background-color:#818a91;color:#fff}.elementor-widget-text-editor.elementor-drop-cap-view-framed .elementor-drop-cap{color:#818a91;border:3px solid;background-color:transparent}.elementor-widget-text-editor:not(.elementor-drop-cap-view-default) .elementor-drop-cap{margin-top:8px}.elementor-widget-text-editor:not(.elementor-drop-cap-view-default) .elementor-drop-cap-letter{width:1em;height:1em}.elementor-widget-text-editor .elementor-drop-cap{float:left;text-align:center;line-height:1;font-size:50px}.elementor-widget-text-editor .elementor-drop-cap-letter{display:inline-block}<\/style>\t\t\t\t<h1 class=\"svelte-121hp7c\" dir=\"auto\"><span dir=\"auto\">\ud83e\ude7a Especialidades y Servicios M\u00e9dicos<\/span><\/h1><p class=\"svelte-121hp7c\" dir=\"auto\"><strong><span dir=\"auto\">Un enfoque multidisciplinario donde la tecnolog\u00eda y la calidez humana se unen por tu bienestar.<\/span><\/strong><\/p>\t\t\t\t\t\t<\/div>\n\t\t\t\t<\/div>\n\t\t\t\t\t<\/div>\n\t\t<\/div>\n\t\t\t\t\t\t\t<\/div>\n\t\t<\/section>\n\t\t\t\t<section class=\"elementor-section elementor-top-section elementor-element elementor-element-9acfb53 elementor-section-boxed elementor-section-height-default elementor-section-height-default\" data-id=\"9acfb53\" data-element_type=\"section\">\n\t\t\t\t\t\t<div class=\"elementor-container elementor-column-gap-default\">\n\t\t\t\t\t<div class=\"elementor-column elementor-col-100 elementor-top-column elementor-element elementor-element-269c4f3\" data-id=\"269c4f3\" data-element_type=\"column\">\n\t\t\t<div class=\"elementor-widget-wrap elementor-element-populated\">\n\t\t\t\t\t\t\t\t<div class=\"elementor-element elementor-element-1492762 elementor-widget elementor-widget-text-editor\" data-id=\"1492762\" data-element_type=\"widget\" data-widget_type=\"text-editor.default\">\n\t\t\t\t<div class=\"elementor-widget-container\">\n\t\t\t\t\t\t\t<h2 class=\"svelte-121hp7c\" dir=\"auto\"><span dir=\"auto\">\ud83c\udfe5 Nuestros Servicios<\/span><\/h2><p class=\"svelte-121hp7c\" dir=\"auto\"><span dir=\"auto\">Ofrecemos una atenci\u00f3n integral para tu recuperaci\u00f3n. Conoce lo que tenemos para ti:<\/span><\/p><div class=\"relative w-full group\/table mb-5\"><div class=\"overflow-x-auto relative w-full scrollbar-hidden\"><table class=\"min-w-full text-sm text-left text-gray-500 w-fit dark:text-gray-400\"><thead class=\"text-gray-700 uppercase border-none dark:text-gray-400\"><tr class=\"border-none bg-[#f7f7f7] dark:bg-[#F7F7F70F]\"><th class=\"px-3! py-1.5!\" scope=\"col\"><div class=\"gap-1.5 text-left\"><div class=\"break-normal shrink-0\"><span dir=\"auto\">Servicio<\/span><\/div><\/div><\/th><th class=\"px-3! py-1.5!\" scope=\"col\"><div class=\"gap-1.5 text-left\"><div class=\"break-normal shrink-0\"><span dir=\"auto\">Descripci\u00f3n<\/span><\/div><\/div><\/th><\/tr><\/thead><tbody><tr class=\"border-b-1 border-[#d1d5dc] dark:border-gray-850\"><td class=\"px-3! py-3! border-none text-gray-900 dark:text-white border border-[#EBEBEB] dark:border-[#FFFFFF0D] max-w-[500px] min-w-[180px]\"><strong><span dir=\"auto\">\ud83e\ude7a Consulta Especializada<\/span><\/strong><\/td><td class=\"px-3! py-3! border-none text-gray-900 dark:text-white border border-[#EBEBEB] dark:border-[#FFFFFF0D] max-w-[500px] min-w-[180px]\"><span dir=\"auto\">Evaluaci\u00f3n directa por m\u00e9dicos fisiatras certificados para definir tu plan de tratamiento.<\/span><\/td><\/tr><tr class=\"border-b-1 border-[#d1d5dc] dark:border-gray-850\"><td class=\"px-3! py-3! border-none text-gray-900 dark:text-white border border-[#EBEBEB] dark:border-[#FFFFFF0D] max-w-[500px] min-w-[180px]\"><strong><span dir=\"auto\">\ud83d\udccb Diagn\u00f3stico de Discapacidad<\/span><\/strong><\/td><td class=\"px-3! py-3! border-none text-gray-900 dark:text-white border border-[#EBEBEB] dark:border-[#FFFFFF0D] max-w-[500px] min-w-[180px]\"><span dir=\"auto\">Evaluaci\u00f3n integral para determinar el grado de limitaci\u00f3n funcional y necesidades espec\u00edficas.<\/span><\/td><\/tr><tr class=\"border-b-1 border-[#d1d5dc] dark:border-gray-850\"><td class=\"px-3! py-3! border-none text-gray-900 dark:text-white border border-[#EBEBEB] dark:border-[#FFFFFF0D] max-w-[500px] min-w-[180px]\"><strong><span dir=\"auto\">\u26a1 Terapias Tecnol\u00f3gicas<\/span><\/strong><\/td><td class=\"px-3! py-3! border-none text-gray-900 dark:text-white border border-[#EBEBEB] dark:border-[#FFFFFF0D] max-w-[500px] min-w-[180px]\"><span dir=\"auto\">Uso de equipos de \u00faltima generaci\u00f3n para acelerar y optimizar la recuperaci\u00f3n f\u00edsica.<\/span><\/td><\/tr><tr class=\"border-b-1 border-[#d1d5dc] dark:border-gray-850\"><td class=\"px-3! py-3! border-none text-gray-900 dark:text-white border border-[#EBEBEB] dark:border-[#FFFFFF0D] max-w-[500px] min-w-[180px]\"><strong><span dir=\"auto\">\ud83e\udd1d Enfoque Social<\/span><\/strong><\/td><td class=\"px-3! py-3! border-none text-gray-900 dark:text-white border border-[#EBEBEB] dark:border-[#FFFFFF0D] max-w-[500px] min-w-[180px]\"><span dir=\"auto\">Acompa\u00f1amiento y orientaci\u00f3n para garantizar tu reintegraci\u00f3n efectiva a la comunidad.<\/span><\/td><\/tr><\/tbody><\/table><\/div><p>\u00a0<\/p><\/div>\t\t\t\t\t\t<\/div>\n\t\t\t\t<\/div>\n\t\t\t\t\t<\/div>\n\t\t<\/div>\n\t\t\t\t\t\t\t<\/div>\n\t\t<\/section>\n\t\t\t\t<section class=\"elementor-section elementor-top-section elementor-element elementor-element-67b41b0 elementor-section-boxed elementor-section-height-default elementor-section-height-default\" data-id=\"67b41b0\" data-element_type=\"section\">\n\t\t\t\t\t\t<div class=\"elementor-container elementor-column-gap-default\">\n\t\t\t\t\t<div class=\"elementor-column elementor-col-100 elementor-top-column elementor-element elementor-element-9a45459\" data-id=\"9a45459\" data-element_type=\"column\">\n\t\t\t<div class=\"elementor-widget-wrap elementor-element-populated\">\n\t\t\t\t\t\t\t\t<div class=\"elementor-element elementor-element-5d917c3 elementor-widget elementor-widget-text-editor\" data-id=\"5d917c3\" data-element_type=\"widget\" data-widget_type=\"text-editor.default\">\n\t\t\t\t<div class=\"elementor-widget-container\">\n\t\t\t\t\t\t\t<h2 class=\"svelte-121hp7c\" dir=\"auto\"><span dir=\"auto\">Proceso para Solicitar Cita<\/span><\/h2><p class=\"svelte-121hp7c\" dir=\"auto\"><span dir=\"auto\">Para acceder a nuestros servicios de <strong>Fisiatr\u00eda<\/strong> y rehabilitaci\u00f3n, es necesario consignar la siguiente documentaci\u00f3n:<\/span><\/p><ol dir=\"auto\" start=\"1\" data-emit-thinking-stage=\"false\"><li class=\"text-start\"><strong><span dir=\"auto\">C\u00e9dula de Identidad:<\/span><\/strong><span dir=\"auto\"> Copia legible y vigente.<\/span><\/li><li class=\"text-start\"><strong><span dir=\"auto\">Informe M\u00e9dico:<\/span><\/strong><span dir=\"auto\"> Actualizado y emitido por un m\u00e9dico especialista (debe contener un diagn\u00f3stico claro).<\/span><\/li><\/ol><div class=\"\">\u00a0<\/div><h2 class=\"svelte-121hp7c\" dir=\"auto\"><span dir=\"auto\">\ud83d\udccd Ubicaci\u00f3n y Horarios<\/span><\/h2><p class=\"svelte-121hp7c\" dir=\"auto\"><span dir=\"auto\">Contamos con espacios equipados con tecnolog\u00eda m\u00e9dica para garantizar su recuperaci\u00f3n efectiva.<\/span><\/p><p class=\"svelte-121hp7c\" dir=\"auto\"><strong><span dir=\"auto\">\ud83c\udfe5 Sala de Rehabilitaci\u00f3n y Fisioterapia \u201cDr. Jos\u00e9 Gregorio Hern\u00e1ndez\u201d<\/span><\/strong><\/p><p class=\"svelte-121hp7c\" dir=\"auto\"><span dir=\"auto\">\ud83d\udccdDirecci\u00f3n <strong>:<\/strong> Av. Universidad, Edificio Sede del Ministerio del Poder Popular para las Comunas, Piso 2. Caracas, Distrito Capital.<\/span><\/p><p class=\"svelte-121hp7c\" dir=\"auto\"><span dir=\"auto\">\ud83d\udd52 <strong>Horario de Atenci\u00f3n (Previa Cita):<\/strong><\/span><\/p><ul dir=\"auto\"><li class=\"text-start\"><strong><span dir=\"auto\">Turno Ma\u00f1ana:<\/span><\/strong><span dir=\"auto\"> 8:30 am \u2013 12:00 pm<\/span><\/li><li class=\"text-start\"><strong><span dir=\"auto\">Turno Tarde:<\/span><\/strong><span dir=\"auto\"> 13:00 \u2013 16:00<\/span><\/li><li class=\"text-start\"><strong><span dir=\"auto\">D\u00edas:<\/span><\/strong><span dir=\"auto\"> Lunes a Viernes.<\/span><\/li><\/ul>\t\t\t\t\t\t<\/div>\n\t\t\t\t<\/div>\n\t\t\t\t\t<\/div>\n\t\t<\/div>\n\t\t\t\t\t\t\t<\/div>\n\t\t<\/section>\n\t\t\t\t<section class=\"elementor-section elementor-top-section elementor-element elementor-element-2f5d1d2 elementor-section-boxed elementor-section-height-default elementor-section-height-default\" data-id=\"2f5d1d2\" data-element_type=\"section\">\n\t\t\t\t\t\t<div class=\"elementor-container elementor-column-gap-default\">\n\t\t\t\t\t<div class=\"elementor-column elementor-col-100 elementor-top-column elementor-element elementor-element-d3a4519\" data-id=\"d3a4519\" data-element_type=\"column\">\n\t\t\t<div class=\"elementor-widget-wrap elementor-element-populated\">\n\t\t\t\t\t\t\t\t<div class=\"elementor-element elementor-element-0688d32 elementor-widget elementor-widget-text-editor\" data-id=\"0688d32\" data-element_type=\"widget\" data-widget_type=\"text-editor.default\">\n\t\t\t\t<div class=\"elementor-widget-container\">\n\t\t\t\t\t\t\t<h2 class=\"svelte-121hp7c\" dir=\"auto\"><span dir=\"auto\">\ud83d\udca1 Informaci\u00f3n Importante para el Paciente<\/span><\/h2><p class=\"svelte-121hp7c\" dir=\"auto\"><span dir=\"auto\">Para que tu experiencia sea exitosa, ten en cuenta estas recomendaciones:<\/span><\/p><ul dir=\"auto\"><li class=\"text-start\"><strong><span dir=\"auto\">\u23f0 Puntualidad:<\/span><\/strong><span dir=\"auto\"> Te recomendamos llegar <strong>15 minutos antes<\/strong> de tu cita programada para completar el registro.<\/span><\/li><li class=\"text-start\"><strong><span dir=\"auto\">\ud83d\udc55 Vestimenta:<\/span><\/strong><span dir=\"auto\"> Para las sesiones de terapia f\u00edsica, asiste con <strong>ropa c\u00f3moda o deportiva<\/strong> que permita el libre movimiento y el acceso a la zona a tratar.<\/span><\/li><li class=\"text-start\"><strong><span dir=\"auto\">\ud83d\udc64 Acompa\u00f1ante:<\/span><\/strong><span dir=\"auto\"> Las personas con movilidad reducida y los menores de edad deben asistir obligatoriamente con un acompa\u00f1ante.<\/span><\/li><\/ul><div class=\"\">\u00a0<\/div>\t\t\t\t\t\t<\/div>\n\t\t\t\t<\/div>\n\t\t\t\t\t<\/div>\n\t\t<\/div>\n\t\t\t\t\t\t\t<\/div>\n\t\t<\/section>\n\t\t\t\t\t\t<\/div>\n\t\t\t\t\t<\/div>\n\t\t<div class=\"gsp_post_data\" data-post_type=\"page\" data-cat=\"\" data-modified=\"120\" data-title=\"Servicios y tramites &#8211; Fisiatria\" data-home=\"http:\/\/misionjosegregoriohernandez.gob.ve\"><\/div>","protected":false},"excerpt":{"rendered":"<p>\ud83e\ude7a Especialidades y Servicios M\u00e9dicos Un enfoque multidisciplinario donde la tecnolog\u00eda y la calidez humana se unen por tu bienestar. \ud83c\udfe5 Nuestros Servicios Ofrecemos una atenci\u00f3n integral para tu recuperaci\u00f3n. Conoce lo que tenemos&#46;&#46;&#46;<\/p>\n","protected":false},"author":1,"featured_media":0,"parent":0,"menu_order":0,"comment_status":"closed","ping_status":"closed","template":"","meta":{"footnotes":""},"_links":{"self":[{"href":"http:\/\/misionjosegregoriohernandez.gob.ve\/index.php?rest_route=\/wp\/v2\/pages\/14596"}],"collection":[{"href":"http:\/\/misionjosegregoriohernandez.gob.ve\/index.php?rest_route=\/wp\/v2\/pages"}],"about":[{"href":"http:\/\/misionjosegregoriohernandez.gob.ve\/index.php?rest_route=\/wp\/v2\/types\/page"}],"author":[{"embeddable":true,"href":"http:\/\/misionjosegregoriohernandez.gob.ve\/index.php?rest_route=\/wp\/v2\/users\/1"}],"replies":[{"embeddable":true,"href":"http:\/\/misionjosegregoriohernandez.gob.ve\/index.php?rest_route=%2Fwp%2Fv2%2Fcomments&post=14596"}],"version-history":[{"count":40,"href":"http:\/\/misionjosegregoriohernandez.gob.ve\/index.php?rest_route=\/wp\/v2\/pages\/14596\/revisions"}],"predecessor-version":[{"id":14736,"href":"http:\/\/misionjosegregoriohernandez.gob.ve\/index.php?rest_route=\/wp\/v2\/pages\/14596\/revisions\/14736"}],"wp:attachment":[{"href":"http:\/\/misionjosegregoriohernandez.gob.ve\/index.php?rest_route=%2Fwp%2Fv2%2Fmedia&parent=14596"}],"curies":[{"name":"wp","href":"https:\/\/api.w.org\/{rel}","templated":true}]}}