{"id":139,"date":"2023-11-08T17:45:27","date_gmt":"2023-11-08T21:45:27","guid":{"rendered":"http:\/\/misionjosegregoriohernandez.gob.ve\/?page_id=139"},"modified":"2025-12-15T10:49:36","modified_gmt":"2025-12-15T14:49:36","slug":"quienes-somos-principios-y-valores-institucionales","status":"publish","type":"page","link":"http:\/\/misionjosegregoriohernandez.gob.ve\/?page_id=139","title":{"rendered":"Quienes somos &#8211; Valores institucionales"},"content":{"rendered":"\t\t<div data-elementor-type=\"wp-page\" data-elementor-id=\"139\" class=\"elementor elementor-139\" data-elementor-settings=\"[]\">\n\t\t\t\t\t\t\t<div class=\"elementor-section-wrap\">\n\t\t\t\t\t\t\t<section class=\"elementor-section elementor-top-section elementor-element elementor-element-d54e641 elementor-section-boxed elementor-section-height-default elementor-section-height-default\" data-id=\"d54e641\" data-element_type=\"section\">\n\t\t\t\t\t\t<div class=\"elementor-container elementor-column-gap-default\">\n\t\t\t\t\t<div class=\"elementor-column elementor-col-100 elementor-top-column elementor-element elementor-element-cd32157\" data-id=\"cd32157\" data-element_type=\"column\">\n\t\t\t<div class=\"elementor-widget-wrap\">\n\t\t\t\t\t\t\t\t\t<\/div>\n\t\t<\/div>\n\t\t\t\t\t\t\t<\/div>\n\t\t<\/section>\n\t\t\t\t<section class=\"elementor-section elementor-top-section elementor-element elementor-element-ca39eec elementor-section-boxed elementor-section-height-default elementor-section-height-default\" data-id=\"ca39eec\" data-element_type=\"section\">\n\t\t\t\t\t\t<div class=\"elementor-container elementor-column-gap-default\">\n\t\t\t\t\t<div class=\"elementor-column elementor-col-100 elementor-top-column elementor-element elementor-element-e69c587\" data-id=\"e69c587\" data-element_type=\"column\">\n\t\t\t<div class=\"elementor-widget-wrap elementor-element-populated\">\n\t\t\t\t\t\t\t\t<div class=\"elementor-element elementor-element-f86d582 elementor-widget elementor-widget-image\" data-id=\"f86d582\" data-element_type=\"widget\" data-widget_type=\"image.default\">\n\t\t\t\t<div class=\"elementor-widget-container\">\n\t\t\t<style>\/*! elementor - v3.5.2 - 22-12-2021 *\/\n.elementor-widget-image{text-align:center}.elementor-widget-image a{display:inline-block}.elementor-widget-image a img[src$=\".svg\"]{width:48px}.elementor-widget-image img{vertical-align:middle;display:inline-block}<\/style>\t\t\t\t\t\t\t\t\t\t\t\t<img loading=\"lazy\" decoding=\"async\" width=\"972\" height=\"1381\" src=\"http:\/\/misionjosegregoriohernandez.gob.ve\/wp-content\/uploads\/2025\/12\/Valores-Institucionales-visual-selection.png\" class=\"attachment-1536x1536 size-1536x1536\" alt=\"\" srcset=\"http:\/\/misionjosegregoriohernandez.gob.ve\/wp-content\/uploads\/2025\/12\/Valores-Institucionales-visual-selection.png 972w, http:\/\/misionjosegregoriohernandez.gob.ve\/wp-content\/uploads\/2025\/12\/Valores-Institucionales-visual-selection-211x300.png 211w, http:\/\/misionjosegregoriohernandez.gob.ve\/wp-content\/uploads\/2025\/12\/Valores-Institucionales-visual-selection-721x1024.png 721w, http:\/\/misionjosegregoriohernandez.gob.ve\/wp-content\/uploads\/2025\/12\/Valores-Institucionales-visual-selection-768x1091.png 768w\" sizes=\"(max-width: 972px) 100vw, 972px\" \/>\t\t\t\t\t\t\t\t\t\t\t\t\t\t\t<\/div>\n\t\t\t\t<\/div>\n\t\t\t\t\t<\/div>\n\t\t<\/div>\n\t\t\t\t\t\t\t<\/div>\n\t\t<\/section>\n\t\t\t\t<section class=\"elementor-section elementor-top-section elementor-element elementor-element-84b94e4 elementor-section-boxed elementor-section-height-default elementor-section-height-default\" data-id=\"84b94e4\" data-element_type=\"section\">\n\t\t\t\t\t\t<div class=\"elementor-container elementor-column-gap-default\">\n\t\t\t\t\t<div class=\"elementor-column elementor-col-100 elementor-top-column elementor-element elementor-element-6369d4d\" data-id=\"6369d4d\" data-element_type=\"column\">\n\t\t\t<div class=\"elementor-widget-wrap elementor-element-populated\">\n\t\t\t\t\t\t\t\t<div class=\"elementor-element elementor-element-c13e75d elementor-widget-divider--view-line elementor-widget elementor-widget-divider\" data-id=\"c13e75d\" data-element_type=\"widget\" data-widget_type=\"divider.default\">\n\t\t\t\t<div class=\"elementor-widget-container\">\n\t\t\t<style>\/*! elementor - v3.5.2 - 22-12-2021 *\/\n.elementor-widget-divider{--divider-border-style:none;--divider-border-width:1px;--divider-color:#2c2c2c;--divider-icon-size:20px;--divider-element-spacing:10px;--divider-pattern-height:24px;--divider-pattern-size:20px;--divider-pattern-url:none;--divider-pattern-repeat:repeat-x}.elementor-widget-divider .elementor-divider{display:-webkit-box;display:-ms-flexbox;display:flex}.elementor-widget-divider .elementor-divider__text{font-size:15px;line-height:1;max-width:95%}.elementor-widget-divider .elementor-divider__element{margin:0 var(--divider-element-spacing);-ms-flex-negative:0;flex-shrink:0}.elementor-widget-divider .elementor-icon{font-size:var(--divider-icon-size)}.elementor-widget-divider .elementor-divider-separator{display:-webkit-box;display:-ms-flexbox;display:flex;margin:0;direction:ltr}.elementor-widget-divider--view-line_icon .elementor-divider-separator,.elementor-widget-divider--view-line_text .elementor-divider-separator{-webkit-box-align:center;-ms-flex-align:center;align-items:center}.elementor-widget-divider--view-line_icon .elementor-divider-separator:after,.elementor-widget-divider--view-line_icon .elementor-divider-separator:before,.elementor-widget-divider--view-line_text .elementor-divider-separator:after,.elementor-widget-divider--view-line_text .elementor-divider-separator:before{display:block;content:\"\";border-bottom:0;-webkit-box-flex:1;-ms-flex-positive:1;flex-grow:1;border-top:var(--divider-border-width) var(--divider-border-style) var(--divider-color)}.elementor-widget-divider--element-align-left .elementor-divider .elementor-divider-separator>.elementor-divider__svg:first-of-type{-webkit-box-flex:0;-ms-flex-positive:0;flex-grow:0;-ms-flex-negative:100;flex-shrink:100}.elementor-widget-divider--element-align-left .elementor-divider-separator:before{content:none}.elementor-widget-divider--element-align-left .elementor-divider__element{margin-left:0}.elementor-widget-divider--element-align-right .elementor-divider .elementor-divider-separator>.elementor-divider__svg:last-of-type{-webkit-box-flex:0;-ms-flex-positive:0;flex-grow:0;-ms-flex-negative:100;flex-shrink:100}.elementor-widget-divider--element-align-right .elementor-divider-separator:after{content:none}.elementor-widget-divider--element-align-right .elementor-divider__element{margin-right:0}.elementor-widget-divider:not(.elementor-widget-divider--view-line_text):not(.elementor-widget-divider--view-line_icon) .elementor-divider-separator{border-top:var(--divider-border-width) var(--divider-border-style) var(--divider-color)}.elementor-widget-divider--separator-type-pattern{--divider-border-style:none}.elementor-widget-divider--separator-type-pattern.elementor-widget-divider--view-line .elementor-divider-separator,.elementor-widget-divider--separator-type-pattern:not(.elementor-widget-divider--view-line) .elementor-divider-separator:after,.elementor-widget-divider--separator-type-pattern:not(.elementor-widget-divider--view-line) .elementor-divider-separator:before,.elementor-widget-divider--separator-type-pattern:not([class*=elementor-widget-divider--view]) .elementor-divider-separator{width:100%;min-height:var(--divider-pattern-height);-webkit-mask-size:var(--divider-pattern-size) 100%;mask-size:var(--divider-pattern-size) 100%;-webkit-mask-repeat:var(--divider-pattern-repeat);mask-repeat:var(--divider-pattern-repeat);background-color:var(--divider-color);-webkit-mask-image:var(--divider-pattern-url);mask-image:var(--divider-pattern-url)}.elementor-widget-divider--no-spacing{--divider-pattern-size:auto}.elementor-widget-divider--bg-round{--divider-pattern-repeat:round}.rtl .elementor-widget-divider .elementor-divider__text{direction:rtl}<\/style>\t\t<div class=\"elementor-divider\">\n\t\t\t<span class=\"elementor-divider-separator\">\n\t\t\t\t\t\t<\/span>\n\t\t<\/div>\n\t\t\t\t<\/div>\n\t\t\t\t<\/div>\n\t\t\t\t\t<\/div>\n\t\t<\/div>\n\t\t\t\t\t\t\t<\/div>\n\t\t<\/section>\n\t\t\t\t<section class=\"elementor-section elementor-top-section elementor-element elementor-element-fc29b55 elementor-section-boxed elementor-section-height-default elementor-section-height-default\" data-id=\"fc29b55\" data-element_type=\"section\">\n\t\t\t\t\t\t<div class=\"elementor-container elementor-column-gap-default\">\n\t\t\t\t\t<div class=\"elementor-column elementor-col-100 elementor-top-column elementor-element elementor-element-55326ad\" data-id=\"55326ad\" data-element_type=\"column\">\n\t\t\t<div class=\"elementor-widget-wrap elementor-element-populated\">\n\t\t\t\t\t\t\t\t<div class=\"elementor-element elementor-element-0154afa elementor-widget elementor-widget-text-editor\" data-id=\"0154afa\" data-element_type=\"widget\" data-widget_type=\"text-editor.default\">\n\t\t\t\t<div class=\"elementor-widget-container\">\n\t\t\t<style>\/*! elementor - v3.5.2 - 22-12-2021 *\/\n.elementor-widget-text-editor.elementor-drop-cap-view-stacked .elementor-drop-cap{background-color:#818a91;color:#fff}.elementor-widget-text-editor.elementor-drop-cap-view-framed .elementor-drop-cap{color:#818a91;border:3px solid;background-color:transparent}.elementor-widget-text-editor:not(.elementor-drop-cap-view-default) .elementor-drop-cap{margin-top:8px}.elementor-widget-text-editor:not(.elementor-drop-cap-view-default) .elementor-drop-cap-letter{width:1em;height:1em}.elementor-widget-text-editor .elementor-drop-cap{float:left;text-align:center;line-height:1;font-size:50px}.elementor-widget-text-editor .elementor-drop-cap-letter{display:inline-block}<\/style>\t\t\t\t<p><b>Valores Institucionales: <\/b><\/p><p><b>Amor a la Patria: <\/b>Pensamiento que nos vincula a la tierra que nos vio nacer, que nos vio crecer, que nos adopt\u00f3 como hijos de esta gran naci\u00f3n, es un sentimiento sublime que nos hace proteger sus valores, su cultura, su historia heroica y los afectos.<\/p><p><b>Disciplina: <\/b>Actuaci\u00f3n apegada a la Visi\u00f3n, Misi\u00f3n, Valores, Pol\u00edticas, Normas y Procedimientos de la Instituci\u00f3n. Permite que todos los trabajadores y trabajadoras de la fundaci\u00f3n se alineen en una misma direcci\u00f3n.<\/p><p><b>\u00c9tica: <\/b>Constituye la mejor lente para poder interpretar \u00f3ptimamente y en su verdadera dimensi\u00f3n la realidad de la organizaci\u00f3n, siendo un potent\u00edsimo enfoque que permite a esta ser consciente del efecto que sus acciones provocan o pueden provocar sobre las personas en sus diferentes niveles.<\/p><p><b>Honestidad: <\/b>Manejando dentro de la fundaci\u00f3n la confianza, la rectitud y la pulcritud de sus procesos. A trav\u00e9s de las leyes, normas y procedimientos claros y sencillos, buscando garantizar la equidad en la selecci\u00f3n y desarrollo de los profesionales t\u00e9cnicos, empleados y obreros de la Instituci\u00f3n.<\/p><p><b>Igualdad: <\/b>Es la relaci\u00f3n equitativa que debe existir entre todos los trabajadores de la fundaci\u00f3n y los ciudadanos que atendemos sin distinci\u00f3n de raza, religi\u00f3n, condici\u00f3n social o discapacidad; es brindar lo mejor de s\u00ed mismo con un alto sentido del deber social.<\/p><p><b>Inclusi\u00f3n: <\/b>Adaptada a la atenci\u00f3n de las necesidades de las Personas con Discapacidad a trabajar por la inclusi\u00f3n efectiva y estrategias partidarias para la real igualdad de oportunidades.<\/p><p><b>Lealtad: <\/b>Pertenece a una instituci\u00f3n que propicia relaciones profundas, generando m\u00edstica, sentido de pertenencia e identificaci\u00f3n perdurable por lo cual asumimos a la Fundaci\u00f3n Misi\u00f3n Jos\u00e9 Gregorio Hern\u00e1ndez, como propio con el estamos verdaderamente comprometidos, sirviendo de portavoces de su misi\u00f3n y valores.<\/p><p><b>Respeto: <\/b>Reconocimiento de que alguien o algo tiene un valor en la vida. Sentimiento que lleva a reconocer los derechos de los y las compa\u00f1eras de trabajo, (sin importar el nivel que ocupa en la organizaci\u00f3n), cuidando en todo momento de mantener un trato cordial, prudente y considerado. Base del sustento de la moral y la \u00e9tica socialista.<\/p><p><b>Solidaridad: <\/b>Movida por la convicci\u00f3n de justicia e igualdad con lazos sociales basados en metas o intereses comunes entre el g\u00e9nero con determinaci\u00f3n firme y perseverante.<\/p>\t\t\t\t\t\t<\/div>\n\t\t\t\t<\/div>\n\t\t\t\t\t<\/div>\n\t\t<\/div>\n\t\t\t\t\t\t\t<\/div>\n\t\t<\/section>\n\t\t\t\t\t\t<\/div>\n\t\t\t\t\t<\/div>\n\t\t<div class=\"gsp_post_data\" data-post_type=\"page\" data-cat=\"\" data-modified=\"120\" data-title=\"Quienes somos &#8211; Valores institucionales\" data-home=\"http:\/\/misionjosegregoriohernandez.gob.ve\"><\/div>","protected":false},"excerpt":{"rendered":"<p>Valores Institucionales: Amor a la Patria: Pensamiento que nos vincula a la tierra que nos vio nacer, que nos vio crecer, que nos adopt\u00f3 como hijos de esta gran naci\u00f3n, es un sentimiento sublime&#46;&#46;&#46;<\/p>\n","protected":false},"author":1,"featured_media":0,"parent":0,"menu_order":0,"comment_status":"closed","ping_status":"closed","template":"","meta":{"footnotes":""},"_links":{"self":[{"href":"http:\/\/misionjosegregoriohernandez.gob.ve\/index.php?rest_route=\/wp\/v2\/pages\/139"}],"collection":[{"href":"http:\/\/misionjosegregoriohernandez.gob.ve\/index.php?rest_route=\/wp\/v2\/pages"}],"about":[{"href":"http:\/\/misionjosegregoriohernandez.gob.ve\/index.php?rest_route=\/wp\/v2\/types\/page"}],"author":[{"embeddable":true,"href":"http:\/\/misionjosegregoriohernandez.gob.ve\/index.php?rest_route=\/wp\/v2\/users\/1"}],"replies":[{"embeddable":true,"href":"http:\/\/misionjosegregoriohernandez.gob.ve\/index.php?rest_route=%2Fwp%2Fv2%2Fcomments&post=139"}],"version-history":[{"count":152,"href":"http:\/\/misionjosegregoriohernandez.gob.ve\/index.php?rest_route=\/wp\/v2\/pages\/139\/revisions"}],"predecessor-version":[{"id":10027,"href":"http:\/\/misionjosegregoriohernandez.gob.ve\/index.php?rest_route=\/wp\/v2\/pages\/139\/revisions\/10027"}],"wp:attachment":[{"href":"http:\/\/misionjosegregoriohernandez.gob.ve\/index.php?rest_route=%2Fwp%2Fv2%2Fmedia&parent=139"}],"curies":[{"name":"wp","href":"https:\/\/api.w.org\/{rel}","templated":true}]}}