{"id":13831,"date":"2026-02-16T11:45:40","date_gmt":"2026-02-16T15:45:40","guid":{"rendered":"http:\/\/misionjosegregoriohernandez.gob.ve\/?page_id=13831"},"modified":"2026-03-18T19:15:50","modified_gmt":"2026-03-18T23:15:50","slug":"centros-de-atencion-distrito-capital","status":"publish","type":"page","link":"http:\/\/misionjosegregoriohernandez.gob.ve\/?page_id=13831","title":{"rendered":"Centros de Atenci\u00f3n &#8211; Distrito Capital"},"content":{"rendered":"\t\t<div data-elementor-type=\"wp-page\" data-elementor-id=\"13831\" class=\"elementor elementor-13831\" data-elementor-settings=\"[]\">\n\t\t\t\t\t\t\t<div class=\"elementor-section-wrap\">\n\t\t\t\t\t\t\t<section class=\"elementor-section elementor-top-section elementor-element elementor-element-b3e2191 elementor-section-boxed elementor-section-height-default elementor-section-height-default\" data-id=\"b3e2191\" data-element_type=\"section\">\n\t\t\t\t\t\t<div class=\"elementor-container elementor-column-gap-default\">\n\t\t\t\t\t<div class=\"elementor-column elementor-col-100 elementor-top-column elementor-element elementor-element-6661c3a\" data-id=\"6661c3a\" data-element_type=\"column\">\n\t\t\t<div class=\"elementor-widget-wrap elementor-element-populated\">\n\t\t\t\t\t\t\t\t<div class=\"elementor-element elementor-element-8c8b149 elementor-widget elementor-widget-image\" data-id=\"8c8b149\" data-element_type=\"widget\" data-widget_type=\"image.default\">\n\t\t\t\t<div class=\"elementor-widget-container\">\n\t\t\t<style>\/*! elementor - v3.5.2 - 22-12-2021 *\/\n.elementor-widget-image{text-align:center}.elementor-widget-image a{display:inline-block}.elementor-widget-image a img[src$=\".svg\"]{width:48px}.elementor-widget-image img{vertical-align:middle;display:inline-block}<\/style>\t\t\t\t\t\t\t\t\t\t\t\t<img loading=\"lazy\" decoding=\"async\" width=\"1024\" height=\"559\" src=\"http:\/\/misionjosegregoriohernandez.gob.ve\/wp-content\/uploads\/2026\/03\/Gemini_Generated_Image_v7hgcev7hgcev7hg-1024x559.png\" class=\"attachment-large size-large\" alt=\"\" srcset=\"http:\/\/misionjosegregoriohernandez.gob.ve\/wp-content\/uploads\/2026\/03\/Gemini_Generated_Image_v7hgcev7hgcev7hg-1024x559.png 1024w, http:\/\/misionjosegregoriohernandez.gob.ve\/wp-content\/uploads\/2026\/03\/Gemini_Generated_Image_v7hgcev7hgcev7hg-300x164.png 300w, http:\/\/misionjosegregoriohernandez.gob.ve\/wp-content\/uploads\/2026\/03\/Gemini_Generated_Image_v7hgcev7hgcev7hg-768x419.png 768w, http:\/\/misionjosegregoriohernandez.gob.ve\/wp-content\/uploads\/2026\/03\/Gemini_Generated_Image_v7hgcev7hgcev7hg.png 1408w\" sizes=\"(max-width: 1024px) 100vw, 1024px\" \/>\t\t\t\t\t\t\t\t\t\t\t\t\t\t\t<\/div>\n\t\t\t\t<\/div>\n\t\t\t\t\t<\/div>\n\t\t<\/div>\n\t\t\t\t\t\t\t<\/div>\n\t\t<\/section>\n\t\t\t\t<section class=\"elementor-section elementor-top-section elementor-element elementor-element-003e486 elementor-section-boxed elementor-section-height-default elementor-section-height-default\" data-id=\"003e486\" data-element_type=\"section\">\n\t\t\t\t\t\t<div class=\"elementor-container elementor-column-gap-default\">\n\t\t\t\t\t<div class=\"elementor-column elementor-col-100 elementor-top-column elementor-element elementor-element-b442f38\" data-id=\"b442f38\" data-element_type=\"column\">\n\t\t\t<div class=\"elementor-widget-wrap elementor-element-populated\">\n\t\t\t\t\t\t\t\t<div class=\"elementor-element elementor-element-b3418d1 elementor-widget elementor-widget-text-editor\" data-id=\"b3418d1\" data-element_type=\"widget\" data-widget_type=\"text-editor.default\">\n\t\t\t\t<div class=\"elementor-widget-container\">\n\t\t\t<style>\/*! elementor - v3.5.2 - 22-12-2021 *\/\n.elementor-widget-text-editor.elementor-drop-cap-view-stacked .elementor-drop-cap{background-color:#818a91;color:#fff}.elementor-widget-text-editor.elementor-drop-cap-view-framed .elementor-drop-cap{color:#818a91;border:3px solid;background-color:transparent}.elementor-widget-text-editor:not(.elementor-drop-cap-view-default) .elementor-drop-cap{margin-top:8px}.elementor-widget-text-editor:not(.elementor-drop-cap-view-default) .elementor-drop-cap-letter{width:1em;height:1em}.elementor-widget-text-editor .elementor-drop-cap{float:left;text-align:center;line-height:1;font-size:50px}.elementor-widget-text-editor .elementor-drop-cap-letter{display:inline-block}<\/style>\t\t\t\t<h1 class=\"svelte-121hp7c\" dir=\"auto\"><span dir=\"auto\">\ud83d\udccd Gu\u00eda de Servicios Distrito Capital.\u00a0<\/span><\/h1><h3 class=\"svelte-121hp7c\" dir=\"auto\"><span dir=\"auto\">Centro de Rehabilitaci\u00f3n y Apoyo Integral<\/span><\/h3><p class=\"svelte-121hp7c\" dir=\"auto\"><strong><span dir=\"auto\">\u00a1Bienvenido\/a! Para brindarte una atenci\u00f3n eficiente, contamos con dos sedes especializadas. Usa esta gu\u00eda para dirigirte al lugar correcto seg\u00fan tu necesidad.<\/span><\/strong><\/p>\t\t\t\t\t\t<\/div>\n\t\t\t\t<\/div>\n\t\t\t\t\t<\/div>\n\t\t<\/div>\n\t\t\t\t\t\t\t<\/div>\n\t\t<\/section>\n\t\t\t\t<section class=\"elementor-section elementor-top-section elementor-element elementor-element-3b61fa3 elementor-section-boxed elementor-section-height-default elementor-section-height-default\" data-id=\"3b61fa3\" data-element_type=\"section\">\n\t\t\t\t\t\t<div class=\"elementor-container elementor-column-gap-default\">\n\t\t\t\t\t<div class=\"elementor-column elementor-col-100 elementor-top-column elementor-element elementor-element-3094914\" data-id=\"3094914\" data-element_type=\"column\">\n\t\t\t<div class=\"elementor-widget-wrap elementor-element-populated\">\n\t\t\t\t\t\t\t\t<div class=\"elementor-element elementor-element-3f6e345 elementor-widget elementor-widget-text-editor\" data-id=\"3f6e345\" data-element_type=\"widget\" data-widget_type=\"text-editor.default\">\n\t\t\t\t<div class=\"elementor-widget-container\">\n\t\t\t\t\t\t\t<h2 class=\"svelte-121hp7c\" dir=\"auto\"><span dir=\"auto\">\ud83e\udded \u00bfA D\u00d3NDE DEBO IR?<\/span><\/h2><p class=\"svelte-121hp7c\" dir=\"auto\"><strong><span dir=\"auto\">Ubica tu necesidad y dir\u00edgete a la sede correspondiente:<\/span><\/strong><\/p><div class=\"relative w-full group\/table mb-5\"><div class=\"overflow-x-auto relative w-full scrollbar-hidden\"><table class=\"min-w-full text-sm text-left text-gray-500 w-fit dark:text-gray-400\"><thead class=\"text-gray-700 uppercase border-none dark:text-gray-400\"><tr class=\"border-none bg-[#f7f7f7] dark:bg-[#F7F7F70F]\"><th class=\"px-3! py-1.5!\" scope=\"col\"><div class=\"gap-1.5 text-left\"><div class=\"break-normal shrink-0\"><span dir=\"auto\">Si tu necesidad es&#8230;<\/span><\/div><\/div><\/th><th class=\"px-3! py-1.5!\" scope=\"col\"><div class=\"gap-1.5 text-left\"><div class=\"break-normal shrink-0\"><span dir=\"auto\">Debes acudir a&#8230;<\/span><\/div><\/div><\/th><\/tr><\/thead><tbody><tr class=\"border-b-1 border-[#d1d5dc] dark:border-gray-850\"><td class=\"px-3! py-3! border-none text-gray-900 dark:text-white border border-[#EBEBEB] dark:border-[#FFFFFF0D] max-w-[500px] min-w-[180px]\"><span dir=\"auto\">\ud83e\uddbd Solicitar silla de ruedas, bast\u00f3n o andadera.<\/span><\/td><td class=\"px-3! py-3! border-none text-gray-900 dark:text-white border border-[#EBEBEB] dark:border-[#FFFFFF0D] max-w-[500px] min-w-[180px]\"><strong><span dir=\"auto\">Planta baja (OAC)<\/span><\/strong><\/td><\/tr><tr class=\"border-b-1 border-[#d1d5dc] dark:border-gray-850\"><td class=\"px-3! py-3! border-none text-gray-900 dark:text-white border border-[#EBEBEB] dark:border-[#FFFFFF0D] max-w-[500px] min-w-[180px]\"><span dir=\"auto\">\ud83d\udc68\u200d\u2695\ufe0f Consulta con especialista (Fisiatr\u00eda o Audiolog\u00eda).<\/span><\/td><td class=\"px-3! py-3! border-none text-gray-900 dark:text-white border border-[#EBEBEB] dark:border-[#FFFFFF0D] max-w-[500px] min-w-[180px]\"><strong><span dir=\"auto\">Piso 2 (OAC)<\/span><\/strong><\/td><\/tr><tr class=\"border-b-1 border-[#d1d5dc] dark:border-gray-850\"><td class=\"px-3! py-3! border-none text-gray-900 dark:text-white border border-[#EBEBEB] dark:border-[#FFFFFF0D] max-w-[500px] min-w-[180px]\"><span dir=\"auto\">\ud83d\udcdd Reg\u00edstrate por primera vez o actualiza datos.<\/span><\/td><td class=\"px-3! py-3! border-none text-gray-900 dark:text-white border border-[#EBEBEB] dark:border-[#FFFFFF0D] max-w-[500px] min-w-[180px]\"><strong><span dir=\"auto\">Planta baja (OAC)<\/span><\/strong><\/td><\/tr><tr class=\"border-b-1 border-[#d1d5dc] dark:border-gray-850\"><td class=\"px-3! py-3! border-none text-gray-900 dark:text-white border border-[#EBEBEB] dark:border-[#FFFFFF0D] max-w-[500px] min-w-[180px]\"><span dir=\"auto\">\ud83e\uddbe Iniciar tr\u00e1mite de pr\u00f3tesis (pierna, brazo, etc.).<\/span><\/td><td class=\"px-3! py-3! border-none text-gray-900 dark:text-white border border-[#EBEBEB] dark:border-[#FFFFFF0D] max-w-[500px] min-w-[180px]\"><strong><span dir=\"auto\">Hospital Dr. R\u00edsquez<\/span><\/strong><\/td><\/tr><tr class=\"border-b-1 border-[#d1d5dc] dark:border-gray-850\"><td class=\"px-3! py-3! border-none text-gray-900 dark:text-white border border-[#EBEBEB] dark:border-[#FFFFFF0D] max-w-[500px] min-w-[180px]\"><span dir=\"auto\">\ud83e\ude79 Solicitar \u00f3rtesis a tu medida (f\u00e9rulas, soportes).<\/span><\/td><td class=\"px-3! py-3! border-none text-gray-900 dark:text-white border border-[#EBEBEB] dark:border-[#FFFFFF0D] max-w-[500px] min-w-[180px]\"><strong><span dir=\"auto\">Hospital Dr. R\u00edsquez<\/span><\/strong><\/td><\/tr><tr class=\"border-b-1 border-[#d1d5dc] dark:border-gray-850\"><td class=\"px-3! py-3! border-none text-gray-900 dark:text-white border border-[#EBEBEB] dark:border-[#FFFFFF0D] max-w-[500px] min-w-[180px]\"><span dir=\"auto\">\ud83d\udd27 Reparar o dar mantenimiento a tu dispositivo.<\/span><\/td><td class=\"px-3! py-3! border-none text-gray-900 dark:text-white border border-[#EBEBEB] dark:border-[#FFFFFF0D] max-w-[500px] min-w-[180px]\"><strong><span dir=\"auto\">Hospital Dr. R\u00edsquez<\/span><\/strong><\/td><\/tr><tr class=\"border-b-1 border-[#d1d5dc] dark:border-gray-850\"><td class=\"px-3! py-3! border-none text-gray-900 dark:text-white border border-[#EBEBEB] dark:border-[#FFFFFF0D] max-w-[500px] min-w-[180px]\"><span dir=\"auto\">\ud83c\udf93 Aprender a usar tu nueva pr\u00f3tesis u \u00f3rtesis.<\/span><\/td><td class=\"px-3! py-3! border-none text-gray-900 dark:text-white border border-[#EBEBEB] dark:border-[#FFFFFF0D] max-w-[500px] min-w-[180px]\"><strong><span dir=\"auto\">Hospital Dr. R\u00edsquez<\/span><\/strong><\/td><\/tr><\/tbody><\/table><\/div><\/div>\t\t\t\t\t\t<\/div>\n\t\t\t\t<\/div>\n\t\t\t\t\t<\/div>\n\t\t<\/div>\n\t\t\t\t\t\t\t<\/div>\n\t\t<\/section>\n\t\t\t\t<section class=\"elementor-section elementor-top-section elementor-element elementor-element-3b0fd0c elementor-section-boxed elementor-section-height-default elementor-section-height-default\" data-id=\"3b0fd0c\" data-element_type=\"section\">\n\t\t\t\t\t\t<div class=\"elementor-container elementor-column-gap-default\">\n\t\t\t\t\t<div class=\"elementor-column elementor-col-50 elementor-top-column elementor-element elementor-element-63e55db\" data-id=\"63e55db\" data-element_type=\"column\">\n\t\t\t<div class=\"elementor-widget-wrap elementor-element-populated\">\n\t\t\t\t\t\t\t\t<div class=\"elementor-element elementor-element-a7da664 elementor-widget elementor-widget-image\" data-id=\"a7da664\" data-element_type=\"widget\" data-widget_type=\"image.default\">\n\t\t\t\t<div class=\"elementor-widget-container\">\n\t\t\t\t\t\t\t\t\t\t\t\t\t\t\t<img loading=\"lazy\" decoding=\"async\" width=\"408\" height=\"306\" src=\"http:\/\/misionjosegregoriohernandez.gob.ve\/wp-content\/uploads\/2026\/02\/EdfMPPcomunas.jpg\" class=\"attachment-large size-large\" alt=\"\" srcset=\"http:\/\/misionjosegregoriohernandez.gob.ve\/wp-content\/uploads\/2026\/02\/EdfMPPcomunas.jpg 408w, http:\/\/misionjosegregoriohernandez.gob.ve\/wp-content\/uploads\/2026\/02\/EdfMPPcomunas-300x225.jpg 300w\" sizes=\"(max-width: 408px) 100vw, 408px\" \/>\t\t\t\t\t\t\t\t\t\t\t\t\t\t\t<\/div>\n\t\t\t\t<\/div>\n\t\t\t\t\t<\/div>\n\t\t<\/div>\n\t\t\t\t<div class=\"elementor-column elementor-col-50 elementor-top-column elementor-element elementor-element-896dccf\" data-id=\"896dccf\" data-element_type=\"column\">\n\t\t\t<div class=\"elementor-widget-wrap elementor-element-populated\">\n\t\t\t\t\t\t\t\t<div class=\"elementor-element elementor-element-c9a40d2 elementor-widget elementor-widget-html\" data-id=\"c9a40d2\" data-element_type=\"widget\" data-widget_type=\"html.default\">\n\t\t\t\t<div class=\"elementor-widget-container\">\n\t\t\t<iframe src=\"https:\/\/www.google.com\/maps\/embed?pb=!1m18!1m12!1m3!1d550.4213827194909!2d-66.91331975114255!3d10.50405205726777!2m3!1f0!2f0!3f0!3m2!1i1024!2i768!4f13.1!3m3!1m2!1s0x8c2a5f2afcff6913%3A0x6aafd88f54716a7b!2sEsquina%20de%20Traposos!5e0!3m2!1ses!2sus!4v1771679413256!5m2!1ses!2sus\" width=\"600\" height=\"450\" style=\"border:0;\" allowfullscreen=\"\" loading=\"lazy\" referrerpolicy=\"no-referrer-when-downgrade\"><\/iframe>\t\t<\/div>\n\t\t\t\t<\/div>\n\t\t\t\t\t<\/div>\n\t\t<\/div>\n\t\t\t\t\t\t\t<\/div>\n\t\t<\/section>\n\t\t\t\t<section class=\"elementor-section elementor-top-section elementor-element elementor-element-964fc56 elementor-section-boxed elementor-section-height-default elementor-section-height-default\" data-id=\"964fc56\" data-element_type=\"section\">\n\t\t\t\t\t\t<div class=\"elementor-container elementor-column-gap-default\">\n\t\t\t\t\t<div class=\"elementor-column elementor-col-100 elementor-top-column elementor-element elementor-element-0d46b1e\" data-id=\"0d46b1e\" data-element_type=\"column\">\n\t\t\t<div class=\"elementor-widget-wrap elementor-element-populated\">\n\t\t\t\t\t\t\t\t<div class=\"elementor-element elementor-element-9021ab6 elementor-widget elementor-widget-text-editor\" data-id=\"9021ab6\" data-element_type=\"widget\" data-widget_type=\"text-editor.default\">\n\t\t\t\t<div class=\"elementor-widget-container\">\n\t\t\t\t\t\t\t<h2 class=\"svelte-121hp7c\" dir=\"auto\"><span dir=\"auto\">\ud83c\udfe2 Sede (1) : Oficina de Atenci\u00f3n al Ciudadano (OAC)<\/span><\/h2><p class=\"svelte-121hp7c\" dir=\"auto\"><strong><span dir=\"auto\">Tr\u00e1mites, Registro y Consultas M\u00e9dicas<\/span><\/strong><\/p><p class=\"svelte-121hp7c\" dir=\"auto\"><span dir=\"auto\">Es tu punto de partida. Aqu\u00ed gestionamos tu registro, entregamos ayudas t\u00e9cnicas y realizamos evaluaciones m\u00e9dicas iniciales.<\/span><\/p><p class=\"svelte-121hp7c\" dir=\"auto\"><span dir=\"auto\">\ud83d\udccdUbicaci\u00f3n <strong>:<\/strong> Av. Universidad, Esquina de Traposos a Col\u00f3n. Edificio Sede Ministerio del Poder Popular para las Comunas y Protecci\u00f3n Social. Distrito Capital.<\/span><\/p><p class=\"svelte-121hp7c\" dir=\"auto\"><span dir=\"auto\"> \u23f0 <strong>Horario:<\/strong> Lunes a Viernes | 8:00 a. m. \u2013 4:00 p. m.<\/span><\/p><h3 class=\"svelte-121hp7c\" dir=\"auto\"><span dir=\"auto\">\u00bfQu\u00e9 hago aqu\u00ed?<\/span><\/h3><p class=\"svelte-121hp7c\" dir=\"auto\"><strong><span dir=\"auto\">\ud83d\udce5 Planta Baja (Gesti\u00f3n y Registro):<\/span><\/strong><\/p><ul dir=\"auto\"><li class=\"text-start\"><strong><span dir=\"auto\">Informaci\u00f3n y Orientaci\u00f3n:<\/span><\/strong><span dir=\"auto\"> Te explicamos todos nuestros programas.<\/span><\/li><li class=\"text-start\"><strong><span dir=\"auto\">Carnet de Discapacidad:<\/span><\/strong><span dir=\"auto\"> Realiza tu censo y obt\u00e9n tu certificado para acceder a beneficios.<\/span><\/li><li class=\"text-start\"><strong><span dir=\"auto\">Ayudas T\u00e9cnicas:<\/span><\/strong><span dir=\"auto\"> Solicitud y entrega de sillas de ruedas, bastones y andaderas.<\/span><\/li><li><p class=\"ds-markdown-paragraph\">\ud83d\udc49 <a href=\"http:\/\/misionjosegregoriohernandez.gob.ve\/?page_id=327\"><span style=\"color: #000000;\"><strong>S<\/strong>olicitar \u00a0Ayuda Humana (Ayuda T\u00e9cnica)<\/span><\/a><\/p><\/li><\/ul><p class=\"svelte-121hp7c\" dir=\"auto\"><strong><span dir=\"auto\">\ud83e\ude7a Piso 2 (Salud y Evaluaci\u00f3n):<\/span><\/strong><\/p><ul dir=\"auto\"><li class=\"text-start\"><span dir=\"auto\"><span style=\"color: #000000;\"><a style=\"color: #000000;\" href=\"http:\/\/misionjosegregoriohernandez.gob.ve\/?page_id=14596\"><strong>Consulta de Fisiatr\u00eda:<\/strong><\/a><\/span> Evaluaci\u00f3n especializada y plan de rehabilitaci\u00f3n.<\/span><\/li><li class=\"text-start\"><span dir=\"auto\"><span style=\"color: #000000;\"><a style=\"color: #000000;\" href=\"http:\/\/misionjosegregoriohernandez.gob.ve\/?page_id=391\"><strong>Unidad de Audiolog\u00eda:<\/strong><\/a><\/span> Diagn\u00f3stico y salud auditiva.<\/span><\/li><li class=\"text-start\"><span dir=\"auto\"><strong><span style=\"color: #000000;\"><a style=\"color: #000000;\" href=\"http:\/\/misionjosegregoriohernandez.gob.ve\/?page_id=6598\">Fisioterapia<\/a><\/span><\/strong>Sesiones de rehabilitaci\u00f3n personalizadas.<\/span><\/li><\/ul>\t\t\t\t\t\t<\/div>\n\t\t\t\t<\/div>\n\t\t\t\t\t<\/div>\n\t\t<\/div>\n\t\t\t\t\t\t\t<\/div>\n\t\t<\/section>\n\t\t\t\t<section class=\"elementor-section elementor-top-section elementor-element elementor-element-b6bf074 elementor-section-boxed elementor-section-height-default elementor-section-height-default\" data-id=\"b6bf074\" data-element_type=\"section\">\n\t\t\t\t\t\t<div class=\"elementor-container elementor-column-gap-default\">\n\t\t\t\t\t<div class=\"elementor-column elementor-col-100 elementor-top-column elementor-element elementor-element-df0e96b\" data-id=\"df0e96b\" data-element_type=\"column\">\n\t\t\t<div class=\"elementor-widget-wrap elementor-element-populated\">\n\t\t\t\t\t\t\t\t<div class=\"elementor-element elementor-element-c2b5168 elementor-widget elementor-widget-text-editor\" data-id=\"c2b5168\" data-element_type=\"widget\" data-widget_type=\"text-editor.default\">\n\t\t\t\t<div class=\"elementor-widget-container\">\n\t\t\t\t\t\t\t<h2 class=\"svelte-121hp7c\" dir=\"auto\"><span dir=\"auto\">\ud83c\udfe5 SEDE (2): Hospital Dr. Francisco Antonio R\u00edsquez<\/span><\/h2>\t\t\t\t\t\t<\/div>\n\t\t\t\t<\/div>\n\t\t\t\t\t<\/div>\n\t\t<\/div>\n\t\t\t\t\t\t\t<\/div>\n\t\t<\/section>\n\t\t\t\t<section class=\"elementor-section elementor-top-section elementor-element elementor-element-e7b3944 elementor-section-boxed elementor-section-height-default elementor-section-height-default\" data-id=\"e7b3944\" data-element_type=\"section\">\n\t\t\t\t\t\t<div class=\"elementor-container elementor-column-gap-default\">\n\t\t\t\t\t<div class=\"elementor-column elementor-col-50 elementor-top-column elementor-element elementor-element-c89ed54\" data-id=\"c89ed54\" data-element_type=\"column\">\n\t\t\t<div class=\"elementor-widget-wrap elementor-element-populated\">\n\t\t\t\t\t\t\t\t<div class=\"elementor-element elementor-element-d2ec6e1 elementor-widget elementor-widget-image\" data-id=\"d2ec6e1\" data-element_type=\"widget\" data-widget_type=\"image.default\">\n\t\t\t\t<div class=\"elementor-widget-container\">\n\t\t\t\t\t\t\t\t\t\t\t\t\t\t\t<img loading=\"lazy\" decoding=\"async\" width=\"150\" height=\"150\" src=\"http:\/\/misionjosegregoriohernandez.gob.ve\/wp-content\/uploads\/2024\/05\/hospitalrisquez-150x150-1.jpeg\" class=\"attachment-thumb-xxlarge size-thumb-xxlarge\" alt=\"\" srcset=\"http:\/\/misionjosegregoriohernandez.gob.ve\/wp-content\/uploads\/2024\/05\/hospitalrisquez-150x150-1.jpeg 150w, http:\/\/misionjosegregoriohernandez.gob.ve\/wp-content\/uploads\/2024\/05\/hospitalrisquez-150x150-1-80x80.jpeg 80w\" sizes=\"(max-width: 150px) 100vw, 150px\" \/>\t\t\t\t\t\t\t\t\t\t\t\t\t\t\t<\/div>\n\t\t\t\t<\/div>\n\t\t\t\t\t<\/div>\n\t\t<\/div>\n\t\t\t\t<div class=\"elementor-column elementor-col-50 elementor-top-column elementor-element elementor-element-cc1e614\" data-id=\"cc1e614\" data-element_type=\"column\">\n\t\t\t<div class=\"elementor-widget-wrap elementor-element-populated\">\n\t\t\t\t\t\t\t\t<div class=\"elementor-element elementor-element-ee119c5 e-transform e-transform elementor-widget__width-inherit elementor-widget elementor-widget-html\" data-id=\"ee119c5\" data-element_type=\"widget\" data-settings=\"{&quot;_transform_flipX_effect_hover&quot;:&quot;transform&quot;,&quot;_transform_flipY_effect_hover&quot;:&quot;transform&quot;}\" data-widget_type=\"html.default\">\n\t\t\t\t<div class=\"elementor-widget-container\">\n\t\t\t<iframe src=\"https:\/\/www.google.com\/maps\/embed?pb=!1m18!1m12!1m3!1d3922.803710011342!2d-66.90806942518452!3d10.516121163941602!2m3!1f0!2f0!3f0!3m2!1i1024!2i768!4f13.1!3m3!1m2!1s0x8c2a5ecaef0fd15f%3A0xc54f74bcb6b23fdb!2sHospital%20Dr.%20Francisco%20A.%20Risquez!5e0!3m2!1ses-419!2sus!4v1771941209530!5m2!1ses-419!2sus\" width=\"600\" height=\"450\" style=\"border:0;\" allowfullscreen=\"\" loading=\"lazy\" referrerpolicy=\"no-referrer-when-downgrade\"><\/iframe>\t\t<\/div>\n\t\t\t\t<\/div>\n\t\t\t\t\t<\/div>\n\t\t<\/div>\n\t\t\t\t\t\t\t<\/div>\n\t\t<\/section>\n\t\t\t\t<section class=\"elementor-section elementor-top-section elementor-element elementor-element-c18b641 elementor-section-boxed elementor-section-height-default elementor-section-height-default\" data-id=\"c18b641\" data-element_type=\"section\">\n\t\t\t\t\t\t<div class=\"elementor-container elementor-column-gap-default\">\n\t\t\t\t\t<div class=\"elementor-column elementor-col-100 elementor-top-column elementor-element elementor-element-7d2c634\" data-id=\"7d2c634\" data-element_type=\"column\">\n\t\t\t<div class=\"elementor-widget-wrap elementor-element-populated\">\n\t\t\t\t\t\t\t\t<div class=\"elementor-element elementor-element-4da48f5 elementor-widget elementor-widget-text-editor\" data-id=\"4da48f5\" data-element_type=\"widget\" data-widget_type=\"text-editor.default\">\n\t\t\t\t<div class=\"elementor-widget-container\">\n\t\t\t\t\t\t\t<h3 class=\"svelte-121hp7c\" dir=\"auto\"><strong><span dir=\"auto\">Laboratorio de \u00d3rtesis y Pr\u00f3tesis de Alta Tecnolog\u00eda<\/span><\/strong><\/h3><p class=\"svelte-121hp7c\" dir=\"auto\"><span dir=\"auto\">Aqu\u00ed dise\u00f1amos, fabricamos y reparamos los dispositivos hechos a tu medida.<\/span><\/p><p class=\"svelte-121hp7c\" dir=\"auto\"><span dir=\"auto\">\ud83d\udccd <strong>Ubicaci\u00f3n:<\/strong> Calle Cotiza, Parroquia San Jos\u00e9 (Cerca de la Av. Fuerzas Armadas). <\/span><\/p><p class=\"svelte-121hp7c\" dir=\"auto\"><span dir=\"auto\">\u23f0 <strong>Horario:<\/strong> Lunes a Viernes | 8:00 a. m. \u2013 4:00 p. m.<\/span><\/p><h3 class=\"svelte-121hp7c\" dir=\"auto\"><span dir=\"auto\">\u00bfQu\u00e9 hago aqu\u00ed?<\/span><\/h3><p class=\"svelte-121hp7c\" dir=\"auto\"><strong><span dir=\"auto\">\ud83c\udfed Alta Tecnolog\u00eda y Fabricaci\u00f3n:<\/span><\/strong><\/p><ul dir=\"auto\"><li class=\"text-start\"><strong><span dir=\"auto\">Toma de Medidas:<\/span><\/strong><span dir=\"auto\"> Estudios anat\u00f3micos para dise\u00f1o personalizado.<\/span><\/li><li class=\"text-start\"><strong><span dir=\"auto\">Fabricaci\u00f3n de Pr\u00f3tesis:<\/span><\/strong><span dir=\"auto\"> Creaci\u00f3n de miembros artificiales con est\u00e1ndares internacionales.<\/span><\/li><li class=\"text-start\"><strong><span dir=\"auto\">Confecci\u00f3n de \u00d3rtesis:<\/span><\/strong><span dir=\"auto\"> Elaboraci\u00f3n de soportes y correctores musculoesquel\u00e9ticos.<\/span><\/li><li class=\"text-start\"><strong><span dir=\"auto\">Servicio T\u00e9cnico:<\/span><\/strong><span dir=\"auto\"> Mantenimiento y reparaci\u00f3n de tus dispositivos.<\/span><\/li><\/ul><p class=\"svelte-121hp7c\" dir=\"auto\"><strong><span dir=\"auto\">\ud83c\udf93 Adaptaci\u00f3n y entrenamiento:<\/span><\/strong><\/p><ul dir=\"auto\"><li class=\"text-start\"><strong><span dir=\"auto\">Capacitaci\u00f3n:<\/span><\/strong><span dir=\"auto\"> Te ense\u00f1amos a usar, cuidar y caminar con tu pr\u00f3tesis u \u00f3rtesis de forma segura en tu vida diaria.<\/span><\/li><\/ul><div class=\"\">\u00a0<\/div>\t\t\t\t\t\t<\/div>\n\t\t\t\t<\/div>\n\t\t\t\t\t<\/div>\n\t\t<\/div>\n\t\t\t\t\t\t\t<\/div>\n\t\t<\/section>\n\t\t\t\t\t\t<\/div>\n\t\t\t\t\t<\/div>\n\t\t<div class=\"gsp_post_data\" data-post_type=\"page\" data-cat=\"\" data-modified=\"120\" data-title=\"Centros de Atenci\u00f3n &#8211; Distrito Capital\" data-home=\"http:\/\/misionjosegregoriohernandez.gob.ve\"><\/div>","protected":false},"excerpt":{"rendered":"<p>\ud83d\udccd Gu\u00eda de Servicios Distrito Capital.\u00a0 Centro de Rehabilitaci\u00f3n y Apoyo Integral \u00a1Bienvenido\/a! Para brindarte una atenci\u00f3n eficiente, contamos con dos sedes especializadas. Usa esta gu\u00eda para dirigirte al lugar correcto seg\u00fan tu necesidad.&#46;&#46;&#46;<\/p>\n","protected":false},"author":1,"featured_media":0,"parent":0,"menu_order":0,"comment_status":"closed","ping_status":"closed","template":"","meta":{"footnotes":""},"_links":{"self":[{"href":"http:\/\/misionjosegregoriohernandez.gob.ve\/index.php?rest_route=\/wp\/v2\/pages\/13831"}],"collection":[{"href":"http:\/\/misionjosegregoriohernandez.gob.ve\/index.php?rest_route=\/wp\/v2\/pages"}],"about":[{"href":"http:\/\/misionjosegregoriohernandez.gob.ve\/index.php?rest_route=\/wp\/v2\/types\/page"}],"author":[{"embeddable":true,"href":"http:\/\/misionjosegregoriohernandez.gob.ve\/index.php?rest_route=\/wp\/v2\/users\/1"}],"replies":[{"embeddable":true,"href":"http:\/\/misionjosegregoriohernandez.gob.ve\/index.php?rest_route=%2Fwp%2Fv2%2Fcomments&post=13831"}],"version-history":[{"count":331,"href":"http:\/\/misionjosegregoriohernandez.gob.ve\/index.php?rest_route=\/wp\/v2\/pages\/13831\/revisions"}],"predecessor-version":[{"id":16831,"href":"http:\/\/misionjosegregoriohernandez.gob.ve\/index.php?rest_route=\/wp\/v2\/pages\/13831\/revisions\/16831"}],"wp:attachment":[{"href":"http:\/\/misionjosegregoriohernandez.gob.ve\/index.php?rest_route=%2Fwp%2Fv2%2Fmedia&parent=13831"}],"curies":[{"name":"wp","href":"https:\/\/api.w.org\/{rel}","templated":true}]}}