{"id":13200,"date":"2026-02-12T09:24:41","date_gmt":"2026-02-12T13:24:41","guid":{"rendered":"http:\/\/misionjosegregoriohernandez.gob.ve\/?page_id=13200"},"modified":"2026-02-13T20:14:53","modified_gmt":"2026-02-14T00:14:53","slug":"proceso-para-obtener-el-certificado-de-discapacidad","status":"publish","type":"page","link":"http:\/\/misionjosegregoriohernandez.gob.ve\/?page_id=13200","title":{"rendered":"Proceso para obtener el Certificado de Discapacidad"},"content":{"rendered":"\t\t<div data-elementor-type=\"wp-page\" data-elementor-id=\"13200\" class=\"elementor elementor-13200\" data-elementor-settings=\"[]\">\n\t\t\t\t\t\t\t<div class=\"elementor-section-wrap\">\n\t\t\t\t\t\t\t<section class=\"elementor-section elementor-top-section elementor-element elementor-element-474e278a elementor-section-boxed elementor-section-height-default elementor-section-height-default\" data-id=\"474e278a\" data-element_type=\"section\">\n\t\t\t\t\t\t<div class=\"elementor-container elementor-column-gap-default\">\n\t\t\t\t\t<div class=\"elementor-column elementor-col-100 elementor-top-column elementor-element elementor-element-7c3aaf27\" data-id=\"7c3aaf27\" data-element_type=\"column\">\n\t\t\t<div class=\"elementor-widget-wrap elementor-element-populated\">\n\t\t\t\t\t\t\t\t<div class=\"elementor-element elementor-element-3ed325f8 elementor-widget elementor-widget-text-editor\" data-id=\"3ed325f8\" data-element_type=\"widget\" data-widget_type=\"text-editor.default\">\n\t\t\t\t<div class=\"elementor-widget-container\">\n\t\t\t<style>\/*! elementor - v3.5.2 - 22-12-2021 *\/\n.elementor-widget-text-editor.elementor-drop-cap-view-stacked .elementor-drop-cap{background-color:#818a91;color:#fff}.elementor-widget-text-editor.elementor-drop-cap-view-framed .elementor-drop-cap{color:#818a91;border:3px solid;background-color:transparent}.elementor-widget-text-editor:not(.elementor-drop-cap-view-default) .elementor-drop-cap{margin-top:8px}.elementor-widget-text-editor:not(.elementor-drop-cap-view-default) .elementor-drop-cap-letter{width:1em;height:1em}.elementor-widget-text-editor .elementor-drop-cap{float:left;text-align:center;line-height:1;font-size:50px}.elementor-widget-text-editor .elementor-drop-cap-letter{display:inline-block}<\/style>\t\t\t\t<p><!-- wp:paragraph --><\/p>\n<p><img loading=\"lazy\" decoding=\"async\" class=\"size-medium wp-image-13321 alignleft\" src=\"http:\/\/misionjosegregoriohernandez.gob.ve\/wp-content\/uploads\/2026\/02\/informeclasificacion-291x300.png\" alt=\"\" width=\"291\" height=\"300\" srcset=\"http:\/\/misionjosegregoriohernandez.gob.ve\/wp-content\/uploads\/2026\/02\/informeclasificacion-291x300.png 291w, http:\/\/misionjosegregoriohernandez.gob.ve\/wp-content\/uploads\/2026\/02\/informeclasificacion.png 649w\" sizes=\"(max-width: 291px) 100vw, 291px\" \/>El proceso para obtener el <strong>Certificado (Carnet) de Discapacidad<\/strong> es gratuito y consta de dos etapas principales que involucran a dos entes distintos: el Ministerio de Salud (<strong>PASDIS<\/strong>) y el Consejo Nacional para las Personas con Discapacidad (<strong>CONAPDIS<\/strong>).<\/p>\n<p><!-- \/wp:paragraph --><!-- wp:paragraph --><\/p>\n<p>Aqu\u00ed tienes la gu\u00eda actualizada a 2026:<\/p>\n<p><!-- \/wp:paragraph --><!-- wp:separator --><\/p>\n<hr class=\"wp-block-separator has-alpha-channel-opacity\" \/>\n<p><!-- \/wp:separator --><!-- wp:paragraph --><\/p>\n<p><strong>Paso 1: Clasificaci\u00f3n y Calificaci\u00f3n (Ministerio de Salud &#8211; PASDIS)<\/strong><\/p>\n<p><!-- \/wp:paragraph --><!-- wp:paragraph --><\/p>\n<p>Antes de ir al CONAPDIS, debes obtener el <strong>Informe de Clasificaci\u00f3n y Calificaci\u00f3n<\/strong>. Este es el documento m\u00e9dico-legal que determina el tipo y grado de discapacidad.<\/p>\n<p><!-- \/wp:paragraph --><!-- wp:list {\"ordered\":true,\"start\":1} --><\/p>\n<ol start=\"1\">\n<li style=\"list-style-type: none;\">\n<ol start=\"1\"><!-- wp:list-item --><\/ol>\n<\/li>\n<\/ol>\n<ol start=\"1\">\n<li style=\"list-style-type: none;\">\n<ol start=\"1\">\n<li><strong>Acudir a un Centro de Salud Autorizado:<\/strong> Debes dirigirte a la unidad de rehabilitaci\u00f3n, servicio de medicina f\u00edsica o fisiatr\u00eda de un hospital p\u00fablico adscrito al Ministerio de Salud (<strong>PASDIS<\/strong>).<\/li>\n<li><strong>Evaluaci\u00f3n Especializada:<\/strong> Un equipo multidisciplinario (m\u00e9dicos fisiatras, psic\u00f3logos y trabajadores sociales) evaluar\u00e1 al paciente.<\/li>\n<li><strong>Recaudos para este paso:<\/strong>\n<ul>\n<li style=\"list-style-type: none;\">\n<ul>\n<li>Informe m\u00e9dico original del especialista tratante (no mayor a 6 meses de emitido) que describa el diagn\u00f3stico.<\/li>\n<\/ul>\n<\/li>\n<\/ul>\n<p><!-- \/wp:list-item --><!-- wp:list-item --><\/p>\n<ul>\n<li style=\"list-style-type: none;\">\n<ul>\n<li>C\u00e9dula de identidad original y copia.<\/li>\n<\/ul>\n<\/li>\n<\/ul>\n<p><!-- \/wp:list-item --><!-- wp:list-item --><\/p>\n<ul>\n<li style=\"list-style-type: none;\">\n<ul>\n<li>Estudios m\u00e9dicos de apoyo (Rayos X, audiometr\u00edas, evaluaciones psicol\u00f3gicas, etc., seg\u00fan el caso).<\/li>\n<\/ul>\n<\/li>\n<\/ul>\n<\/li>\n<\/ol>\n<\/li>\n<\/ol>\n<p><!-- \/wp:list-item --><!-- wp:list-item --><\/p>\n<p><strong>Paso 2: Certificaci\u00f3n y Registro (CONAPDIS)<\/strong><\/p>\n<p><!-- \/wp:paragraph --><!-- wp:paragraph --><\/p>\n<p>Una vez que tengas el informe firmado y sellado por el m\u00e9dico calificador del Ministerio, debes formalizar el registro para obtener el carnet\/certificado.<\/p>\n<p><!-- \/wp:paragraph --><!-- wp:list {\"ordered\":true,\"start\":1} --><\/p>\n<ol start=\"1\">\n<li style=\"list-style-type: none;\">\n<ol start=\"1\"><!-- wp:list-item --><\/ol>\n<\/li>\n<\/ol>\n<ol start=\"1\">\n<li style=\"list-style-type: none;\">\n<ol start=\"1\">\n<li><strong>Dirigirse al CONAPDIS:<\/strong> Puedes ir a la sede principal en Caracas (<span class=\"elementor-icon-list-text\">AV. Casanova con calle Villaflor Edif. centro profesional del este. nivel mezzanina<\/span>) o a las Unidades Municipales\/Estadales en el interior del pa\u00eds.<\/li>\n<\/ol>\n<\/li>\n<\/ol>\n<p><!-- \/wp:list-item --><!-- wp:list-item --><\/p>\n<ol start=\"1\">\n<li style=\"list-style-type: none;\">\n<ol start=\"1\">\n<li><strong>Entrega de documentos:<\/strong>\n<ul>\n<li style=\"list-style-type: none;\">\n<ul>\n<li><strong>Informe de Clasificaci\u00f3n y Calificaci\u00f3n<\/strong> (el que obtuviste en el Paso 1).<\/li>\n<\/ul>\n<\/li>\n<\/ul>\n<p><!-- \/wp:list-item --><!-- wp:list-item --><\/p>\n<ul>\n<li style=\"list-style-type: none;\">\n<ul>\n<li>Copia de la C\u00e9dula de Identidad.<\/li>\n<\/ul>\n<\/li>\n<\/ul>\n<p><!-- \/wp:list-item --><!-- wp:list-item --><\/p>\n<ul>\n<li style=\"list-style-type: none;\">\n<ul>\n<li>Una fotograf\u00eda tipo carnet (solo si la persona con discapacidad no puede asistir f\u00edsicamente).<\/li>\n<\/ul>\n<\/li>\n<\/ul>\n<p><!-- \/wp:list-item --><!-- wp:list-item --><\/p>\n<ul>\n<li style=\"list-style-type: none;\">\n<ul>\n<li>Datos adicionales: Tipo de sangre, estatura, peso y dos n\u00fameros de contacto.<\/li>\n<\/ul>\n<\/li>\n<\/ul>\n<p><!-- \/wp:list-item --><\/p>\n<p><!-- \/wp:list --><\/p>\n<\/li>\n<\/ol>\n<\/li>\n<\/ol>\n<p><!-- \/wp:list-item --><!-- wp:list-item --><\/p>\n<ol start=\"1\">\n<li style=\"list-style-type: none;\">\n<ol start=\"1\">\n<li><strong>Emisi\u00f3n del Certificado:<\/strong> El empleado del CONAPDIS verificar\u00e1 los datos en el sistema y te har\u00e1 entrega del certificado (generalmente el mismo d\u00eda en Caracas, o con un tiempo de espera en regiones).<\/li>\n<\/ol>\n<\/li>\n<\/ol>\n<p><!-- \/wp:list-item --><\/p>\n<p><!-- \/wp:list --><!-- wp:separator --><\/p>\n<hr class=\"wp-block-separator has-alpha-channel-opacity\" \/>\n<p><!-- \/wp:separator --><!-- wp:paragraph --><\/p>\n<p><strong>Casos Especiales\u00a0<\/strong><\/p>\n<p><!-- \/wp:paragraph --><!-- wp:list --><\/p>\n<ul>\n<li style=\"list-style-type: none;\">\n<ul><!-- wp:list-item --><\/ul>\n<\/li>\n<\/ul>\n<ul>\n<li style=\"list-style-type: none;\">\n<ul>\n<li><strong>Personas en situaci\u00f3n de cama:<\/strong> Un familiar puede acudir al ambulatorio m\u00e1s cercano del MPPS para solicitar una <strong>atenci\u00f3n domiciliaria<\/strong>. El equipo de salud visitar\u00e1 el hogar para realizar la calificaci\u00f3n.<\/li>\n<\/ul>\n<\/li>\n<\/ul>\n<p><!-- \/wp:list-item --><!-- wp:list-item --><\/p>\n<ul>\n<li style=\"list-style-type: none;\">\n<ul>\n<li><strong>Menores de edad:<\/strong> Si a\u00fan no tienen c\u00e9dula, se debe presentar la Partida de Nacimiento original y copia de la c\u00e9dula del representante legal.<\/li>\n<\/ul>\n<\/li>\n<\/ul>\n<p><!-- \/wp:list-item --><\/p>\n<p><!-- \/wp:list --><!-- wp:paragraph --><\/p>\n<p><strong>Beneficios del Certificado<\/strong><\/p>\n<p><!-- \/wp:paragraph --><!-- wp:paragraph --><\/p>\n<p>Tener este documento legal vigente te permite acceder a:<\/p>\n<p><!-- \/wp:paragraph --><!-- wp:list --><\/p>\n<ul>\n<li style=\"list-style-type: none;\">\n<ul><!-- wp:list-item --><\/ul>\n<\/li>\n<\/ul>\n<ul>\n<li style=\"list-style-type: none;\">\n<ul>\n<li>Exoneraci\u00f3n o descuentos en el transporte p\u00fablico (urbano e interurbano).<\/li>\n<\/ul>\n<\/li>\n<\/ul>\n<p><!-- \/wp:list-item --><!-- wp:list-item --><\/p>\n<ul>\n<li style=\"list-style-type: none;\">\n<ul>\n<li>Prioridad en tr\u00e1mites p\u00fablicos y establecimientos comerciales.<\/li>\n<\/ul>\n<\/li>\n<\/ul>\n<p><!-- \/wp:list-item --><!-- wp:list-item --><\/p>\n<ul>\n<li style=\"list-style-type: none;\">\n<ul>\n<li>Inclusi\u00f3n laboral bajo la Ley para las Personas con Discapacidad (cuota del 5%).<\/li>\n<\/ul>\n<\/li>\n<\/ul>\n<p><!-- \/wp:list-item --><!-- wp:list-item --><\/p>\n<ul>\n<li style=\"list-style-type: none;\">\n<ul>\n<li>Acceso a programas de ayudas t\u00e9cnicas (sillas de ruedas, pr\u00f3tesis, etc.).<\/li>\n<\/ul>\n<\/li>\n<\/ul>\n<p><!-- \/wp:list-item --><\/p>\n<p><!-- \/wp:list --><\/p>\t\t\t\t\t\t<\/div>\n\t\t\t\t<\/div>\n\t\t\t\t\t<\/div>\n\t\t<\/div>\n\t\t\t\t\t\t\t<\/div>\n\t\t<\/section>\n\t\t\t\t\t\t<\/div>\n\t\t\t\t\t<\/div>\n\t\t<div class=\"gsp_post_data\" data-post_type=\"page\" data-cat=\"\" data-modified=\"120\" data-title=\"Proceso para obtener el Certificado de Discapacidad\" data-home=\"http:\/\/misionjosegregoriohernandez.gob.ve\"><\/div>","protected":false},"excerpt":{"rendered":"<p>El proceso para obtener el Certificado (Carnet) de Discapacidad es gratuito y consta de dos etapas principales que involucran a dos entes distintos: el Ministerio de Salud (PASDIS) y el Consejo Nacional para las Personas con Discapacidad (CONAPDIS). Aqu\u00ed tienes la gu\u00eda actualizada a 2026:&#46;&#46;&#46;<\/p>\n","protected":false},"author":1,"featured_media":0,"parent":0,"menu_order":0,"comment_status":"closed","ping_status":"closed","template":"","meta":{"footnotes":""},"_links":{"self":[{"href":"http:\/\/misionjosegregoriohernandez.gob.ve\/index.php?rest_route=\/wp\/v2\/pages\/13200"}],"collection":[{"href":"http:\/\/misionjosegregoriohernandez.gob.ve\/index.php?rest_route=\/wp\/v2\/pages"}],"about":[{"href":"http:\/\/misionjosegregoriohernandez.gob.ve\/index.php?rest_route=\/wp\/v2\/types\/page"}],"author":[{"embeddable":true,"href":"http:\/\/misionjosegregoriohernandez.gob.ve\/index.php?rest_route=\/wp\/v2\/users\/1"}],"replies":[{"embeddable":true,"href":"http:\/\/misionjosegregoriohernandez.gob.ve\/index.php?rest_route=%2Fwp%2Fv2%2Fcomments&post=13200"}],"version-history":[{"count":31,"href":"http:\/\/misionjosegregoriohernandez.gob.ve\/index.php?rest_route=\/wp\/v2\/pages\/13200\/revisions"}],"predecessor-version":[{"id":13375,"href":"http:\/\/misionjosegregoriohernandez.gob.ve\/index.php?rest_route=\/wp\/v2\/pages\/13200\/revisions\/13375"}],"wp:attachment":[{"href":"http:\/\/misionjosegregoriohernandez.gob.ve\/index.php?rest_route=%2Fwp%2Fv2%2Fmedia&parent=13200"}],"curies":[{"name":"wp","href":"https:\/\/api.w.org\/{rel}","templated":true}]}}