{"id":1257,"date":"2023-11-12T12:10:05","date_gmt":"2023-11-12T16:10:05","guid":{"rendered":"http:\/\/200.125.191.48\/?page_id=1257"},"modified":"2024-11-29T10:01:50","modified_gmt":"2024-11-29T14:01:50","slug":"laboratorio-ortesis-y-protesis-anzoategui","status":"publish","type":"page","link":"http:\/\/misionjosegregoriohernandez.gob.ve\/?page_id=1257","title":{"rendered":"Laboratorio Ortesis y pr\u00f3tesis &#8211; Anzoategui"},"content":{"rendered":"\t\t<div data-elementor-type=\"wp-page\" data-elementor-id=\"1257\" class=\"elementor elementor-1257\" data-elementor-settings=\"[]\">\n\t\t\t\t\t\t\t<div class=\"elementor-section-wrap\">\n\t\t\t\t\t\t\t<section class=\"elementor-section elementor-top-section elementor-element elementor-element-2f0cc4b elementor-section-boxed elementor-section-height-default elementor-section-height-default\" data-id=\"2f0cc4b\" data-element_type=\"section\">\n\t\t\t\t\t\t<div class=\"elementor-container elementor-column-gap-default\">\n\t\t\t\t\t<div class=\"elementor-column elementor-col-33 elementor-top-column elementor-element elementor-element-cc221d9\" data-id=\"cc221d9\" data-element_type=\"column\">\n\t\t\t<div class=\"elementor-widget-wrap elementor-element-populated\">\n\t\t\t\t\t\t\t\t<div class=\"elementor-element elementor-element-4c48f3b elementor-widget elementor-widget-text-editor\" data-id=\"4c48f3b\" data-element_type=\"widget\" data-widget_type=\"text-editor.default\">\n\t\t\t\t<div class=\"elementor-widget-container\">\n\t\t\t<style>\/*! elementor - v3.5.2 - 22-12-2021 *\/\n.elementor-widget-text-editor.elementor-drop-cap-view-stacked .elementor-drop-cap{background-color:#818a91;color:#fff}.elementor-widget-text-editor.elementor-drop-cap-view-framed .elementor-drop-cap{color:#818a91;border:3px solid;background-color:transparent}.elementor-widget-text-editor:not(.elementor-drop-cap-view-default) .elementor-drop-cap{margin-top:8px}.elementor-widget-text-editor:not(.elementor-drop-cap-view-default) .elementor-drop-cap-letter{width:1em;height:1em}.elementor-widget-text-editor .elementor-drop-cap{float:left;text-align:center;line-height:1;font-size:50px}.elementor-widget-text-editor .elementor-drop-cap-letter{display:inline-block}<\/style>\t\t\t\t<p>Ambulatorio Dr. Narciso Vel\u00e1squez.<\/p><p>Avenida Jos\u00e9 Antonio Anzo\u00e1tegui, Cl\u00ednica municipal, sector Las Colinas. Municipio Anaco.<\/p>\t\t\t\t\t\t<\/div>\n\t\t\t\t<\/div>\n\t\t\t\t\t<\/div>\n\t\t<\/div>\n\t\t\t\t<div class=\"elementor-column elementor-col-66 elementor-top-column elementor-element elementor-element-8a8586d\" data-id=\"8a8586d\" data-element_type=\"column\">\n\t\t\t<div class=\"elementor-widget-wrap elementor-element-populated\">\n\t\t\t\t\t\t\t\t<div class=\"elementor-element elementor-element-0e61204 elementor-widget elementor-widget-shortcode\" data-id=\"0e61204\" data-element_type=\"widget\" data-widget_type=\"shortcode.default\">\n\t\t\t\t<div class=\"elementor-widget-container\">\n\t\t\t\t\t<div class=\"elementor-shortcode\"><iframe src=\"https:\/\/www.google.com\/maps\/embed?pb=!1m18!1m12!1m3!1d3936.1428352175017!2d-64.46527632497646!3d9.408863090668445!2m3!1f0!2f0!3f0!3m2!1i1024!2i768!4f13.1!3m3!1m2!1s0x8dd2a5ba0c56d33f%3A0x937b5d62a17f2b44!2sAmbulatorio%20Narciso%20velasquez!5e0!3m2!1ses-419!2sve!4v1699805556052!5m2!1ses-419!2sve\" width=\"600\" height=\"450\" style=\"border:0;\" allowfullscreen=\"\" loading=\"lazy\" referrerpolicy=\"no-referrer-when-downgrade\"><\/iframe><\/div>\n\t\t\t\t<\/div>\n\t\t\t\t<\/div>\n\t\t\t\t\t<\/div>\n\t\t<\/div>\n\t\t\t\t\t\t\t<\/div>\n\t\t<\/section>\n\t\t\t\t\t\t<\/div>\n\t\t\t\t\t<\/div>\n\t\t<div class=\"gsp_post_data\" data-post_type=\"page\" data-cat=\"\" data-modified=\"120\" data-title=\"Laboratorio Ortesis y pr\u00f3tesis &#8211; Anzoategui\" data-home=\"http:\/\/misionjosegregoriohernandez.gob.ve\"><\/div>","protected":false},"excerpt":{"rendered":"<p>Ambulatorio Dr. Narciso Vel\u00e1squez. Avenida Jos\u00e9 Antonio Anzo\u00e1tegui, Cl\u00ednica municipal, sector Las Colinas. Municipio Anaco.<\/p>\n","protected":false},"author":1,"featured_media":0,"parent":0,"menu_order":0,"comment_status":"closed","ping_status":"closed","template":"","meta":{"footnotes":""},"_links":{"self":[{"href":"http:\/\/misionjosegregoriohernandez.gob.ve\/index.php?rest_route=\/wp\/v2\/pages\/1257"}],"collection":[{"href":"http:\/\/misionjosegregoriohernandez.gob.ve\/index.php?rest_route=\/wp\/v2\/pages"}],"about":[{"href":"http:\/\/misionjosegregoriohernandez.gob.ve\/index.php?rest_route=\/wp\/v2\/types\/page"}],"author":[{"embeddable":true,"href":"http:\/\/misionjosegregoriohernandez.gob.ve\/index.php?rest_route=\/wp\/v2\/users\/1"}],"replies":[{"embeddable":true,"href":"http:\/\/misionjosegregoriohernandez.gob.ve\/index.php?rest_route=%2Fwp%2Fv2%2Fcomments&post=1257"}],"version-history":[{"count":13,"href":"http:\/\/misionjosegregoriohernandez.gob.ve\/index.php?rest_route=\/wp\/v2\/pages\/1257\/revisions"}],"predecessor-version":[{"id":5010,"href":"http:\/\/misionjosegregoriohernandez.gob.ve\/index.php?rest_route=\/wp\/v2\/pages\/1257\/revisions\/5010"}],"wp:attachment":[{"href":"http:\/\/misionjosegregoriohernandez.gob.ve\/index.php?rest_route=%2Fwp%2Fv2%2Fmedia&parent=1257"}],"curies":[{"name":"wp","href":"https:\/\/api.w.org\/{rel}","templated":true}]}}