{"id":120,"date":"2023-11-08T17:33:34","date_gmt":"2023-11-08T21:33:34","guid":{"rendered":"http:\/\/misionjosegregoriohernandez.gob.ve\/?page_id=120"},"modified":"2026-01-18T18:49:27","modified_gmt":"2026-01-18T22:49:27","slug":"quienes-somos-mision-vision-y-objetivos","status":"publish","type":"page","link":"http:\/\/misionjosegregoriohernandez.gob.ve\/?page_id=120","title":{"rendered":"Quienes somos Misi\u00f3n Visi\u00f3n y Objetivos"},"content":{"rendered":"\t\t<div data-elementor-type=\"wp-page\" data-elementor-id=\"120\" class=\"elementor elementor-120\" data-elementor-settings=\"[]\">\n\t\t\t\t\t\t\t<div class=\"elementor-section-wrap\">\n\t\t\t\t\t\t\t<section class=\"elementor-section elementor-top-section elementor-element elementor-element-0678910 elementor-section-boxed elementor-section-height-default elementor-section-height-default\" data-id=\"0678910\" data-element_type=\"section\">\n\t\t\t\t\t\t<div class=\"elementor-container elementor-column-gap-default\">\n\t\t\t\t\t<div class=\"elementor-column elementor-col-50 elementor-top-column elementor-element elementor-element-e5e6785\" data-id=\"e5e6785\" data-element_type=\"column\">\n\t\t\t<div class=\"elementor-widget-wrap elementor-element-populated\">\n\t\t\t\t\t\t\t\t<div class=\"elementor-element elementor-element-c931668 elementor-widget elementor-widget-text-editor\" data-id=\"c931668\" data-element_type=\"widget\" data-widget_type=\"text-editor.default\">\n\t\t\t\t<div class=\"elementor-widget-container\">\n\t\t\t<style>\/*! elementor - v3.5.2 - 22-12-2021 *\/\n.elementor-widget-text-editor.elementor-drop-cap-view-stacked .elementor-drop-cap{background-color:#818a91;color:#fff}.elementor-widget-text-editor.elementor-drop-cap-view-framed .elementor-drop-cap{color:#818a91;border:3px solid;background-color:transparent}.elementor-widget-text-editor:not(.elementor-drop-cap-view-default) .elementor-drop-cap{margin-top:8px}.elementor-widget-text-editor:not(.elementor-drop-cap-view-default) .elementor-drop-cap-letter{width:1em;height:1em}.elementor-widget-text-editor .elementor-drop-cap{float:left;text-align:center;line-height:1;font-size:50px}.elementor-widget-text-editor .elementor-drop-cap-letter{display:inline-block}<\/style>\t\t\t\t<p><strong><span style=\"vertical-align: inherit;\"><img loading=\"lazy\" decoding=\"async\" class=\"wp-image-7439 alignleft\" src=\"http:\/\/misionjosegregoriohernandez.gob.ve\/wp-content\/uploads\/2025\/04\/Logo-FMJGH-Tricolor-Prueba-300x226.png\" alt=\"\" width=\"192\" height=\"145\" srcset=\"http:\/\/misionjosegregoriohernandez.gob.ve\/wp-content\/uploads\/2025\/04\/Logo-FMJGH-Tricolor-Prueba-300x226.png 300w, http:\/\/misionjosegregoriohernandez.gob.ve\/wp-content\/uploads\/2025\/04\/Logo-FMJGH-Tricolor-Prueba.png 615w\" sizes=\"(max-width: 192px) 100vw, 192px\" \/>Misi\u00f3n: <\/span><\/strong><span style=\"vertical-align: inherit;\">Apostamos a la potencialidad de las personas con discapacidad a trav\u00e9s de la ejecuci\u00f3n y promoci\u00f3n de pol\u00edticas p\u00fablicas para la atenci\u00f3n integral a personas con discapacidad, sus familiares, y la comunidad para una vida plena y productiva, contribuyendo a la garant\u00eda de sus derechos humanos en el territorio nacional.<\/span><\/p>\t\t\t\t\t\t<\/div>\n\t\t\t\t<\/div>\n\t\t\t\t\t<\/div>\n\t\t<\/div>\n\t\t\t\t<div class=\"elementor-column elementor-col-50 elementor-top-column elementor-element elementor-element-08a4e7d\" data-id=\"08a4e7d\" data-element_type=\"column\">\n\t\t\t<div class=\"elementor-widget-wrap elementor-element-populated\">\n\t\t\t\t\t\t\t\t<div class=\"elementor-element elementor-element-4c2f8b2 elementor-widget elementor-widget-text-editor\" data-id=\"4c2f8b2\" data-element_type=\"widget\" data-widget_type=\"text-editor.default\">\n\t\t\t\t<div class=\"elementor-widget-container\">\n\t\t\t\t\t\t\t<p><strong><img loading=\"lazy\" decoding=\"async\" class=\"alignnone wp-image-2921 alignleft\" src=\"http:\/\/misionjosegregoriohernandez.gob.ve\/wp-content\/uploads\/2024\/03\/VisionJGH.jpg\" alt=\"\" width=\"163\" height=\"163\" srcset=\"http:\/\/misionjosegregoriohernandez.gob.ve\/wp-content\/uploads\/2024\/03\/VisionJGH.jpg 225w, http:\/\/misionjosegregoriohernandez.gob.ve\/wp-content\/uploads\/2024\/03\/VisionJGH-150x150.jpg 150w, http:\/\/misionjosegregoriohernandez.gob.ve\/wp-content\/uploads\/2024\/03\/VisionJGH-80x80.jpg 80w\" sizes=\"(max-width: 163px) 100vw, 163px\" \/>Visi\u00f3n: <\/strong>Ser una Misi\u00f3n Social reconocida y comprometida en la ejecuci\u00f3n de los programas, proyectos y pol\u00edticas p\u00fablicas en defensa de los derechos humanos de las personas con discapacidad, sus familiares y la comunidad.<\/p>\t\t\t\t\t\t<\/div>\n\t\t\t\t<\/div>\n\t\t\t\t\t<\/div>\n\t\t<\/div>\n\t\t\t\t\t\t\t<\/div>\n\t\t<\/section>\n\t\t\t\t<section class=\"elementor-section elementor-top-section elementor-element elementor-element-f389c75 elementor-section-boxed elementor-section-height-default elementor-section-height-default\" data-id=\"f389c75\" data-element_type=\"section\">\n\t\t\t\t\t\t<div class=\"elementor-container elementor-column-gap-default\">\n\t\t\t\t\t<div class=\"elementor-column elementor-col-100 elementor-top-column elementor-element elementor-element-b6dce2a\" data-id=\"b6dce2a\" data-element_type=\"column\">\n\t\t\t<div class=\"elementor-widget-wrap elementor-element-populated\">\n\t\t\t\t\t\t\t\t<div class=\"elementor-element elementor-element-7cb4cc9 elementor-widget-divider--view-line elementor-widget elementor-widget-divider\" data-id=\"7cb4cc9\" data-element_type=\"widget\" data-widget_type=\"divider.default\">\n\t\t\t\t<div class=\"elementor-widget-container\">\n\t\t\t<style>\/*! elementor - v3.5.2 - 22-12-2021 *\/\n.elementor-widget-divider{--divider-border-style:none;--divider-border-width:1px;--divider-color:#2c2c2c;--divider-icon-size:20px;--divider-element-spacing:10px;--divider-pattern-height:24px;--divider-pattern-size:20px;--divider-pattern-url:none;--divider-pattern-repeat:repeat-x}.elementor-widget-divider .elementor-divider{display:-webkit-box;display:-ms-flexbox;display:flex}.elementor-widget-divider .elementor-divider__text{font-size:15px;line-height:1;max-width:95%}.elementor-widget-divider .elementor-divider__element{margin:0 var(--divider-element-spacing);-ms-flex-negative:0;flex-shrink:0}.elementor-widget-divider .elementor-icon{font-size:var(--divider-icon-size)}.elementor-widget-divider .elementor-divider-separator{display:-webkit-box;display:-ms-flexbox;display:flex;margin:0;direction:ltr}.elementor-widget-divider--view-line_icon .elementor-divider-separator,.elementor-widget-divider--view-line_text .elementor-divider-separator{-webkit-box-align:center;-ms-flex-align:center;align-items:center}.elementor-widget-divider--view-line_icon .elementor-divider-separator:after,.elementor-widget-divider--view-line_icon .elementor-divider-separator:before,.elementor-widget-divider--view-line_text .elementor-divider-separator:after,.elementor-widget-divider--view-line_text .elementor-divider-separator:before{display:block;content:\"\";border-bottom:0;-webkit-box-flex:1;-ms-flex-positive:1;flex-grow:1;border-top:var(--divider-border-width) var(--divider-border-style) var(--divider-color)}.elementor-widget-divider--element-align-left .elementor-divider .elementor-divider-separator>.elementor-divider__svg:first-of-type{-webkit-box-flex:0;-ms-flex-positive:0;flex-grow:0;-ms-flex-negative:100;flex-shrink:100}.elementor-widget-divider--element-align-left .elementor-divider-separator:before{content:none}.elementor-widget-divider--element-align-left .elementor-divider__element{margin-left:0}.elementor-widget-divider--element-align-right .elementor-divider .elementor-divider-separator>.elementor-divider__svg:last-of-type{-webkit-box-flex:0;-ms-flex-positive:0;flex-grow:0;-ms-flex-negative:100;flex-shrink:100}.elementor-widget-divider--element-align-right .elementor-divider-separator:after{content:none}.elementor-widget-divider--element-align-right .elementor-divider__element{margin-right:0}.elementor-widget-divider:not(.elementor-widget-divider--view-line_text):not(.elementor-widget-divider--view-line_icon) .elementor-divider-separator{border-top:var(--divider-border-width) var(--divider-border-style) var(--divider-color)}.elementor-widget-divider--separator-type-pattern{--divider-border-style:none}.elementor-widget-divider--separator-type-pattern.elementor-widget-divider--view-line .elementor-divider-separator,.elementor-widget-divider--separator-type-pattern:not(.elementor-widget-divider--view-line) .elementor-divider-separator:after,.elementor-widget-divider--separator-type-pattern:not(.elementor-widget-divider--view-line) .elementor-divider-separator:before,.elementor-widget-divider--separator-type-pattern:not([class*=elementor-widget-divider--view]) .elementor-divider-separator{width:100%;min-height:var(--divider-pattern-height);-webkit-mask-size:var(--divider-pattern-size) 100%;mask-size:var(--divider-pattern-size) 100%;-webkit-mask-repeat:var(--divider-pattern-repeat);mask-repeat:var(--divider-pattern-repeat);background-color:var(--divider-color);-webkit-mask-image:var(--divider-pattern-url);mask-image:var(--divider-pattern-url)}.elementor-widget-divider--no-spacing{--divider-pattern-size:auto}.elementor-widget-divider--bg-round{--divider-pattern-repeat:round}.rtl .elementor-widget-divider .elementor-divider__text{direction:rtl}<\/style>\t\t<div class=\"elementor-divider\">\n\t\t\t<span class=\"elementor-divider-separator\">\n\t\t\t\t\t\t<\/span>\n\t\t<\/div>\n\t\t\t\t<\/div>\n\t\t\t\t<\/div>\n\t\t\t\t\t<\/div>\n\t\t<\/div>\n\t\t\t\t\t\t\t<\/div>\n\t\t<\/section>\n\t\t\t\t<section class=\"elementor-section elementor-top-section elementor-element elementor-element-4d1655d elementor-section-boxed elementor-section-height-default elementor-section-height-default\" data-id=\"4d1655d\" data-element_type=\"section\">\n\t\t\t\t\t\t<div class=\"elementor-container elementor-column-gap-default\">\n\t\t\t\t\t<div class=\"elementor-column elementor-col-100 elementor-top-column elementor-element elementor-element-e8466e2\" data-id=\"e8466e2\" data-element_type=\"column\">\n\t\t\t<div class=\"elementor-widget-wrap elementor-element-populated\">\n\t\t\t\t\t\t\t\t<div class=\"elementor-element elementor-element-5fb762a elementor-widget elementor-widget-text-editor\" data-id=\"5fb762a\" data-element_type=\"widget\" data-widget_type=\"text-editor.default\">\n\t\t\t\t<div class=\"elementor-widget-container\">\n\t\t\t\t\t\t\t<h5><strong><span dir=\"auto\" style=\"vertical-align: inherit;\"><img loading=\"lazy\" decoding=\"async\" class=\"wp-image-2925 alignleft\" src=\"http:\/\/misionjosegregoriohernandez.gob.ve\/wp-content\/uploads\/2024\/03\/objetivoestrategico.jpg\" alt=\"\" width=\"168\" height=\"229\" \/><\/span><\/strong><\/h5><h5><strong><span dir=\"auto\" style=\"vertical-align: inherit;\">Objetivo Institucional:<\/span><\/strong><\/h5><p><span dir=\"auto\" style=\"vertical-align: inherit;\">La Fundaci\u00f3n Misi\u00f3n Jos\u00e9 Gregorio Hern\u00e1ndez tiene por objetivo &#8220;Aplicar pol\u00edticas y programas para\u00a0<strong class=\"Yjhzub\" data-complete=\"true\">desarrollar y fortalecer las capacidades<\/strong>\u00a0de las personas con discapacidad, logrando su\u00a0<strong class=\"Yjhzub\" data-complete=\"true\">inclusi\u00f3n plena y productiva<\/strong>\u00a0mediante herramientas de formaci\u00f3n, servicios integrales y ayudas t\u00e9cnicas.&#8221;<\/span><\/p>\t\t\t\t\t\t<\/div>\n\t\t\t\t<\/div>\n\t\t\t\t\t<\/div>\n\t\t<\/div>\n\t\t\t\t\t\t\t<\/div>\n\t\t<\/section>\n\t\t\t\t<section class=\"elementor-section elementor-top-section elementor-element elementor-element-a4f1dfe elementor-section-boxed elementor-section-height-default elementor-section-height-default\" data-id=\"a4f1dfe\" data-element_type=\"section\">\n\t\t\t\t\t\t<div class=\"elementor-container elementor-column-gap-default\">\n\t\t\t\t\t<div class=\"elementor-column elementor-col-100 elementor-top-column elementor-element elementor-element-454e0ed\" data-id=\"454e0ed\" data-element_type=\"column\">\n\t\t\t<div class=\"elementor-widget-wrap elementor-element-populated\">\n\t\t\t\t\t\t\t\t<div class=\"elementor-element elementor-element-b357faa elementor-widget-divider--view-line elementor-widget elementor-widget-divider\" data-id=\"b357faa\" data-element_type=\"widget\" data-widget_type=\"divider.default\">\n\t\t\t\t<div class=\"elementor-widget-container\">\n\t\t\t\t\t<div class=\"elementor-divider\">\n\t\t\t<span class=\"elementor-divider-separator\">\n\t\t\t\t\t\t<\/span>\n\t\t<\/div>\n\t\t\t\t<\/div>\n\t\t\t\t<\/div>\n\t\t\t\t\t<\/div>\n\t\t<\/div>\n\t\t\t\t\t\t\t<\/div>\n\t\t<\/section>\n\t\t\t\t<section class=\"elementor-section elementor-top-section elementor-element elementor-element-67ba226 elementor-section-boxed elementor-section-height-default elementor-section-height-default\" data-id=\"67ba226\" data-element_type=\"section\">\n\t\t\t\t\t\t<div class=\"elementor-container elementor-column-gap-default\">\n\t\t\t\t\t<div class=\"elementor-column elementor-col-100 elementor-top-column elementor-element elementor-element-ad51053\" data-id=\"ad51053\" data-element_type=\"column\">\n\t\t\t<div class=\"elementor-widget-wrap elementor-element-populated\">\n\t\t\t\t\t\t\t\t<div class=\"elementor-element elementor-element-37462e3 elementor-widget elementor-widget-text-editor\" data-id=\"37462e3\" data-element_type=\"widget\" data-widget_type=\"text-editor.default\">\n\t\t\t\t<div class=\"elementor-widget-container\">\n\t\t\t\t\t\t\t<h5 lang=\"es-ES-u-co-trad\" align=\"justify\"><b><img loading=\"lazy\" decoding=\"async\" class=\" wp-image-10009 alignleft\" src=\"http:\/\/misionjosegregoriohernandez.gob.ve\/wp-content\/uploads\/2025\/12\/Objetivosestrategicos.jpeg\" alt=\"\" width=\"196\" height=\"110\" \/><\/b>Objetivos Estrat\u00e9gicos:<\/h5><ul class=\"KsbFXc U6u95\" data-complete=\"true\"><li data-hveid=\"CAEIDBAC\" data-complete=\"true\" data-sae=\"\"><span class=\"T286Pc\" data-sfc-cp=\"\" data-complete=\"true\"><strong class=\"Yjhzub\" data-complete=\"true\">Desarrollo Pleno:<\/strong>\u00a0Contribuir con el desarrollo pleno de las personas con discapacidad y sus familiares a trav\u00e9s de planes y programas integrales.<\/span><\/li><li data-hveid=\"CAEIDBAD\" data-complete=\"true\" data-sae=\"\"><span class=\"T286Pc\" data-sfc-cp=\"\" data-complete=\"true\"><strong class=\"Yjhzub\" data-complete=\"true\">Articulaci\u00f3n Institucional:<\/strong>\u00a0Integrar a las personas con discapacidad en sistemas de educaci\u00f3n, laborales, deportivos y de identificaci\u00f3n (Registro y C\u00e9dula).<\/span><\/li><li data-hveid=\"CAEIDBAE\" data-complete=\"true\" data-sae=\"\"><span class=\"T286Pc\" data-sfc-cp=\"\" data-complete=\"true\"><strong class=\"Yjhzub\" data-complete=\"true\">Atenci\u00f3n Cr\u00edtica:<\/strong>\u00a0Desarrollar estrategias para la atenci\u00f3n integral a personas en situaci\u00f3n cr\u00edtica.<\/span><\/li><li data-hveid=\"CAEIDBAF\" data-complete=\"true\" data-sae=\"\"><span class=\"T286Pc\" data-sfc-cp=\"\" data-complete=\"true\"><strong class=\"Yjhzub\" data-complete=\"true\">Concientizaci\u00f3n Social:<\/strong>\u00a0Promover la concientizaci\u00f3n de la poblaci\u00f3n en la atenci\u00f3n y priorizaci\u00f3n de estas personas.<\/span><\/li><li data-hveid=\"CAEIDBAG\" data-complete=\"true\" data-sae=\"\"><span class=\"T286Pc\" data-sfc-cp=\"\" data-complete=\"true\"><strong class=\"Yjhzub\" data-complete=\"true\">Organizaci\u00f3n Comunitaria:<\/strong>\u00a0Impulsar y supervisar la conformaci\u00f3n de comit\u00e9s comunitarios y consejos presidenciales.<\/span><\/li><li data-hveid=\"CAEIDBAH\" data-complete=\"true\" data-sae=\"\"><span class=\"T286Pc\" data-sfc-cp=\"\" data-complete=\"true\"><strong class=\"Yjhzub\" data-complete=\"true\">Capacitaci\u00f3n Interna:<\/strong>\u00a0Promover la formaci\u00f3n t\u00e9cnica del personal para mantener un equipo calificado y comprometido.<\/span><\/li><\/ul>\t\t\t\t\t\t<\/div>\n\t\t\t\t<\/div>\n\t\t\t\t\t<\/div>\n\t\t<\/div>\n\t\t\t\t\t\t\t<\/div>\n\t\t<\/section>\n\t\t\t\t<section class=\"elementor-section elementor-top-section elementor-element elementor-element-8705e73 elementor-section-boxed elementor-section-height-default elementor-section-height-default\" data-id=\"8705e73\" data-element_type=\"section\">\n\t\t\t\t\t\t<div class=\"elementor-container elementor-column-gap-default\">\n\t\t\t\t\t<div class=\"elementor-column elementor-col-100 elementor-top-column elementor-element elementor-element-3f6ae19\" data-id=\"3f6ae19\" data-element_type=\"column\">\n\t\t\t<div class=\"elementor-widget-wrap elementor-element-populated\">\n\t\t\t\t\t\t\t\t<div class=\"elementor-element elementor-element-fe68c1f elementor-widget-divider--view-line elementor-widget elementor-widget-divider\" data-id=\"fe68c1f\" data-element_type=\"widget\" data-widget_type=\"divider.default\">\n\t\t\t\t<div class=\"elementor-widget-container\">\n\t\t\t\t\t<div class=\"elementor-divider\">\n\t\t\t<span class=\"elementor-divider-separator\">\n\t\t\t\t\t\t<\/span>\n\t\t<\/div>\n\t\t\t\t<\/div>\n\t\t\t\t<\/div>\n\t\t\t\t\t<\/div>\n\t\t<\/div>\n\t\t\t\t\t\t\t<\/div>\n\t\t<\/section>\n\t\t\t\t<section class=\"elementor-section elementor-top-section elementor-element elementor-element-0a2612a elementor-section-boxed elementor-section-height-default elementor-section-height-default\" data-id=\"0a2612a\" data-element_type=\"section\">\n\t\t\t\t\t\t<div class=\"elementor-container elementor-column-gap-default\">\n\t\t\t\t\t<div class=\"elementor-column elementor-col-100 elementor-top-column elementor-element elementor-element-c8ab7ce\" data-id=\"c8ab7ce\" data-element_type=\"column\">\n\t\t\t<div class=\"elementor-widget-wrap elementor-element-populated\">\n\t\t\t\t\t\t\t\t<div class=\"elementor-element elementor-element-90029ee elementor-widget elementor-widget-image\" data-id=\"90029ee\" data-element_type=\"widget\" data-widget_type=\"image.default\">\n\t\t\t\t<div class=\"elementor-widget-container\">\n\t\t\t<style>\/*! elementor - v3.5.2 - 22-12-2021 *\/\n.elementor-widget-image{text-align:center}.elementor-widget-image a{display:inline-block}.elementor-widget-image a img[src$=\".svg\"]{width:48px}.elementor-widget-image img{vertical-align:middle;display:inline-block}<\/style>\t\t\t\t\t\t\t\t\t\t\t\t<img loading=\"lazy\" decoding=\"async\" width=\"912\" height=\"636\" src=\"http:\/\/misionjosegregoriohernandez.gob.ve\/wp-content\/uploads\/2025\/12\/Objetivos-Estrategicos-visual-selection.png\" class=\"attachment-large size-large\" alt=\"\" srcset=\"http:\/\/misionjosegregoriohernandez.gob.ve\/wp-content\/uploads\/2025\/12\/Objetivos-Estrategicos-visual-selection.png 912w, http:\/\/misionjosegregoriohernandez.gob.ve\/wp-content\/uploads\/2025\/12\/Objetivos-Estrategicos-visual-selection-300x209.png 300w, http:\/\/misionjosegregoriohernandez.gob.ve\/wp-content\/uploads\/2025\/12\/Objetivos-Estrategicos-visual-selection-768x536.png 768w\" sizes=\"(max-width: 912px) 100vw, 912px\" \/>\t\t\t\t\t\t\t\t\t\t\t\t\t\t\t<\/div>\n\t\t\t\t<\/div>\n\t\t\t\t\t<\/div>\n\t\t<\/div>\n\t\t\t\t\t\t\t<\/div>\n\t\t<\/section>\n\t\t\t\t<section class=\"elementor-section elementor-top-section elementor-element elementor-element-2fa4212 elementor-section-boxed elementor-section-height-default elementor-section-height-default\" data-id=\"2fa4212\" data-element_type=\"section\">\n\t\t\t\t\t\t<div class=\"elementor-container elementor-column-gap-default\">\n\t\t\t\t\t<div class=\"elementor-column elementor-col-100 elementor-top-column elementor-element elementor-element-4536beb\" data-id=\"4536beb\" data-element_type=\"column\">\n\t\t\t<div class=\"elementor-widget-wrap elementor-element-populated\">\n\t\t\t\t\t\t\t\t<div class=\"elementor-element elementor-element-cd091f8 elementor-widget-divider--view-line elementor-widget elementor-widget-divider\" data-id=\"cd091f8\" data-element_type=\"widget\" data-widget_type=\"divider.default\">\n\t\t\t\t<div class=\"elementor-widget-container\">\n\t\t\t\t\t<div class=\"elementor-divider\">\n\t\t\t<span class=\"elementor-divider-separator\">\n\t\t\t\t\t\t<\/span>\n\t\t<\/div>\n\t\t\t\t<\/div>\n\t\t\t\t<\/div>\n\t\t\t\t\t<\/div>\n\t\t<\/div>\n\t\t\t\t\t\t\t<\/div>\n\t\t<\/section>\n\t\t\t\t<section class=\"elementor-section elementor-top-section elementor-element elementor-element-9dcb483 elementor-section-boxed elementor-section-height-default elementor-section-height-default\" data-id=\"9dcb483\" data-element_type=\"section\">\n\t\t\t\t\t\t<div class=\"elementor-container elementor-column-gap-default\">\n\t\t\t\t\t<div class=\"elementor-column elementor-col-100 elementor-top-column elementor-element elementor-element-81e519a\" data-id=\"81e519a\" data-element_type=\"column\">\n\t\t\t<div class=\"elementor-widget-wrap elementor-element-populated\">\n\t\t\t\t\t\t\t\t<div class=\"elementor-element elementor-element-9e53825 elementor-widget elementor-widget-image\" data-id=\"9e53825\" data-element_type=\"widget\" data-widget_type=\"image.default\">\n\t\t\t\t<div class=\"elementor-widget-container\">\n\t\t\t\t\t\t\t\t\t\t\t\t\t\t\t<img loading=\"lazy\" decoding=\"async\" width=\"1024\" height=\"576\" src=\"http:\/\/misionjosegregoriohernandez.gob.ve\/wp-content\/uploads\/2024\/03\/planestrategicoinstitucional-1024x576-1.png\" class=\"attachment-large size-large\" alt=\"\" srcset=\"http:\/\/misionjosegregoriohernandez.gob.ve\/wp-content\/uploads\/2024\/03\/planestrategicoinstitucional-1024x576-1.png 1024w, http:\/\/misionjosegregoriohernandez.gob.ve\/wp-content\/uploads\/2024\/03\/planestrategicoinstitucional-1024x576-1-300x169.png 300w, http:\/\/misionjosegregoriohernandez.gob.ve\/wp-content\/uploads\/2024\/03\/planestrategicoinstitucional-1024x576-1-768x432.png 768w\" sizes=\"(max-width: 1024px) 100vw, 1024px\" \/>\t\t\t\t\t\t\t\t\t\t\t\t\t\t\t<\/div>\n\t\t\t\t<\/div>\n\t\t\t\t\t<\/div>\n\t\t<\/div>\n\t\t\t\t\t\t\t<\/div>\n\t\t<\/section>\n\t\t\t\t\t\t<\/div>\n\t\t\t\t\t<\/div>\n\t\t<div class=\"gsp_post_data\" data-post_type=\"page\" data-cat=\"\" data-modified=\"120\" data-title=\"Quienes somos Misi\u00f3n Visi\u00f3n y Objetivos\" data-home=\"http:\/\/misionjosegregoriohernandez.gob.ve\"><\/div>","protected":false},"excerpt":{"rendered":"<p>Misi\u00f3n: Apostamos a la potencialidad de las personas con discapacidad a trav\u00e9s de la ejecuci\u00f3n y promoci\u00f3n de pol\u00edticas p\u00fablicas para la atenci\u00f3n integral a personas con discapacidad, sus familiares, y la comunidad para&#46;&#46;&#46;<\/p>\n","protected":false},"author":1,"featured_media":0,"parent":0,"menu_order":0,"comment_status":"closed","ping_status":"closed","template":"","meta":{"footnotes":""},"_links":{"self":[{"href":"http:\/\/misionjosegregoriohernandez.gob.ve\/index.php?rest_route=\/wp\/v2\/pages\/120"}],"collection":[{"href":"http:\/\/misionjosegregoriohernandez.gob.ve\/index.php?rest_route=\/wp\/v2\/pages"}],"about":[{"href":"http:\/\/misionjosegregoriohernandez.gob.ve\/index.php?rest_route=\/wp\/v2\/types\/page"}],"author":[{"embeddable":true,"href":"http:\/\/misionjosegregoriohernandez.gob.ve\/index.php?rest_route=\/wp\/v2\/users\/1"}],"replies":[{"embeddable":true,"href":"http:\/\/misionjosegregoriohernandez.gob.ve\/index.php?rest_route=%2Fwp%2Fv2%2Fcomments&post=120"}],"version-history":[{"count":162,"href":"http:\/\/misionjosegregoriohernandez.gob.ve\/index.php?rest_route=\/wp\/v2\/pages\/120\/revisions"}],"predecessor-version":[{"id":12026,"href":"http:\/\/misionjosegregoriohernandez.gob.ve\/index.php?rest_route=\/wp\/v2\/pages\/120\/revisions\/12026"}],"wp:attachment":[{"href":"http:\/\/misionjosegregoriohernandez.gob.ve\/index.php?rest_route=%2Fwp%2Fv2%2Fmedia&parent=120"}],"curies":[{"name":"wp","href":"https:\/\/api.w.org\/{rel}","templated":true}]}}