{"id":10161,"date":"2025-12-19T09:56:32","date_gmt":"2025-12-19T13:56:32","guid":{"rendered":"http:\/\/misionjosegregoriohernandez.gob.ve\/?page_id=10161"},"modified":"2026-03-17T09:23:14","modified_gmt":"2026-03-17T13:23:14","slug":"nuestros-servicios-servicios-ofrecidos","status":"publish","type":"page","link":"http:\/\/misionjosegregoriohernandez.gob.ve\/?page_id=10161","title":{"rendered":"Servicios y tr\u00e1mites"},"content":{"rendered":"\t\t<div data-elementor-type=\"wp-page\" data-elementor-id=\"10161\" class=\"elementor elementor-10161\" data-elementor-settings=\"[]\">\n\t\t\t\t\t\t\t<div class=\"elementor-section-wrap\">\n\t\t\t\t\t\t\t<section class=\"elementor-section elementor-top-section elementor-element elementor-element-7bc5134 elementor-section-boxed elementor-section-height-default elementor-section-height-default\" data-id=\"7bc5134\" data-element_type=\"section\">\n\t\t\t\t\t\t<div class=\"elementor-container elementor-column-gap-default\">\n\t\t\t\t\t<div class=\"elementor-column elementor-col-100 elementor-top-column elementor-element elementor-element-82cb0f9\" data-id=\"82cb0f9\" data-element_type=\"column\">\n\t\t\t<div class=\"elementor-widget-wrap elementor-element-populated\">\n\t\t\t\t\t\t\t\t<div class=\"elementor-element elementor-element-64df962 elementor-widget elementor-widget-image\" data-id=\"64df962\" data-element_type=\"widget\" data-widget_type=\"image.default\">\n\t\t\t\t<div class=\"elementor-widget-container\">\n\t\t\t<style>\/*! elementor - v3.5.2 - 22-12-2021 *\/\n.elementor-widget-image{text-align:center}.elementor-widget-image a{display:inline-block}.elementor-widget-image a img[src$=\".svg\"]{width:48px}.elementor-widget-image img{vertical-align:middle;display:inline-block}<\/style>\t\t\t\t\t\t\t\t\t\t\t\t<img loading=\"lazy\" decoding=\"async\" width=\"1024\" height=\"559\" src=\"http:\/\/misionjosegregoriohernandez.gob.ve\/wp-content\/uploads\/2026\/03\/Gemini_Generated_Image_blf8hablf8hablf8-1024x559.png\" class=\"attachment-large size-large\" alt=\"\" srcset=\"http:\/\/misionjosegregoriohernandez.gob.ve\/wp-content\/uploads\/2026\/03\/Gemini_Generated_Image_blf8hablf8hablf8-1024x559.png 1024w, http:\/\/misionjosegregoriohernandez.gob.ve\/wp-content\/uploads\/2026\/03\/Gemini_Generated_Image_blf8hablf8hablf8-300x164.png 300w, http:\/\/misionjosegregoriohernandez.gob.ve\/wp-content\/uploads\/2026\/03\/Gemini_Generated_Image_blf8hablf8hablf8-768x419.png 768w, http:\/\/misionjosegregoriohernandez.gob.ve\/wp-content\/uploads\/2026\/03\/Gemini_Generated_Image_blf8hablf8hablf8.png 1408w\" sizes=\"(max-width: 1024px) 100vw, 1024px\" \/>\t\t\t\t\t\t\t\t\t\t\t\t\t\t\t<\/div>\n\t\t\t\t<\/div>\n\t\t\t\t\t<\/div>\n\t\t<\/div>\n\t\t\t\t\t\t\t<\/div>\n\t\t<\/section>\n\t\t\t\t<section class=\"elementor-section elementor-top-section elementor-element elementor-element-cd0b44d elementor-section-boxed elementor-section-height-default elementor-section-height-default\" data-id=\"cd0b44d\" data-element_type=\"section\">\n\t\t\t\t\t\t<div class=\"elementor-container elementor-column-gap-default\">\n\t\t\t\t\t<div class=\"elementor-column elementor-col-100 elementor-top-column elementor-element elementor-element-2076a36\" data-id=\"2076a36\" data-element_type=\"column\">\n\t\t\t<div class=\"elementor-widget-wrap elementor-element-populated\">\n\t\t\t\t\t\t\t\t<div class=\"elementor-element elementor-element-ff31c23 elementor-widget elementor-widget-text-editor\" data-id=\"ff31c23\" data-element_type=\"widget\" data-widget_type=\"text-editor.default\">\n\t\t\t\t<div class=\"elementor-widget-container\">\n\t\t\t<style>\/*! elementor - v3.5.2 - 22-12-2021 *\/\n.elementor-widget-text-editor.elementor-drop-cap-view-stacked .elementor-drop-cap{background-color:#818a91;color:#fff}.elementor-widget-text-editor.elementor-drop-cap-view-framed .elementor-drop-cap{color:#818a91;border:3px solid;background-color:transparent}.elementor-widget-text-editor:not(.elementor-drop-cap-view-default) .elementor-drop-cap{margin-top:8px}.elementor-widget-text-editor:not(.elementor-drop-cap-view-default) .elementor-drop-cap-letter{width:1em;height:1em}.elementor-widget-text-editor .elementor-drop-cap{float:left;text-align:center;line-height:1;font-size:50px}.elementor-widget-text-editor .elementor-drop-cap-letter{display:inline-block}<\/style>\t\t\t\t<h2 class=\"fittexted_for_content_h2\" style=\"text-align: center;\" data-cya11y-org-font-size=\"30\">Servicios Disponibles<\/h2><p style=\"text-align: center;\" data-cya11y-org-font-size=\"22\">Seleccione el servicio de su inter\u00e9s para conocer los requisitos y realizar su solicitud.<\/p>\t\t\t\t\t\t<\/div>\n\t\t\t\t<\/div>\n\t\t\t\t\t<\/div>\n\t\t<\/div>\n\t\t\t\t\t\t\t<\/div>\n\t\t<\/section>\n\t\t\t\t<section class=\"elementor-section elementor-top-section elementor-element elementor-element-cf13703 elementor-section-boxed elementor-section-height-default elementor-section-height-default\" data-id=\"cf13703\" data-element_type=\"section\">\n\t\t\t\t\t\t<div class=\"elementor-container elementor-column-gap-default\">\n\t\t\t\t\t<div class=\"elementor-column elementor-col-50 elementor-top-column elementor-element elementor-element-13bc641\" data-id=\"13bc641\" data-element_type=\"column\">\n\t\t\t<div class=\"elementor-widget-wrap elementor-element-populated\">\n\t\t\t\t\t\t\t\t<div class=\"elementor-element elementor-element-04aeb81 elementor-widget elementor-widget-text-editor\" data-id=\"04aeb81\" data-element_type=\"widget\" data-widget_type=\"text-editor.default\">\n\t\t\t\t<div class=\"elementor-widget-container\">\n\t\t\t\t\t\t\t<h3 class=\"siddai-service-title\"><img loading=\"lazy\" decoding=\"async\" class=\"wp-image-16011 alignleft\" src=\"http:\/\/misionjosegregoriohernandez.gob.ve\/wp-content\/uploads\/2026\/03\/iconoayudahumana.png\" alt=\"\" width=\"50\" height=\"50\" srcset=\"http:\/\/misionjosegregoriohernandez.gob.ve\/wp-content\/uploads\/2026\/03\/iconoayudahumana.png 148w, http:\/\/misionjosegregoriohernandez.gob.ve\/wp-content\/uploads\/2026\/03\/iconoayudahumana-80x80.png 80w\" sizes=\"(max-width: 50px) 100vw, 50px\" \/><\/h3><h4><strong>Programa de Ayudas Humanas: Inclusi\u00f3n y Autonom\u00eda<\/strong><\/h4><p class=\"ds-markdown-paragraph\">Creemos en un mundo donde todos puedan moverse y participar plenamente. Por eso, facilitamos el acceso a ayudas t\u00e9cnicas que eliminan barreras y mejoran tu independencia.\u00a0 <strong>Nuestras ayudas disponibles:<\/strong><\/p><ul><li><p class=\"ds-markdown-paragraph\">\ud83e\uddbd <strong>Sillas de ruedas:<\/strong>\u00a0\ud83e\ude7c <strong>Muletas y andaderas:<\/strong>\u00a0<\/p><\/li><li><p class=\"ds-markdown-paragraph\">\ud83e\uddaf <strong>Bastones:<\/strong>\u00a0\u267f <strong>Dispositivos de accesibilidad:<\/strong>\u00a0<\/p><\/li><\/ul><p><a href=\"http:\/\/misionjosegregoriohernandez.gob.ve\/?page_id=15824\"><button class=\"siddai-service-btn\"><strong>Solicitar<\/strong><\/button><\/a><\/p>\t\t\t\t\t\t<\/div>\n\t\t\t\t<\/div>\n\t\t\t\t\t<\/div>\n\t\t<\/div>\n\t\t\t\t<div class=\"elementor-column elementor-col-50 elementor-top-column elementor-element elementor-element-221c382\" data-id=\"221c382\" data-element_type=\"column\">\n\t\t\t<div class=\"elementor-widget-wrap elementor-element-populated\">\n\t\t\t\t\t\t\t\t<div class=\"elementor-element elementor-element-414ebfa elementor-widget elementor-widget-text-editor\" data-id=\"414ebfa\" data-element_type=\"widget\" data-widget_type=\"text-editor.default\">\n\t\t\t\t<div class=\"elementor-widget-container\">\n\t\t\t\t\t\t\t<h3 class=\"siddai-service-title\"><img loading=\"lazy\" decoding=\"async\" class=\"wp-image-16015 alignleft\" src=\"http:\/\/misionjosegregoriohernandez.gob.ve\/wp-content\/uploads\/2026\/03\/iconoortesisyprotesis.jpeg\" alt=\"\" width=\"47\" height=\"47\" srcset=\"http:\/\/misionjosegregoriohernandez.gob.ve\/wp-content\/uploads\/2026\/03\/iconoortesisyprotesis.jpeg 296w, http:\/\/misionjosegregoriohernandez.gob.ve\/wp-content\/uploads\/2026\/03\/iconoortesisyprotesis-150x150.jpeg 150w, http:\/\/misionjosegregoriohernandez.gob.ve\/wp-content\/uploads\/2026\/03\/iconoortesisyprotesis-80x80.jpeg 80w\" sizes=\"(max-width: 47px) 100vw, 47px\" \/><\/h3><h4><strong>Servicio de \u00d3rtesis y Pr\u00f3tesis: Movilidad y Bienestar<\/strong><\/h4><p class=\"siddai-service-title\">Brindamos atenci\u00f3n especializada para la evaluaci\u00f3n, dise\u00f1o y adaptaci\u00f3n de dispositivos externos que mejoran tu funcionalidad y calidad de vida. Trabajamos con tecnolog\u00eda de \u00faltima generaci\u00f3n y materiales de alta calidad para garantizar comodidad, durabilidad y un ajuste perfecto a tus necesidades.<\/p><p class=\"siddai-service-title\"><a href=\"http:\/\/misionjosegregoriohernandez.gob.ve\/?page_id=6655\"><button class=\"siddai-service-btn\">Solicitar<\/button><\/a><\/p>\t\t\t\t\t\t<\/div>\n\t\t\t\t<\/div>\n\t\t\t\t\t<\/div>\n\t\t<\/div>\n\t\t\t\t\t\t\t<\/div>\n\t\t<\/section>\n\t\t\t\t<section class=\"elementor-section elementor-top-section elementor-element elementor-element-8110ab0 elementor-section-boxed elementor-section-height-default elementor-section-height-default\" data-id=\"8110ab0\" data-element_type=\"section\">\n\t\t\t\t\t\t<div class=\"elementor-container elementor-column-gap-default\">\n\t\t\t\t\t<div class=\"elementor-column elementor-col-50 elementor-top-column elementor-element elementor-element-68e166b\" data-id=\"68e166b\" data-element_type=\"column\">\n\t\t\t<div class=\"elementor-widget-wrap elementor-element-populated\">\n\t\t\t\t\t\t\t\t<div class=\"elementor-element elementor-element-1bcf7ff elementor-widget elementor-widget-text-editor\" data-id=\"1bcf7ff\" data-element_type=\"widget\" data-widget_type=\"text-editor.default\">\n\t\t\t\t<div class=\"elementor-widget-container\">\n\t\t\t\t\t\t\t<h3 class=\"siddai-service-title\"><img loading=\"lazy\" decoding=\"async\" class=\"wp-image-13123 alignleft\" src=\"http:\/\/misionjosegregoriohernandez.gob.ve\/wp-content\/uploads\/2026\/02\/fisioterapia.png\" alt=\"\" width=\"68\" height=\"68\" srcset=\"http:\/\/misionjosegregoriohernandez.gob.ve\/wp-content\/uploads\/2026\/02\/fisioterapia.png 225w, http:\/\/misionjosegregoriohernandez.gob.ve\/wp-content\/uploads\/2026\/02\/fisioterapia-150x150.png 150w, http:\/\/misionjosegregoriohernandez.gob.ve\/wp-content\/uploads\/2026\/02\/fisioterapia-80x80.png 80w\" sizes=\"(max-width: 68px) 100vw, 68px\" \/><\/h3><h3 class=\"siddai-service-title\">Servicios de Fisiatr\u00eda y Rehabilitaci\u00f3n.<\/h3><p><strong>Nuestros servicios :<\/strong><\/p><div class=\"siddai-service-features\"><p class=\"ds-markdown-paragraph\"><strong>Fisioterapia:<\/strong> Recupera tu movilidad, alivia el dolor y fortalece tu cuerpo con tratamientos personalizados.<\/p><p class=\"ds-markdown-paragraph\"><strong>Terapia Ocupacional:<\/strong> Redescubre tu independencia en las actividades diarias. Te ayudamos a adaptar tu vida a tus capacidades.<a href=\"http:\/\/misionjosegregoriohernandez.gob.ve\/?page_id=6598\"><button class=\"siddai-service-btn\">Solicitar<\/button><\/a><\/p><\/div>\t\t\t\t\t\t<\/div>\n\t\t\t\t<\/div>\n\t\t\t\t\t<\/div>\n\t\t<\/div>\n\t\t\t\t<div class=\"elementor-column elementor-col-50 elementor-top-column elementor-element elementor-element-520ed1f\" data-id=\"520ed1f\" data-element_type=\"column\">\n\t\t\t<div class=\"elementor-widget-wrap elementor-element-populated\">\n\t\t\t\t\t\t\t\t<div class=\"elementor-element elementor-element-d0bc184 elementor-widget elementor-widget-text-editor\" data-id=\"d0bc184\" data-element_type=\"widget\" data-widget_type=\"text-editor.default\">\n\t\t\t\t<div class=\"elementor-widget-container\">\n\t\t\t\t\t\t\t<h3 class=\"siddai-service-title fittexted_for_content_h3\" data-cya11y-org-font-size=\"38\"><img loading=\"lazy\" decoding=\"async\" class=\"wp-image-3029 alignleft tc-smart-loaded\" src=\"http:\/\/misionjosegregoriohernandez.gob.ve\/wp-content\/uploads\/2024\/03\/Audiologia-150x150-1.png\" sizes=\"(max-width: 97px) 100vw, 97px\" srcset=\"http:\/\/misionjosegregoriohernandez.gob.ve\/wp-content\/uploads\/2024\/03\/Audiologia-150x150-1.png 150w, http:\/\/misionjosegregoriohernandez.gob.ve\/wp-content\/uploads\/2024\/03\/Audiologia-150x150-1-80x80.png 80w\" alt=\"\" width=\"97\" height=\"97\" \/><\/h3><h3 class=\"siddai-service-title\">Atenci\u00f3n Audiologia<\/h3><p class=\"siddai-service-desc\">Nuestra unidad de Audiolog\u00eda ofrece un abordaje completo para la prevenci\u00f3n, detecci\u00f3n y tratamiento de los trastornos auditivos y del equilibrio. Entendemos que la audici\u00f3n es clave para tu comunicaci\u00f3n y bienestar general.<\/p><div class=\"siddai-service-features\"><p><a href=\"http:\/\/misionjosegregoriohernandez.gob.ve\/?page_id=391\"><button class=\"siddai-service-btn\">Solicitar<\/button><\/a>Audiolog\u00eda<\/p><\/div>\t\t\t\t\t\t<\/div>\n\t\t\t\t<\/div>\n\t\t\t\t\t<\/div>\n\t\t<\/div>\n\t\t\t\t\t\t\t<\/div>\n\t\t<\/section>\n\t\t\t\t<section class=\"elementor-section elementor-top-section elementor-element elementor-element-8999be5 elementor-section-boxed elementor-section-height-default elementor-section-height-default\" data-id=\"8999be5\" data-element_type=\"section\">\n\t\t\t\t\t\t<div class=\"elementor-container elementor-column-gap-default\">\n\t\t\t\t\t<div class=\"elementor-column elementor-col-100 elementor-top-column elementor-element elementor-element-4e92ab4\" data-id=\"4e92ab4\" data-element_type=\"column\">\n\t\t\t<div class=\"elementor-widget-wrap elementor-element-populated\">\n\t\t\t\t\t\t\t\t<div class=\"elementor-element elementor-element-292b558 elementor-widget elementor-widget-text-editor\" data-id=\"292b558\" data-element_type=\"widget\" data-widget_type=\"text-editor.default\">\n\t\t\t\t<div class=\"elementor-widget-container\">\n\t\t\t\t\t\t\t<h3 style=\"text-align: center;\"><span style=\"color: #000000;\"><strong>\u26a0\ufe0f INFORMACI\u00d3N ESENCIAL<\/strong><\/span><\/h3><p style=\"text-align: center;\"><span style=\"color: #000000;\"><strong>Tu bienestar y la protecci\u00f3n de tus derechos son nuestra m\u00e1xima prioridad.<\/strong><\/span><\/p>\t\t\t\t\t\t<\/div>\n\t\t\t\t<\/div>\n\t\t\t\t\t<\/div>\n\t\t<\/div>\n\t\t\t\t\t\t\t<\/div>\n\t\t<\/section>\n\t\t\t\t<section class=\"elementor-section elementor-top-section elementor-element elementor-element-d197757 elementor-section-boxed elementor-section-height-default elementor-section-height-default\" data-id=\"d197757\" data-element_type=\"section\">\n\t\t\t\t\t\t<div class=\"elementor-container elementor-column-gap-default\">\n\t\t\t\t\t<div class=\"elementor-column elementor-col-100 elementor-top-column elementor-element elementor-element-b342411\" data-id=\"b342411\" data-element_type=\"column\">\n\t\t\t<div class=\"elementor-widget-wrap elementor-element-populated\">\n\t\t\t\t\t\t\t\t<div class=\"elementor-element elementor-element-41fcdbe elementor-widget elementor-widget-text-editor\" data-id=\"41fcdbe\" data-element_type=\"widget\" data-widget_type=\"text-editor.default\">\n\t\t\t\t<div class=\"elementor-widget-container\">\n\t\t\t\t\t\t\t<p class=\"svelte-121hp7c\" dir=\"auto\"><span dir=\"auto\">\u2705 <strong>Servicio 100% Gratuito<\/strong> Todos nuestros servicios son completamente gratuitos. <strong>No realiza ning\u00fan pago.<\/strong> Si alguien te solicita dinero a cambio de gesti\u00f3n, es una irregularidad.<\/span><\/p><p class=\"svelte-121hp7c\" dir=\"auto\"><span dir=\"auto\">\ud83d\udccb <strong>Documentaci\u00f3n Requerida<\/strong> Es indispensable presentar certificaci\u00f3n m\u00e9dica actualizada que acredite fehacientemente la condici\u00f3n de discapacidad.<\/span><\/p><p class=\"svelte-121hp7c\" dir=\"auto\"><span dir=\"auto\">\ud83d\udc64 <strong>Gesti\u00f3n Personal<\/strong> No trabajamos con gestores externos ni intermediarios. El tr\u00e1mite debe realizarlo <strong>exclusivamente el titular o su representante legal<\/strong> .<\/span><\/p><p class=\"svelte-121hp7c\" dir=\"auto\"><span dir=\"auto\">\ud83d\udd12 <strong>Confidencialidad Garantizada<\/strong> Tus datos personales y registros m\u00e9dicos est\u00e1n resguardos bajo estrictas normas de privacidad.<\/span><\/p><p>.<\/p>\t\t\t\t\t\t<\/div>\n\t\t\t\t<\/div>\n\t\t\t\t\t<\/div>\n\t\t<\/div>\n\t\t\t\t\t\t\t<\/div>\n\t\t<\/section>\n\t\t\t\t<section class=\"elementor-section elementor-top-section elementor-element elementor-element-056cc90 elementor-section-boxed elementor-section-height-default elementor-section-height-default\" data-id=\"056cc90\" data-element_type=\"section\">\n\t\t\t\t\t\t<div class=\"elementor-container elementor-column-gap-default\">\n\t\t\t\t\t<div class=\"elementor-column elementor-col-100 elementor-top-column elementor-element elementor-element-9bd5bde\" data-id=\"9bd5bde\" data-element_type=\"column\">\n\t\t\t<div class=\"elementor-widget-wrap elementor-element-populated\">\n\t\t\t\t\t\t\t\t<div class=\"elementor-element elementor-element-bcf9725 elementor-widget elementor-widget-text-editor\" data-id=\"bcf9725\" data-element_type=\"widget\" data-widget_type=\"text-editor.default\">\n\t\t\t\t<div class=\"elementor-widget-container\">\n\t\t\t\t\t\t\t<p data-path-to-node=\"30\"><span style=\"color: #ffffff;\"><strong>\u00a0Venezuela Inclusiva es Posible<\/strong><\/span><\/p><p data-path-to-node=\"31\"><span style=\"color: #ffffff;\"><strong>En la Fundaci\u00f3n Misi\u00f3n Jos\u00e9 Gregorio Hern\u00e1ndez, creemos que la discapacidad es una faceta de la diversidad humana. Nuestro compromiso es derribar barreras para<\/strong> <strong>construir juntos un pa\u00eds donde el apoyo mutuo sea la base del progreso<\/strong>.<\/span><\/p>\t\t\t\t\t\t<\/div>\n\t\t\t\t<\/div>\n\t\t\t\t\t<\/div>\n\t\t<\/div>\n\t\t\t\t\t\t\t<\/div>\n\t\t<\/section>\n\t\t\t\t\t\t<\/div>\n\t\t\t\t\t<\/div>\n\t\t<div class=\"gsp_post_data\" data-post_type=\"page\" data-cat=\"\" data-modified=\"120\" data-title=\"Servicios y tr\u00e1mites\" data-home=\"http:\/\/misionjosegregoriohernandez.gob.ve\"><\/div>","protected":false},"excerpt":{"rendered":"<p>Servicios Disponibles Seleccione el servicio de su inter\u00e9s para conocer los requisitos y realizar su solicitud. Programa de Ayudas Humanas: Inclusi\u00f3n y Autonom\u00eda Creemos en un mundo donde todos puedan moverse y participar plenamente.&#46;&#46;&#46;<\/p>\n","protected":false},"author":1,"featured_media":0,"parent":0,"menu_order":0,"comment_status":"closed","ping_status":"closed","template":"","meta":{"footnotes":""},"_links":{"self":[{"href":"http:\/\/misionjosegregoriohernandez.gob.ve\/index.php?rest_route=\/wp\/v2\/pages\/10161"}],"collection":[{"href":"http:\/\/misionjosegregoriohernandez.gob.ve\/index.php?rest_route=\/wp\/v2\/pages"}],"about":[{"href":"http:\/\/misionjosegregoriohernandez.gob.ve\/index.php?rest_route=\/wp\/v2\/types\/page"}],"author":[{"embeddable":true,"href":"http:\/\/misionjosegregoriohernandez.gob.ve\/index.php?rest_route=\/wp\/v2\/users\/1"}],"replies":[{"embeddable":true,"href":"http:\/\/misionjosegregoriohernandez.gob.ve\/index.php?rest_route=%2Fwp%2Fv2%2Fcomments&post=10161"}],"version-history":[{"count":1367,"href":"http:\/\/misionjosegregoriohernandez.gob.ve\/index.php?rest_route=\/wp\/v2\/pages\/10161\/revisions"}],"predecessor-version":[{"id":16670,"href":"http:\/\/misionjosegregoriohernandez.gob.ve\/index.php?rest_route=\/wp\/v2\/pages\/10161\/revisions\/16670"}],"wp:attachment":[{"href":"http:\/\/misionjosegregoriohernandez.gob.ve\/index.php?rest_route=%2Fwp%2Fv2%2Fmedia&parent=10161"}],"curies":[{"name":"wp","href":"https:\/\/api.w.org\/{rel}","templated":true}]}}